{"id":220514,"date":"2022-09-29T16:15:59","date_gmt":"2022-09-29T14:15:59","guid":{"rendered":"https:\/\/lediamant.ch\/produit\/unkategorisiert\/balmain-classic-r-30-mm-6\/"},"modified":"2025-11-14T13:19:38","modified_gmt":"2025-11-14T12:19:38","slug":"balmain-classic-r-30-mm-6","status":"publish","type":"product","link":"https:\/\/lediamant.ch\/de\/uhren\/220514-balmain-classic-r-30-mm-6-b41113112\/","title":{"rendered":"Balmain Classic R 30mm"},"content":{"rendered":"<p>Die Balmain Classic R ist eine anmutige Damenuhr, die strahlende Eleganz mit einem modernen Design verbindet, das von der Pariser Haute Couture inspiriert ist. Das wei\u00dfe Zifferblatt mit Arabesken und klassischen r\u00f6mischen Ziffern verleiht ihr eine feminine und raffinierte Note, w\u00e4hrend das 30 mm Edelstahlgeh\u00e4use, das 6,50 mm Profil und das passende Armband f\u00fcr Raffinesse im Alltag sorgen. Dieser in der Schweiz hergestellte Zeitmesser ist mit einem Saphirglas ausgestattet.<\/p>\n","protected":false},"excerpt":{"rendered":"<p>Die Balmain Classic R ist eine anmutige Damenuhr, die strahlende Eleganz mit einem modernen Design verbindet, das von der Pariser Haute Couture inspiriert ist. Das wei\u00dfe Zifferblatt mit Arabesken und klassischen r\u00f6mischen Ziffern verleiht ihr eine feminine und raffinierte Note, w\u00e4hrend das 30 mm Edelstahlgeh\u00e4use, das 6,50 mm Profil und das passende Armband f\u00fcr Raffinesse &#8230; <a title=\"Balmain Classic R 30mm\" class=\"read-more\" href=\"https:\/\/lediamant.ch\/de\/uhren\/220514-balmain-classic-r-30-mm-6-b41113112\/\" aria-label=\"Mehr Informationen \u00fcber Balmain Classic R 30mm\">Weiterlesen &#8230;<\/a><\/p>\n","protected":false},"featured_media":223042,"template":"","meta":{"_acf_changed":false,"_seopress_robots_primary_cat":"27173","_seopress_titles_title":"","_seopress_titles_desc":"Die Balmain Classic R: eine Damenuhr, die Pariser Eleganz und modernes Design f\u00fcr einen raffinierten Stil im Alltag vereint.","_seopress_robots_index":""},"brand":[27083],"product_brand":[],"product_cat":[27173,27433,27123],"product_tag":[],"class_list":{"0":"post-220514","1":"product","2":"type-product","3":"status-publish","4":"has-post-thumbnail","6":"brand-balmain-de","7":"product_cat-balmain-de","8":"product_cat-classic-r-de","9":"product_cat-uhren","10":"pa_couleurduboitier-grau-de","11":"pa_couleurdubracelet-grau-de","12":"pa_couleurducadran-weiss","13":"pa_etancheite-50m-de","14":"pa_forme-runden","15":"pa_genre-frau","16":"pa_matiere-stahl","17":"pa_matierebraceletmontre-edelstahl","18":"pa_mouvement-quarzbatterie-de","19":"pa_swissmade-ja-de","20":"pa_verre-saphir-de","21":"sales-flash-overlay","22":"woocommerce-text-align-center","23":"woocommerce-image-align-center","24":"do-quantity-buttons","26":"first","27":"instock","28":"taxable","29":"shipping-taxable","30":"purchasable","31":"product-type-simple"},"acf":[],"_links":{"self":[{"href":"https:\/\/lediamant.ch\/de\/wp-json\/wp\/v2\/product\/220514","targetHints":{"allow":["GET"]}}],"collection":[{"href":"https:\/\/lediamant.ch\/de\/wp-json\/wp\/v2\/product"}],"about":[{"href":"https:\/\/lediamant.ch\/de\/wp-json\/wp\/v2\/types\/product"}],"wp:featuredmedia":[{"embeddable":true,"href":"https:\/\/lediamant.ch\/de\/wp-json\/wp\/v2\/media\/223042"}],"wp:attachment":[{"href":"https:\/\/lediamant.ch\/de\/wp-json\/wp\/v2\/media?parent=220514"}],"wp:term":[{"taxonomy":"brand","embeddable":true,"href":"https:\/\/lediamant.ch\/de\/wp-json\/wp\/v2\/brand?post=220514"},{"taxonomy":"product_brand","embeddable":true,"href":"https:\/\/lediamant.ch\/de\/wp-json\/wp\/v2\/product_brand?post=220514"},{"taxonomy":"product_cat","embeddable":true,"href":"https:\/\/lediamant.ch\/de\/wp-json\/wp\/v2\/product_cat?post=220514"},{"taxonomy":"product_tag","embeddable":true,"href":"https:\/\/lediamant.ch\/de\/wp-json\/wp\/v2\/product_tag?post=220514"}],"curies":[{"name":"wp","href":"https:\/\/api.w.org\/{rel}","templated":true}]}}