{"id":220518,"date":"2023-03-29T16:21:58","date_gmt":"2023-03-29T14:21:58","guid":{"rendered":"https:\/\/lediamant.ch\/produit\/unkategorisiert\/balmain-de-balmain-29-mm-diamonds-3\/"},"modified":"2025-11-14T11:31:39","modified_gmt":"2025-11-14T10:31:39","slug":"balmain-de-balmain-29-mm-diamonds-3","status":"publish","type":"product","link":"https:\/\/lediamant.ch\/de\/uhren\/220518-balmain-de-balmain-29-mm-diamonds-3-b39163382\/","title":{"rendered":"Balmain de Balmain Diamonds 29mm"},"content":{"rendered":"<p>Die Balmain de Balmain ist eine elegante Damenuhr, die ein strahlendes Design mit dem Geist der Pariser Haute Couture verbindet. Ihr wei\u00dfes Perlmuttzifferblatt mit 56 Top Wesselton W-SI Diamanten von insgesamt 0,221 Karat und klassischen r\u00f6mischen Ziffern verleiht der Uhr einen selbstbewussten Touch. Das 29 mm Edelstahlgeh\u00e4use mit seinem raffinierten 6,00 mm Profil und dem Edelstahlarmband bietet einen eleganten Stil f\u00fcr den Alltag. Diese in der Schweiz hergestellte Uhr ist mit einem Saphirglas ausgestattet.<\/p>\n","protected":false},"excerpt":{"rendered":"<p>Die Balmain de Balmain ist eine elegante Damenuhr, die ein strahlendes Design mit dem Geist der Pariser Haute Couture verbindet. Ihr wei\u00dfes Perlmuttzifferblatt mit 56 Top Wesselton W-SI Diamanten von insgesamt 0,221 Karat und klassischen r\u00f6mischen Ziffern verleiht der Uhr einen selbstbewussten Touch. Das 29 mm Edelstahlgeh\u00e4use mit seinem raffinierten 6,00 mm Profil und dem &#8230; <a title=\"Balmain de Balmain Diamonds 29mm\" class=\"read-more\" href=\"https:\/\/lediamant.ch\/de\/uhren\/220518-balmain-de-balmain-29-mm-diamonds-3-b39163382\/\" aria-label=\"Mehr Informationen \u00fcber Balmain de Balmain Diamonds 29mm\">Weiterlesen &#8230;<\/a><\/p>\n","protected":false},"featured_media":223016,"template":"","meta":{"_acf_changed":false,"_seopress_robots_primary_cat":"27173","_seopress_titles_title":"","_seopress_titles_desc":"Eleganz und Luxus mit der Balmain von Balmain, einer Haute Couture Damenuhr mit Perlmutt Zifferblatt und Diamanten. Raffinierter Stil und Schweizer Substanz.","_seopress_robots_index":""},"brand":[27083],"product_brand":[],"product_cat":[27173,27403,27123],"product_tag":[],"class_list":{"0":"post-220518","1":"product","2":"type-product","3":"status-publish","4":"has-post-thumbnail","6":"brand-balmain-de","7":"product_cat-balmain-de","8":"product_cat-balmain-de-balmain-de","9":"product_cat-uhren","10":"pa_couleurduboitier-grau-de","11":"pa_couleurdubracelet-grau-de","12":"pa_couleurducadran-perlmutt","13":"pa_detail-de-s-pierres-s-56-diamanten-022ct","14":"pa_etancheite-50m-de","15":"pa_forme-runden","16":"pa_genre-frau","17":"pa_matiere-stahl","18":"pa_matierebraceletmontre-edelstahl","19":"pa_mouvement-quarzbatterie-de","20":"pa_swissmade-ja-de","21":"pa_typedemontre-uhrenmitdiamanten","22":"pa_verre-saphir-de","23":"sales-flash-overlay","24":"woocommerce-text-align-center","25":"woocommerce-image-align-center","26":"do-quantity-buttons","28":"first","29":"instock","30":"taxable","31":"shipping-taxable","32":"purchasable","33":"product-type-simple"},"acf":[],"_links":{"self":[{"href":"https:\/\/lediamant.ch\/de\/wp-json\/wp\/v2\/product\/220518","targetHints":{"allow":["GET"]}}],"collection":[{"href":"https:\/\/lediamant.ch\/de\/wp-json\/wp\/v2\/product"}],"about":[{"href":"https:\/\/lediamant.ch\/de\/wp-json\/wp\/v2\/types\/product"}],"wp:featuredmedia":[{"embeddable":true,"href":"https:\/\/lediamant.ch\/de\/wp-json\/wp\/v2\/media\/223016"}],"wp:attachment":[{"href":"https:\/\/lediamant.ch\/de\/wp-json\/wp\/v2\/media?parent=220518"}],"wp:term":[{"taxonomy":"brand","embeddable":true,"href":"https:\/\/lediamant.ch\/de\/wp-json\/wp\/v2\/brand?post=220518"},{"taxonomy":"product_brand","embeddable":true,"href":"https:\/\/lediamant.ch\/de\/wp-json\/wp\/v2\/product_brand?post=220518"},{"taxonomy":"product_cat","embeddable":true,"href":"https:\/\/lediamant.ch\/de\/wp-json\/wp\/v2\/product_cat?post=220518"},{"taxonomy":"product_tag","embeddable":true,"href":"https:\/\/lediamant.ch\/de\/wp-json\/wp\/v2\/product_tag?post=220518"}],"curies":[{"name":"wp","href":"https:\/\/api.w.org\/{rel}","templated":true}]}}