{"id":220520,"date":"2025-02-05T16:54:59","date_gmt":"2025-02-05T15:54:59","guid":{"rendered":"https:\/\/lediamant.ch\/produit\/unkategorisiert\/balmain-beleganza-27-50-mm-3\/"},"modified":"2025-11-05T18:07:48","modified_gmt":"2025-11-05T17:07:48","slug":"balmain-beleganza-27-50-mm-3","status":"publish","type":"product","link":"https:\/\/lediamant.ch\/de\/uhren\/220520-balmain-beleganza-27mm-b83413318\/","title":{"rendered":"Balmain Beleganza 27mm"},"content":{"rendered":"<p>Die Balmain Beleganza ist eine elegante Damenuhr, die ein k\u00fchnes Design mit dem Geist der Pariser Haute Couture verbindet. Ihr wei\u00dfes Zifferblatt mit klassischen Arabesken und r\u00f6mischen Ziffern verleiht ihr einen Hauch von Dynamik, w\u00e4hrend das 27,50 mm Edelstahlgeh\u00e4use, das robuste 6,40 mm Profil und das Edelstahlarmband ihr einen eleganten Stil f\u00fcr den Alltag verleihen. Diese Uhr wurde in der Schweiz hergestellt und ist mit einem Saphirglas ausgestattet.<\/p>\n","protected":false},"excerpt":{"rendered":"<p>Die Balmain Beleganza ist eine elegante Damenuhr, die ein k\u00fchnes Design mit dem Geist der Pariser Haute Couture verbindet. Ihr wei\u00dfes Zifferblatt mit klassischen Arabesken und r\u00f6mischen Ziffern verleiht ihr einen Hauch von Dynamik, w\u00e4hrend das 27,50 mm Edelstahlgeh\u00e4use, das robuste 6,40 mm Profil und das Edelstahlarmband ihr einen eleganten Stil f\u00fcr den Alltag verleihen. &#8230; <a title=\"Balmain Beleganza 27mm\" class=\"read-more\" href=\"https:\/\/lediamant.ch\/de\/uhren\/220520-balmain-beleganza-27mm-b83413318\/\" aria-label=\"Mehr Informationen \u00fcber Balmain Beleganza 27mm\">Weiterlesen &#8230;<\/a><\/p>\n","protected":false},"featured_media":222623,"template":"","meta":{"_acf_changed":false,"_seopress_robots_primary_cat":"27173","_seopress_titles_title":"","_seopress_titles_desc":"Entdecken Sie die Eleganz der Balmain Beleganza, einer Damenuhr mit Pariser Haute Couture Design, wei\u00dfem Zifferblatt und Stahlarmband.","_seopress_robots_index":""},"brand":[27083],"product_brand":[],"product_cat":[27173,27399,27123],"product_tag":[],"class_list":{"0":"post-220520","1":"product","2":"type-product","3":"status-publish","4":"has-post-thumbnail","6":"brand-balmain-de","7":"product_cat-balmain-de","8":"product_cat-beleganza-de","9":"product_cat-uhren","10":"pa_couleurduboitier-grau-de","11":"pa_couleurdubracelet-grau-de","12":"pa_couleurducadran-silber","13":"pa_etancheite-50m-de","14":"pa_forme-runden","15":"pa_genre-frau","16":"pa_matiere-stahl","17":"pa_matierebraceletmontre-edelstahl","18":"pa_mouvement-quarzbatterie-de","19":"pa_swissmade-ja-de","20":"pa_verre-saphir-de","21":"sales-flash-overlay","22":"woocommerce-text-align-center","23":"woocommerce-image-align-center","24":"do-quantity-buttons","26":"first","27":"instock","28":"taxable","29":"shipping-taxable","30":"purchasable","31":"product-type-simple"},"acf":[],"_links":{"self":[{"href":"https:\/\/lediamant.ch\/de\/wp-json\/wp\/v2\/product\/220520","targetHints":{"allow":["GET"]}}],"collection":[{"href":"https:\/\/lediamant.ch\/de\/wp-json\/wp\/v2\/product"}],"about":[{"href":"https:\/\/lediamant.ch\/de\/wp-json\/wp\/v2\/types\/product"}],"wp:featuredmedia":[{"embeddable":true,"href":"https:\/\/lediamant.ch\/de\/wp-json\/wp\/v2\/media\/222623"}],"wp:attachment":[{"href":"https:\/\/lediamant.ch\/de\/wp-json\/wp\/v2\/media?parent=220520"}],"wp:term":[{"taxonomy":"brand","embeddable":true,"href":"https:\/\/lediamant.ch\/de\/wp-json\/wp\/v2\/brand?post=220520"},{"taxonomy":"product_brand","embeddable":true,"href":"https:\/\/lediamant.ch\/de\/wp-json\/wp\/v2\/product_brand?post=220520"},{"taxonomy":"product_cat","embeddable":true,"href":"https:\/\/lediamant.ch\/de\/wp-json\/wp\/v2\/product_cat?post=220520"},{"taxonomy":"product_tag","embeddable":true,"href":"https:\/\/lediamant.ch\/de\/wp-json\/wp\/v2\/product_tag?post=220520"}],"curies":[{"name":"wp","href":"https:\/\/api.w.org\/{rel}","templated":true}]}}