{"id":220522,"date":"2025-04-29T16:57:59","date_gmt":"2025-04-29T14:57:59","guid":{"rendered":"https:\/\/lediamant.ch\/produit\/unkategorisiert\/balmain-classic-r-34-mm-5\/"},"modified":"2025-11-05T17:59:02","modified_gmt":"2025-11-05T16:59:02","slug":"balmain-classic-r-34-mm-5","status":"publish","type":"product","link":"https:\/\/lediamant.ch\/de\/uhren\/220522-balmain-classic-r-34-mm-5-b43183112\/","title":{"rendered":"Balmain Classic R 34mm"},"content":{"rendered":"<p>Die Balmain Classic R ist eine kunstvolle Damenuhr, die zarte Eleganz mit modernem Design verbindet, das von der Pariser Haute Couture inspiriert ist. Das Zifferblatt mit wei\u00dfen Arabesken und klassischen r\u00f6mischen Ziffern verleiht ihr eine ausdrucksstarke Note, w\u00e4hrend das 34 mm gro\u00dfe Geh\u00e4use aus zweifarbigem Edelstahl und ros\u00e9goldener PVD-Beschichtung mit einem eleganten 6,80 mm Profil und einem passenden Armband f\u00fcr Raffinesse im Alltag sorgt. Dieser in der Schweiz hergestellte Zeitmesser ist mit einem Saphirglas ausgestattet.<\/p>\n","protected":false},"excerpt":{"rendered":"<p>Die Balmain Classic R ist eine kunstvolle Damenuhr, die zarte Eleganz mit modernem Design verbindet, das von der Pariser Haute Couture inspiriert ist. Das Zifferblatt mit wei\u00dfen Arabesken und klassischen r\u00f6mischen Ziffern verleiht ihr eine ausdrucksstarke Note, w\u00e4hrend das 34 mm gro\u00dfe Geh\u00e4use aus zweifarbigem Edelstahl und ros\u00e9goldener PVD-Beschichtung mit einem eleganten 6,80 mm Profil &#8230; <a title=\"Balmain Classic R 34mm\" class=\"read-more\" href=\"https:\/\/lediamant.ch\/de\/uhren\/220522-balmain-classic-r-34-mm-5-b43183112\/\" aria-label=\"Mehr Informationen \u00fcber Balmain Classic R 34mm\">Weiterlesen &#8230;<\/a><\/p>\n","protected":false},"featured_media":222614,"template":"","meta":{"_acf_changed":false,"_seopress_robots_primary_cat":"27173","_seopress_titles_title":"","_seopress_titles_desc":"Entdecken Sie die Balmain Classic R Uhr: ein Symbol der Weiblichkeit mit Haute Couture Design und allt\u00e4glicher Eleganz. Schweizer Raffinesse an Ihrem Handgelenk.","_seopress_robots_index":""},"brand":[27083],"product_brand":[],"product_cat":[27173,27433,27123],"product_tag":[],"class_list":{"0":"post-220522","1":"product","2":"type-product","3":"status-publish","4":"has-post-thumbnail","6":"brand-balmain-de","7":"product_cat-balmain-de","8":"product_cat-classic-r-de","9":"product_cat-uhren","10":"pa_couleurduboitier-zweifarbig-de","11":"pa_couleurdubracelet-bicolor","12":"pa_couleurducadran-weiss","13":"pa_etancheite-50m-de","14":"pa_forme-runden","15":"pa_genre-frau","16":"pa_matiere-zweifarbigstahlrosegoldpvd","17":"pa_matierebraceletmontre-edelstahl","18":"pa_mouvement-quarzbatterie-de","19":"pa_swissmade-ja-de","20":"pa_verre-saphir-de","21":"sales-flash-overlay","22":"woocommerce-text-align-center","23":"woocommerce-image-align-center","24":"do-quantity-buttons","26":"first","27":"instock","28":"taxable","29":"shipping-taxable","30":"purchasable","31":"product-type-simple"},"acf":[],"_links":{"self":[{"href":"https:\/\/lediamant.ch\/de\/wp-json\/wp\/v2\/product\/220522","targetHints":{"allow":["GET"]}}],"collection":[{"href":"https:\/\/lediamant.ch\/de\/wp-json\/wp\/v2\/product"}],"about":[{"href":"https:\/\/lediamant.ch\/de\/wp-json\/wp\/v2\/types\/product"}],"wp:featuredmedia":[{"embeddable":true,"href":"https:\/\/lediamant.ch\/de\/wp-json\/wp\/v2\/media\/222614"}],"wp:attachment":[{"href":"https:\/\/lediamant.ch\/de\/wp-json\/wp\/v2\/media?parent=220522"}],"wp:term":[{"taxonomy":"brand","embeddable":true,"href":"https:\/\/lediamant.ch\/de\/wp-json\/wp\/v2\/brand?post=220522"},{"taxonomy":"product_brand","embeddable":true,"href":"https:\/\/lediamant.ch\/de\/wp-json\/wp\/v2\/product_brand?post=220522"},{"taxonomy":"product_cat","embeddable":true,"href":"https:\/\/lediamant.ch\/de\/wp-json\/wp\/v2\/product_cat?post=220522"},{"taxonomy":"product_tag","embeddable":true,"href":"https:\/\/lediamant.ch\/de\/wp-json\/wp\/v2\/product_tag?post=220522"}],"curies":[{"name":"wp","href":"https:\/\/api.w.org\/{rel}","templated":true}]}}