{"id":220524,"date":"2022-04-29T17:00:59","date_gmt":"2022-04-29T15:00:59","guid":{"rendered":"https:\/\/lediamant.ch\/produit\/unkategorisiert\/balmainia-32-mm-diamonds-4\/"},"modified":"2025-11-05T17:49:42","modified_gmt":"2025-11-05T16:49:42","slug":"balmainia-32-mm-diamonds-4","status":"publish","type":"product","link":"https:\/\/lediamant.ch\/de\/uhren\/220524-balmainia-32-mm-diamonds-4-b45503365\/","title":{"rendered":"Balmain Balmainia Diamonds 32mm"},"content":{"rendered":"<p>Die Balmain Balmainia ist eine elegante Damenuhr, die zarte Eleganz mit einem modernen Design verbindet, das von der Pariser Haute Couture inspiriert ist. Das Zifferblatt aus schwarzem Perlmutt mit einem kleinen Z\u00e4hler ist mit 12 Top Wesselton VS-SI Diamanten von insgesamt 0,043 Karat besetzt und verf\u00fcgt \u00fcber Diamantziffern. Das 32 mm PVD Gelbgoldgeh\u00e4use mit einem eleganten Profil von 8,45 mm und das passende Armband bieten einen zeitlosen Stil f\u00fcr den Alltag. Dieser Zeitmesser aus Schweizer Produktion ist mit einem Saphirglas ausgestattet.<\/p>\n","protected":false},"excerpt":{"rendered":"<p>Die Balmain Balmainia ist eine elegante Damenuhr, die zarte Eleganz mit einem modernen Design verbindet, das von der Pariser Haute Couture inspiriert ist. Das Zifferblatt aus schwarzem Perlmutt mit einem kleinen Z\u00e4hler ist mit 12 Top Wesselton VS-SI Diamanten von insgesamt 0,043 Karat besetzt und verf\u00fcgt \u00fcber Diamantziffern. Das 32 mm PVD Gelbgoldgeh\u00e4use mit einem &#8230; <a title=\"Balmain Balmainia Diamonds 32mm\" class=\"read-more\" href=\"https:\/\/lediamant.ch\/de\/uhren\/220524-balmainia-32-mm-diamonds-4-b45503365\/\" aria-label=\"Mehr Informationen \u00fcber Balmain Balmainia Diamonds 32mm\">Weiterlesen &#8230;<\/a><\/p>\n","protected":false},"featured_media":222607,"template":"","meta":{"_acf_changed":false,"_seopress_robots_primary_cat":"27173","_seopress_titles_title":"","_seopress_titles_desc":"Eleganz und Modernit\u00e4t mit der Balmain Balmainia Damenuhr, die von der Haute Couture inspiriert ist, mit Diamanten und schwarzem Perlmutt.","_seopress_robots_index":""},"brand":[27083],"product_brand":[],"product_cat":[27173,27431,27123],"product_tag":[],"class_list":{"0":"post-220524","1":"product","2":"type-product","3":"status-publish","4":"has-post-thumbnail","6":"brand-balmain-de","7":"product_cat-balmain-de","8":"product_cat-balmainia-de","9":"product_cat-uhren","10":"pa_couleurduboitier-gelb-de","11":"pa_couleurdubracelet-gelb-de","12":"pa_couleurducadran-perlmutt","13":"pa_detail-de-s-pierres-s-12-top-wesselton-vs-si-diamanten-insgesamt-0043-ct","14":"pa_etancheite-30m-de","15":"pa_forme-runden","16":"pa_genre-frau","17":"pa_matiere-gelbgoldpvd","18":"pa_matierebraceletmontre-edelstahl","19":"pa_mouvement-quarzbatterie-de","20":"pa_swissmade-ja-de","21":"pa_typedemontre-uhrenmitdiamanten","22":"pa_verre-saphir-de","23":"sales-flash-overlay","24":"woocommerce-text-align-center","25":"woocommerce-image-align-center","26":"do-quantity-buttons","28":"first","29":"instock","30":"taxable","31":"shipping-taxable","32":"purchasable","33":"product-type-simple"},"acf":[],"_links":{"self":[{"href":"https:\/\/lediamant.ch\/de\/wp-json\/wp\/v2\/product\/220524","targetHints":{"allow":["GET"]}}],"collection":[{"href":"https:\/\/lediamant.ch\/de\/wp-json\/wp\/v2\/product"}],"about":[{"href":"https:\/\/lediamant.ch\/de\/wp-json\/wp\/v2\/types\/product"}],"wp:featuredmedia":[{"embeddable":true,"href":"https:\/\/lediamant.ch\/de\/wp-json\/wp\/v2\/media\/222607"}],"wp:attachment":[{"href":"https:\/\/lediamant.ch\/de\/wp-json\/wp\/v2\/media?parent=220524"}],"wp:term":[{"taxonomy":"brand","embeddable":true,"href":"https:\/\/lediamant.ch\/de\/wp-json\/wp\/v2\/brand?post=220524"},{"taxonomy":"product_brand","embeddable":true,"href":"https:\/\/lediamant.ch\/de\/wp-json\/wp\/v2\/product_brand?post=220524"},{"taxonomy":"product_cat","embeddable":true,"href":"https:\/\/lediamant.ch\/de\/wp-json\/wp\/v2\/product_cat?post=220524"},{"taxonomy":"product_tag","embeddable":true,"href":"https:\/\/lediamant.ch\/de\/wp-json\/wp\/v2\/product_tag?post=220524"}],"curies":[{"name":"wp","href":"https:\/\/api.w.org\/{rel}","templated":true}]}}