{"id":220525,"date":"2025-06-29T16:48:59","date_gmt":"2025-06-29T14:48:59","guid":{"rendered":"https:\/\/lediamant.ch\/produit\/unkategorisiert\/balmain-classic-r-34-mm-diamonds-7\/"},"modified":"2025-11-05T18:34:44","modified_gmt":"2025-11-05T17:34:44","slug":"balmain-classic-r-34-mm-diamonds-7","status":"publish","type":"product","link":"https:\/\/lediamant.ch\/de\/produit\/uhren\/balmain-de\/classic-r-de\/balmain-classic-r-34-mm-diamonds-7\/","title":{"rendered":"Balmain Classic R Diamonds 34mm"},"content":{"rendered":"<p>Die Balmain Classic R ist eine raffinierte Damenuhr, die strahlende Raffinesse mit einem modernen Design verbindet, das von der Pariser Haute Couture inspiriert ist. Das tiefgr\u00fcne Zifferblatt ist mit 8 Top Wesselton VS-SI Diamanten von insgesamt 0,030 Karat und klassischen r\u00f6mischen Ziffern besetzt und verleiht der Uhr einen sanften und anmutigen Touch. Das 34 mm gro\u00dfe, 6,80 mm d\u00fcnne Geh\u00e4use aus Gelbgold mit PVD-Beschichtung und das passende Armband bieten Eleganz f\u00fcr jeden Tag. Diese in der Schweiz hergestellte Uhr ist mit einem Saphirglas ausgestattet.<\/p>\n","protected":false},"excerpt":{"rendered":"<p>Die Balmain Classic R ist eine raffinierte Damenuhr, die strahlende Raffinesse mit einem modernen Design verbindet, das von der Pariser Haute Couture inspiriert ist. Das tiefgr\u00fcne Zifferblatt ist mit 8 Top Wesselton VS-SI Diamanten von insgesamt 0,030 Karat und klassischen r\u00f6mischen Ziffern besetzt und verleiht der Uhr einen sanften und anmutigen Touch. Das 34 mm &#8230; <a title=\"Balmain Classic R Diamonds 34mm\" class=\"read-more\" href=\"https:\/\/lediamant.ch\/de\/produit\/uhren\/balmain-de\/classic-r-de\/balmain-classic-r-34-mm-diamonds-7\/\" aria-label=\"Mehr Informationen \u00fcber Balmain Classic R Diamonds 34mm\">Weiterlesen &#8230;<\/a><\/p>\n","protected":false},"featured_media":222647,"template":"","meta":{"_acf_changed":false,"_seopress_robots_primary_cat":"27173","_seopress_titles_title":"","_seopress_titles_desc":"Die Balmain Classic R vereint Raffinesse und modernes Design, inspiriert von der Pariser Haute Couture, mit einem gr\u00fcnen Zifferblatt und Diamanten.","_seopress_robots_index":""},"brand":[27083],"product_brand":[],"product_cat":[27173,27433,27123],"product_tag":[],"class_list":{"0":"post-220525","1":"product","2":"type-product","3":"status-publish","4":"has-post-thumbnail","6":"brand-balmain-de","7":"product_cat-balmain-de","8":"product_cat-classic-r-de","9":"product_cat-uhren","10":"pa_couleurduboitier-gelb-de","11":"pa_couleurdubracelet-gelb-de","12":"pa_couleurducadran-grun","13":"pa_detail-de-s-pierres-s-8-diamanten-003-ct-vs-si-top-wesselton","14":"pa_etancheite-50m-de","15":"pa_forme-runden","16":"pa_genre-frau","17":"pa_matiere-gelbgoldpvd","18":"pa_matierebraceletmontre-edelstahl","19":"pa_mouvement-quarzbatterie-de","20":"pa_swissmade-ja-de","21":"pa_verre-saphir-de","22":"sales-flash-overlay","23":"woocommerce-text-align-center","24":"woocommerce-image-align-center","25":"do-quantity-buttons","27":"first","28":"instock","29":"taxable","30":"shipping-taxable","31":"purchasable","32":"product-type-simple"},"acf":[],"_links":{"self":[{"href":"https:\/\/lediamant.ch\/de\/wp-json\/wp\/v2\/product\/220525","targetHints":{"allow":["GET"]}}],"collection":[{"href":"https:\/\/lediamant.ch\/de\/wp-json\/wp\/v2\/product"}],"about":[{"href":"https:\/\/lediamant.ch\/de\/wp-json\/wp\/v2\/types\/product"}],"wp:featuredmedia":[{"embeddable":true,"href":"https:\/\/lediamant.ch\/de\/wp-json\/wp\/v2\/media\/222647"}],"wp:attachment":[{"href":"https:\/\/lediamant.ch\/de\/wp-json\/wp\/v2\/media?parent=220525"}],"wp:term":[{"taxonomy":"brand","embeddable":true,"href":"https:\/\/lediamant.ch\/de\/wp-json\/wp\/v2\/brand?post=220525"},{"taxonomy":"product_brand","embeddable":true,"href":"https:\/\/lediamant.ch\/de\/wp-json\/wp\/v2\/product_brand?post=220525"},{"taxonomy":"product_cat","embeddable":true,"href":"https:\/\/lediamant.ch\/de\/wp-json\/wp\/v2\/product_cat?post=220525"},{"taxonomy":"product_tag","embeddable":true,"href":"https:\/\/lediamant.ch\/de\/wp-json\/wp\/v2\/product_tag?post=220525"}],"curies":[{"name":"wp","href":"https:\/\/api.w.org\/{rel}","templated":true}]}}