{"id":220527,"date":"2025-01-29T16:51:59","date_gmt":"2025-01-29T15:51:59","guid":{"rendered":"https:\/\/lediamant.ch\/produit\/unkategorisiert\/balmain-classic-r-30-mm-7\/"},"modified":"2025-11-05T18:19:36","modified_gmt":"2025-11-05T17:19:36","slug":"balmain-classic-r-30-mm-7","status":"publish","type":"product","link":"https:\/\/lediamant.ch\/de\/uhren\/220527-balmain-classic-r-diamonds-30mm-b41183145\/","title":{"rendered":"Balmain Classic R Diamonds 30mm"},"content":{"rendered":"<p>Die Balmain Classic R ist eine kunstvolle Damenuhr, die strahlenden Charme mit einem modernen Design verbindet, das von der Kreativit\u00e4t der Pariser Haute Couture inspiriert ist. Das ros\u00e9goldene Zifferblatt ist mit 8 Top Wesselton VS-SI Diamanten von insgesamt 0,030 Karat besetzt und die klassischen r\u00f6mischen Ziffern verleihen der Uhr einen sanften und anmutigen Touch. Das zweifarbige 30 mm Geh\u00e4use aus Edelstahl und PVD Ros\u00e9gold mit seinem raffinierten 6,50 mm Profil bietet Raffinesse f\u00fcr den Alltag. Dieser in der Schweiz hergestellte Zeitmesser ist mit einem Saphirglas ausgestattet.<\/p>\n","protected":false},"excerpt":{"rendered":"<p>Die Balmain Classic R ist eine kunstvolle Damenuhr, die strahlenden Charme mit einem modernen Design verbindet, das von der Kreativit\u00e4t der Pariser Haute Couture inspiriert ist. Das ros\u00e9goldene Zifferblatt ist mit 8 Top Wesselton VS-SI Diamanten von insgesamt 0,030 Karat besetzt und die klassischen r\u00f6mischen Ziffern verleihen der Uhr einen sanften und anmutigen Touch. Das &#8230; <a title=\"Balmain Classic R Diamonds 30mm\" class=\"read-more\" href=\"https:\/\/lediamant.ch\/de\/uhren\/220527-balmain-classic-r-diamonds-30mm-b41183145\/\" aria-label=\"Mehr Informationen \u00fcber Balmain Classic R Diamonds 30mm\">Weiterlesen &#8230;<\/a><\/p>\n","protected":false},"featured_media":222634,"template":"","meta":{"_acf_changed":false,"_seopress_robots_primary_cat":"27173","_seopress_titles_title":"","_seopress_titles_desc":"Die Balmain Classic R: Eleganz und Modernit\u00e4t mit einem Zifferblatt aus Ros\u00e9gold und Diamanten, inspiriert von der Pariser Haute Couture.","_seopress_robots_index":""},"brand":[27083],"product_brand":[],"product_cat":[27173,27433,27123],"product_tag":[],"class_list":{"0":"post-220527","1":"product","2":"type-product","3":"status-publish","4":"has-post-thumbnail","6":"brand-balmain-de","7":"product_cat-balmain-de","8":"product_cat-classic-r-de","9":"product_cat-uhren","10":"pa_couleurduboitier-zweifarbig-de","11":"pa_couleurdubracelet-bicolor","12":"pa_couleurducadran-rosa-de","13":"pa_detail-de-s-pierres-s-8-diamanten-003-ct-vs-si-top-wesselton","14":"pa_etancheite-50m-de","15":"pa_forme-runden","16":"pa_genre-frau","17":"pa_matiere-zweifarbigstahlrosegoldpvd","18":"pa_matierebraceletmontre-edelstahl","19":"pa_mouvement-quarzbatterie-de","20":"pa_swissmade-ja-de","21":"pa_typedemontre-uhrenmitdiamanten","22":"pa_verre-saphir-de","23":"sales-flash-overlay","24":"woocommerce-text-align-center","25":"woocommerce-image-align-center","26":"do-quantity-buttons","28":"first","29":"instock","30":"taxable","31":"shipping-taxable","32":"purchasable","33":"product-type-simple"},"acf":[],"_links":{"self":[{"href":"https:\/\/lediamant.ch\/de\/wp-json\/wp\/v2\/product\/220527","targetHints":{"allow":["GET"]}}],"collection":[{"href":"https:\/\/lediamant.ch\/de\/wp-json\/wp\/v2\/product"}],"about":[{"href":"https:\/\/lediamant.ch\/de\/wp-json\/wp\/v2\/types\/product"}],"wp:featuredmedia":[{"embeddable":true,"href":"https:\/\/lediamant.ch\/de\/wp-json\/wp\/v2\/media\/222634"}],"wp:attachment":[{"href":"https:\/\/lediamant.ch\/de\/wp-json\/wp\/v2\/media?parent=220527"}],"wp:term":[{"taxonomy":"brand","embeddable":true,"href":"https:\/\/lediamant.ch\/de\/wp-json\/wp\/v2\/brand?post=220527"},{"taxonomy":"product_brand","embeddable":true,"href":"https:\/\/lediamant.ch\/de\/wp-json\/wp\/v2\/product_brand?post=220527"},{"taxonomy":"product_cat","embeddable":true,"href":"https:\/\/lediamant.ch\/de\/wp-json\/wp\/v2\/product_cat?post=220527"},{"taxonomy":"product_tag","embeddable":true,"href":"https:\/\/lediamant.ch\/de\/wp-json\/wp\/v2\/product_tag?post=220527"}],"curies":[{"name":"wp","href":"https:\/\/api.w.org\/{rel}","templated":true}]}}