{"id":220531,"date":"2025-06-29T17:27:59","date_gmt":"2025-06-29T15:27:59","guid":{"rendered":"https:\/\/lediamant.ch\/produit\/unkategorisiert\/balmain-ophrys-lady-34-50-mm-4\/"},"modified":"2025-11-05T15:43:36","modified_gmt":"2025-11-05T14:43:36","slug":"balmain-ophrys-lady-34-50-mm-4","status":"publish","type":"product","link":"https:\/\/lediamant.ch\/de\/produit\/uhren\/balmain-de\/ophrys-de\/balmain-ophrys-lady-34-50-mm-4\/","title":{"rendered":"Balmain Ophrys Lady 34.5mm"},"content":{"rendered":"<p>Die Balmain Ophrys Lady ist eine sportlich-schicke Damenuhr mit einem eleganten sandbeigefarbenen Zifferblatt und einem Edelstahlarmband mit PVD- oder rosafarbener Beschichtung. Das kompakte 34,50 mm Geh\u00e4use und das 10 mm Flossenprofil sorgen f\u00fcr ein komfortables und raffiniertes Tragegef\u00fchl. Die Uhr ist bis 200 Meter wasserdicht und mit Super-LumiNova\u00ae Indexen ausgestattet und verbindet die Funktionalit\u00e4t einer Taucheruhr mit einem anspruchsvollen Sommerstil.<\/p>\n","protected":false},"excerpt":{"rendered":"<p>Die Balmain Ophrys Lady ist eine sportlich-schicke Damenuhr mit einem eleganten sandbeigefarbenen Zifferblatt und einem Edelstahlarmband mit PVD- oder rosafarbener Beschichtung. Das kompakte 34,50 mm Geh\u00e4use und das 10 mm Flossenprofil sorgen f\u00fcr ein komfortables und raffiniertes Tragegef\u00fchl. Die Uhr ist bis 200 Meter wasserdicht und mit Super-LumiNova\u00ae Indexen ausgestattet und verbindet die Funktionalit\u00e4t einer &#8230; <a title=\"Balmain Ophrys Lady 34.5mm\" class=\"read-more\" href=\"https:\/\/lediamant.ch\/de\/produit\/uhren\/balmain-de\/ophrys-de\/balmain-ophrys-lady-34-50-mm-4\/\" aria-label=\"Mehr Informationen \u00fcber Balmain Ophrys Lady 34.5mm\">Weiterlesen &#8230;<\/a><\/p>\n","protected":false},"featured_media":222490,"template":"","meta":{"_acf_changed":false,"_seopress_robots_primary_cat":"27173","_seopress_titles_title":"","_seopress_titles_desc":"Eleganz und Leistung mit der Balmain Ophrys Lady, einer sportlich-schicken Uhr mit beigem Zifferblatt, Stahlarmband, wasserdicht bis 200m. Ideal f\u00fcr den Sommer!","_seopress_robots_index":""},"brand":[27083],"product_brand":[],"product_cat":[27173,27477,27123],"product_tag":[],"class_list":{"0":"post-220531","1":"product","2":"type-product","3":"status-publish","4":"has-post-thumbnail","6":"brand-balmain-de","7":"product_cat-balmain-de","8":"product_cat-ophrys-de","9":"product_cat-uhren","10":"pa_couleurduboitier-pinkrosa-de","11":"pa_couleurdubracelet-rosa-de","12":"pa_couleurducadran-beige-de","13":"pa_etancheite-200m-de","14":"pa_forme-runden","15":"pa_genre-frau","16":"pa_matiere-rosegoldpvd","17":"pa_matierebraceletmontre-edelstahl","18":"pa_mouvement-quarzbatterie-de","19":"pa_swissmade-ja-de","20":"pa_typedemontre-taucheruhren","21":"pa_verre-saphir-de","22":"sales-flash-overlay","23":"woocommerce-text-align-center","24":"woocommerce-image-align-center","25":"do-quantity-buttons","27":"first","28":"instock","29":"taxable","30":"shipping-taxable","31":"purchasable","32":"product-type-simple"},"acf":[],"_links":{"self":[{"href":"https:\/\/lediamant.ch\/de\/wp-json\/wp\/v2\/product\/220531","targetHints":{"allow":["GET"]}}],"collection":[{"href":"https:\/\/lediamant.ch\/de\/wp-json\/wp\/v2\/product"}],"about":[{"href":"https:\/\/lediamant.ch\/de\/wp-json\/wp\/v2\/types\/product"}],"wp:featuredmedia":[{"embeddable":true,"href":"https:\/\/lediamant.ch\/de\/wp-json\/wp\/v2\/media\/222490"}],"wp:attachment":[{"href":"https:\/\/lediamant.ch\/de\/wp-json\/wp\/v2\/media?parent=220531"}],"wp:term":[{"taxonomy":"brand","embeddable":true,"href":"https:\/\/lediamant.ch\/de\/wp-json\/wp\/v2\/brand?post=220531"},{"taxonomy":"product_brand","embeddable":true,"href":"https:\/\/lediamant.ch\/de\/wp-json\/wp\/v2\/product_brand?post=220531"},{"taxonomy":"product_cat","embeddable":true,"href":"https:\/\/lediamant.ch\/de\/wp-json\/wp\/v2\/product_cat?post=220531"},{"taxonomy":"product_tag","embeddable":true,"href":"https:\/\/lediamant.ch\/de\/wp-json\/wp\/v2\/product_tag?post=220531"}],"curies":[{"name":"wp","href":"https:\/\/api.w.org\/{rel}","templated":true}]}}