{"id":220532,"date":"2024-11-29T17:12:59","date_gmt":"2024-11-29T16:12:59","guid":{"rendered":"https:\/\/lediamant.ch\/produit\/unkategorisiert\/balmain-de-balmain-29-mm-diamonds-4\/"},"modified":"2025-11-05T16:57:37","modified_gmt":"2025-11-05T15:57:37","slug":"balmain-de-balmain-29-mm-diamonds-4","status":"publish","type":"product","link":"https:\/\/lediamant.ch\/de\/uhren\/220532-balmain-de-balmain-diamonds-bicolor-29mm-b39173982\/","title":{"rendered":"Balmain de Balmain Diamonds Bicolor 29mm"},"content":{"rendered":"<p>Die Balmain von Balmain ist eine elegante Damenuhr, die zeitlosen Stil mit modernem Design verbindet, das von der Pariser Haute Couture inspiriert wurde. Das Zifferblatt aus wei\u00dfem Perlmutt ist mit einem kreisf\u00f6rmigen geometrischen Muster versehen. Das Geh\u00e4use ist mit 56 Top Wesselton W-SI Diamanten von insgesamt 0,221 Karat besetzt. Die klassischen r\u00f6mischen Ziffern sorgen f\u00fcr einen Hauch von Glanz. Das 29 mm gro\u00dfe, zweifarbige Geh\u00e4use aus Edelstahl und Gelbgold PVD mit einer H\u00f6he von 6,00 mm und einem passenden Armband bietet Raffinesse f\u00fcr den Alltag. Dieser Zeitmesser aus Schweizer Produktion ist mit einem Saphirglas ausgestattet.<\/p>\n","protected":false},"excerpt":{"rendered":"<p>Die Balmain von Balmain ist eine elegante Damenuhr, die zeitlosen Stil mit modernem Design verbindet, das von der Pariser Haute Couture inspiriert wurde. Das Zifferblatt aus wei\u00dfem Perlmutt ist mit einem kreisf\u00f6rmigen geometrischen Muster versehen. Das Geh\u00e4use ist mit 56 Top Wesselton W-SI Diamanten von insgesamt 0,221 Karat besetzt. Die klassischen r\u00f6mischen Ziffern sorgen f\u00fcr &#8230; <a title=\"Balmain de Balmain Diamonds Bicolor 29mm\" class=\"read-more\" href=\"https:\/\/lediamant.ch\/de\/uhren\/220532-balmain-de-balmain-diamonds-bicolor-29mm-b39173982\/\" aria-label=\"Mehr Informationen \u00fcber Balmain de Balmain Diamonds Bicolor 29mm\">Weiterlesen &#8230;<\/a><\/p>\n","protected":false},"featured_media":222557,"template":"","meta":{"_acf_changed":false,"_seopress_robots_primary_cat":"27173","_seopress_titles_title":"","_seopress_titles_desc":"Entdecken Sie die Eleganz der Balmain Uhr von Balmain, mit ihrem Haute Couture Design, Perlmutt-Zifferblatt und funkelnden Diamanten.","_seopress_robots_index":""},"brand":[27083],"product_brand":[],"product_cat":[27173,27403,27123],"product_tag":[],"class_list":{"0":"post-220532","1":"product","2":"type-product","3":"status-publish","4":"has-post-thumbnail","6":"brand-balmain-de","7":"product_cat-balmain-de","8":"product_cat-balmain-de-balmain-de","9":"product_cat-uhren","10":"pa_couleurduboitier-zweifarbig-de","11":"pa_couleurdubracelet-bicolor","12":"pa_couleurducadran-perlmutt","13":"pa_etancheite-50m-de","14":"pa_forme-runden","15":"pa_genre-frau","16":"pa_matiere-zweifarbigstahlgelbgoldpvd","17":"pa_matierebraceletmontre-edelstahl","18":"pa_mouvement-quarzbatterie-de","19":"pa_swissmade-ja-de","20":"pa_typedemontre-uhrenmitdiamanten","21":"pa_verre-saphir-de","22":"sales-flash-overlay","23":"woocommerce-text-align-center","24":"woocommerce-image-align-center","25":"do-quantity-buttons","27":"first","28":"instock","29":"taxable","30":"shipping-taxable","31":"purchasable","32":"product-type-simple"},"acf":[],"_links":{"self":[{"href":"https:\/\/lediamant.ch\/de\/wp-json\/wp\/v2\/product\/220532","targetHints":{"allow":["GET"]}}],"collection":[{"href":"https:\/\/lediamant.ch\/de\/wp-json\/wp\/v2\/product"}],"about":[{"href":"https:\/\/lediamant.ch\/de\/wp-json\/wp\/v2\/types\/product"}],"wp:featuredmedia":[{"embeddable":true,"href":"https:\/\/lediamant.ch\/de\/wp-json\/wp\/v2\/media\/222557"}],"wp:attachment":[{"href":"https:\/\/lediamant.ch\/de\/wp-json\/wp\/v2\/media?parent=220532"}],"wp:term":[{"taxonomy":"brand","embeddable":true,"href":"https:\/\/lediamant.ch\/de\/wp-json\/wp\/v2\/brand?post=220532"},{"taxonomy":"product_brand","embeddable":true,"href":"https:\/\/lediamant.ch\/de\/wp-json\/wp\/v2\/product_brand?post=220532"},{"taxonomy":"product_cat","embeddable":true,"href":"https:\/\/lediamant.ch\/de\/wp-json\/wp\/v2\/product_cat?post=220532"},{"taxonomy":"product_tag","embeddable":true,"href":"https:\/\/lediamant.ch\/de\/wp-json\/wp\/v2\/product_tag?post=220532"}],"curies":[{"name":"wp","href":"https:\/\/api.w.org\/{rel}","templated":true}]}}