{"id":220534,"date":"2025-09-29T17:15:59","date_gmt":"2025-09-29T15:15:59","guid":{"rendered":"https:\/\/lediamant.ch\/produit\/unkategorisiert\/balmain-classic-r-34-mm-6\/"},"modified":"2025-11-05T16:46:07","modified_gmt":"2025-11-05T15:46:07","slug":"balmain-classic-r-34-mm-6","status":"publish","type":"product","link":"https:\/\/lediamant.ch\/de\/uhren\/220534-balmain-classic-r-34-mm-6-b43123112\/","title":{"rendered":"Balmain Classic R 34mm"},"content":{"rendered":"<p>Die Balmain Classic R ist eine elegante Damenuhr, die k\u00fchne Raffinesse mit einem modernen Design verbindet, das von der Pariser Haute Couture inspiriert ist. Das wei\u00dfe Zifferblatt mit Arabesken und klassischen r\u00f6mischen Ziffern verleiht ihr einen Hauch von Anmut, w\u00e4hrend das 34 mm gro\u00dfe Geh\u00e4use aus zweifarbigem Edelstahl und Gelbgold-PVD in Kombination mit einem passenden Armband Raffinesse f\u00fcr den Alltag bietet. Dieser in der Schweiz hergestellte Zeitmesser ist mit einem Saphirglas ausgestattet.<\/p>\n","protected":false},"excerpt":{"rendered":"<p>Die Balmain Classic R ist eine elegante Damenuhr, die k\u00fchne Raffinesse mit einem modernen Design verbindet, das von der Pariser Haute Couture inspiriert ist. Das wei\u00dfe Zifferblatt mit Arabesken und klassischen r\u00f6mischen Ziffern verleiht ihr einen Hauch von Anmut, w\u00e4hrend das 34 mm gro\u00dfe Geh\u00e4use aus zweifarbigem Edelstahl und Gelbgold-PVD in Kombination mit einem passenden &#8230; <a title=\"Balmain Classic R 34mm\" class=\"read-more\" href=\"https:\/\/lediamant.ch\/de\/uhren\/220534-balmain-classic-r-34-mm-6-b43123112\/\" aria-label=\"Mehr Informationen \u00fcber Balmain Classic R 34mm\">Weiterlesen &#8230;<\/a><\/p>\n","protected":false},"featured_media":222546,"template":"","meta":{"_acf_changed":false,"_seopress_robots_primary_cat":"27173","_seopress_titles_title":"","_seopress_titles_desc":"Eleganz und K\u00fchnheit mit der Balmain Classic R, einer Luxusuhr mit wei\u00dfem Zifferblatt und zweifarbigem Armband, die perfekt f\u00fcr jeden Anlass ist. Pure Schweizer Eleganz.","_seopress_robots_index":""},"brand":[27083],"product_brand":[],"product_cat":[27123,27173,27433],"product_tag":[],"class_list":{"0":"post-220534","1":"product","2":"type-product","3":"status-publish","4":"has-post-thumbnail","6":"brand-balmain-de","7":"product_cat-uhren","8":"product_cat-balmain-de","9":"product_cat-classic-r-de","10":"pa_couleurduboitier-zweifarbig-de","11":"pa_couleurdubracelet-bicolor","12":"pa_couleurducadran-weiss","13":"pa_etancheite-50m-de","14":"pa_forme-runden","15":"pa_genre-frau","16":"pa_matiere-zweifarbigstahlgelbgoldpvd","17":"pa_matierebraceletmontre-edelstahl","18":"pa_mouvement-quarzbatterie-de","19":"pa_swissmade-ja-de","20":"pa_verre-saphir-de","21":"sales-flash-overlay","22":"woocommerce-text-align-center","23":"woocommerce-image-align-center","24":"do-quantity-buttons","26":"first","27":"instock","28":"taxable","29":"shipping-taxable","30":"purchasable","31":"product-type-simple"},"acf":[],"_links":{"self":[{"href":"https:\/\/lediamant.ch\/de\/wp-json\/wp\/v2\/product\/220534","targetHints":{"allow":["GET"]}}],"collection":[{"href":"https:\/\/lediamant.ch\/de\/wp-json\/wp\/v2\/product"}],"about":[{"href":"https:\/\/lediamant.ch\/de\/wp-json\/wp\/v2\/types\/product"}],"wp:featuredmedia":[{"embeddable":true,"href":"https:\/\/lediamant.ch\/de\/wp-json\/wp\/v2\/media\/222546"}],"wp:attachment":[{"href":"https:\/\/lediamant.ch\/de\/wp-json\/wp\/v2\/media?parent=220534"}],"wp:term":[{"taxonomy":"brand","embeddable":true,"href":"https:\/\/lediamant.ch\/de\/wp-json\/wp\/v2\/brand?post=220534"},{"taxonomy":"product_brand","embeddable":true,"href":"https:\/\/lediamant.ch\/de\/wp-json\/wp\/v2\/product_brand?post=220534"},{"taxonomy":"product_cat","embeddable":true,"href":"https:\/\/lediamant.ch\/de\/wp-json\/wp\/v2\/product_cat?post=220534"},{"taxonomy":"product_tag","embeddable":true,"href":"https:\/\/lediamant.ch\/de\/wp-json\/wp\/v2\/product_tag?post=220534"}],"curies":[{"name":"wp","href":"https:\/\/api.w.org\/{rel}","templated":true}]}}