{"id":220538,"date":"2024-01-29T17:21:58","date_gmt":"2024-01-29T16:21:58","guid":{"rendered":"https:\/\/lediamant.ch\/produit\/unkategorisiert\/balmain-ophrys-lady-34-50-mm-2\/"},"modified":"2025-11-05T16:20:38","modified_gmt":"2025-11-05T15:20:38","slug":"balmain-ophrys-lady-34-50-mm-2","status":"publish","type":"product","link":"https:\/\/lediamant.ch\/de\/uhren\/220538-balmain-ophrys-lady-34-50-mm-2-b46307295\/","title":{"rendered":"Balmain Ophrys Lady 34.5mm"},"content":{"rendered":"<p>Die Balmain Ophrys Lady ist eine sportlich-schicke Damenuhr mit einem wundersch\u00f6nen blau-grauen Zifferblatt und einem Kautschukarmband mit dem Balmain-Logo als Pr\u00e4gung. Das kompakte 34,50 mm Edelstahlgeh\u00e4use und das 10 mm Profil bieten einen eleganten und bequemen Tragekomfort. Die Uhr ist bis 200 Meter wasserdicht und mit Super-LumiNova\u00ae Leuchtindexen ausgestattet. Sie vereint Funktionalit\u00e4t, die von der Welt des Tauchens inspiriert ist, mit sommerlicher Raffinesse.<\/p>\n","protected":false},"excerpt":{"rendered":"<p>Die Balmain Ophrys Lady ist eine sportlich-schicke Damenuhr mit einem wundersch\u00f6nen blau-grauen Zifferblatt und einem Kautschukarmband mit dem Balmain-Logo als Pr\u00e4gung. Das kompakte 34,50 mm Edelstahlgeh\u00e4use und das 10 mm Profil bieten einen eleganten und bequemen Tragekomfort. Die Uhr ist bis 200 Meter wasserdicht und mit Super-LumiNova\u00ae Leuchtindexen ausgestattet. Sie vereint Funktionalit\u00e4t, die von der &#8230; <a title=\"Balmain Ophrys Lady 34.5mm\" class=\"read-more\" href=\"https:\/\/lediamant.ch\/de\/uhren\/220538-balmain-ophrys-lady-34-50-mm-2-b46307295\/\" aria-label=\"Mehr Informationen \u00fcber Balmain Ophrys Lady 34.5mm\">Weiterlesen &#8230;<\/a><\/p>\n","protected":false},"featured_media":222518,"template":"","meta":{"_acf_changed":false,"_seopress_robots_primary_cat":"27173","_seopress_titles_title":"","_seopress_titles_desc":"Balmain Ophrys Lady Uhr: Sportlich-schicke Eleganz, blau-graues Zifferblatt und Logo-Armband, perfekt f\u00fcr den Sommer. Wasserdicht bis 200m und Super-LumiNova\u00ae Index.","_seopress_robots_index":""},"brand":[27083],"product_brand":[],"product_cat":[27173,27477,27123],"product_tag":[],"class_list":{"0":"post-220538","1":"product","2":"type-product","3":"status-publish","4":"has-post-thumbnail","6":"brand-balmain-de","7":"product_cat-balmain-de","8":"product_cat-ophrys-de","9":"product_cat-uhren","10":"pa_couleurduboitier-gelb-de","11":"pa_couleurdubracelet-blau-de","12":"pa_couleurducadran-blau","13":"pa_etancheite-200m-de","14":"pa_forme-runden","15":"pa_genre-frau","16":"pa_matiere-gelbgoldpvd","17":"pa_matierebraceletmontre-kautschuk","18":"pa_mouvement-quarzbatterie-de","19":"pa_swissmade-ja-de","20":"pa_typedemontre-sportuhren","21":"pa_verre-saphir-de","22":"sales-flash-overlay","23":"woocommerce-text-align-center","24":"woocommerce-image-align-center","25":"do-quantity-buttons","27":"first","28":"instock","29":"taxable","30":"shipping-taxable","31":"purchasable","32":"product-type-simple"},"acf":[],"_links":{"self":[{"href":"https:\/\/lediamant.ch\/de\/wp-json\/wp\/v2\/product\/220538","targetHints":{"allow":["GET"]}}],"collection":[{"href":"https:\/\/lediamant.ch\/de\/wp-json\/wp\/v2\/product"}],"about":[{"href":"https:\/\/lediamant.ch\/de\/wp-json\/wp\/v2\/types\/product"}],"wp:featuredmedia":[{"embeddable":true,"href":"https:\/\/lediamant.ch\/de\/wp-json\/wp\/v2\/media\/222518"}],"wp:attachment":[{"href":"https:\/\/lediamant.ch\/de\/wp-json\/wp\/v2\/media?parent=220538"}],"wp:term":[{"taxonomy":"brand","embeddable":true,"href":"https:\/\/lediamant.ch\/de\/wp-json\/wp\/v2\/brand?post=220538"},{"taxonomy":"product_brand","embeddable":true,"href":"https:\/\/lediamant.ch\/de\/wp-json\/wp\/v2\/product_brand?post=220538"},{"taxonomy":"product_cat","embeddable":true,"href":"https:\/\/lediamant.ch\/de\/wp-json\/wp\/v2\/product_cat?post=220538"},{"taxonomy":"product_tag","embeddable":true,"href":"https:\/\/lediamant.ch\/de\/wp-json\/wp\/v2\/product_tag?post=220538"}],"curies":[{"name":"wp","href":"https:\/\/api.w.org\/{rel}","templated":true}]}}