{"id":220544,"date":"2023-03-29T18:00:59","date_gmt":"2023-03-29T16:00:59","guid":{"rendered":"https:\/\/lediamant.ch\/produit\/unkategorisiert\/hamilton-quartz-2\/"},"modified":"2025-11-01T15:51:09","modified_gmt":"2025-11-01T14:51:09","slug":"hamilton-quartz-2","status":"publish","type":"product","link":"https:\/\/lediamant.ch\/de\/uhren\/220544-hamilton-quartz-2-h24411142\/","title":{"rendered":"Hamilton Ventura Quarz Blue L"},"content":{"rendered":"<p>1957 brachte Hamilton die erste elektrische Uhr, die Ventura, auf den Markt. Diese revolution\u00e4re Uhr markiert den Beginn einer neuen \u00c4ra in der Welt der Uhrmacherei und ist ein Emblem f\u00fcr futuristisches Design und ein Symbol f\u00fcr Innovation. Inspiriert von Elvis Presleys Hit Blue Suede Shoes ist die Ventura Quartz mit vernickelten Stunden-, Minuten- und Sekundenzeigern ausgestattet und verf\u00fcgt \u00fcber ein Quarzwerk f\u00fcr hohe Zuverl\u00e4ssigkeit. Das dunkelblaue Zifferblatt erinnert an die ber\u00fchmten Schuhe des King, von denen in dem Lied die Rede ist.<\/p>\n","protected":false},"excerpt":{"rendered":"<p>1957 brachte Hamilton die erste elektrische Uhr, die Ventura, auf den Markt. Diese revolution\u00e4re Uhr markiert den Beginn einer neuen \u00c4ra in der Welt der Uhrmacherei und ist ein Emblem f\u00fcr futuristisches Design und ein Symbol f\u00fcr Innovation. Inspiriert von Elvis Presleys Hit Blue Suede Shoes ist die Ventura Quartz mit vernickelten Stunden-, Minuten- und &#8230; <a title=\"Hamilton Ventura Quarz Blue L\" class=\"read-more\" href=\"https:\/\/lediamant.ch\/de\/uhren\/220544-hamilton-quartz-2-h24411142\/\" aria-label=\"Mehr Informationen \u00fcber Hamilton Ventura Quarz Blue L\">Weiterlesen &#8230;<\/a><\/p>\n","protected":false},"featured_media":220264,"template":"","meta":{"_acf_changed":false,"_seopress_robots_primary_cat":"27181","_seopress_titles_title":"","_seopress_titles_desc":"Die 1957 eingef\u00fchrte Hamilton Ventura, die erste elektrische Uhr, ist ein Symbol f\u00fcr Innovation und futuristisches Design, das von Elvis inspiriert wurde.","_seopress_robots_index":""},"brand":[27085],"product_brand":[],"product_cat":[27181,27123,27323],"product_tag":[],"class_list":{"0":"post-220544","1":"product","2":"type-product","3":"status-publish","4":"has-post-thumbnail","6":"brand-hamilton-de","7":"product_cat-hamilton-de","8":"product_cat-uhren","9":"product_cat-ventura-de","10":"pa_couleurduboitier-grau-de","11":"pa_couleurdubracelet-grau-de","12":"pa_couleurducadran-blau","13":"pa_etancheite-50m-de","14":"pa_forme-dreieck-de","15":"pa_genre-frau","16":"pa_genre-mann","17":"pa_matiere-stahl","18":"pa_matierebraceletmontre-edelstahl","19":"pa_mouvement-quarzbatterie-de","20":"pa_swissmade-ja-de","21":"pa_verre-mineralglas-de","22":"sales-flash-overlay","23":"woocommerce-text-align-center","24":"woocommerce-image-align-center","25":"do-quantity-buttons","27":"first","28":"instock","29":"taxable","30":"shipping-taxable","31":"purchasable","32":"product-type-simple"},"acf":[],"_links":{"self":[{"href":"https:\/\/lediamant.ch\/de\/wp-json\/wp\/v2\/product\/220544","targetHints":{"allow":["GET"]}}],"collection":[{"href":"https:\/\/lediamant.ch\/de\/wp-json\/wp\/v2\/product"}],"about":[{"href":"https:\/\/lediamant.ch\/de\/wp-json\/wp\/v2\/types\/product"}],"wp:featuredmedia":[{"embeddable":true,"href":"https:\/\/lediamant.ch\/de\/wp-json\/wp\/v2\/media\/220264"}],"wp:attachment":[{"href":"https:\/\/lediamant.ch\/de\/wp-json\/wp\/v2\/media?parent=220544"}],"wp:term":[{"taxonomy":"brand","embeddable":true,"href":"https:\/\/lediamant.ch\/de\/wp-json\/wp\/v2\/brand?post=220544"},{"taxonomy":"product_brand","embeddable":true,"href":"https:\/\/lediamant.ch\/de\/wp-json\/wp\/v2\/product_brand?post=220544"},{"taxonomy":"product_cat","embeddable":true,"href":"https:\/\/lediamant.ch\/de\/wp-json\/wp\/v2\/product_cat?post=220544"},{"taxonomy":"product_tag","embeddable":true,"href":"https:\/\/lediamant.ch\/de\/wp-json\/wp\/v2\/product_tag?post=220544"}],"curies":[{"name":"wp","href":"https:\/\/api.w.org\/{rel}","templated":true}]}}