{"id":220546,"date":"2023-04-29T18:03:59","date_gmt":"2023-04-29T16:03:59","guid":{"rendered":"https:\/\/lediamant.ch\/produit\/unkategorisiert\/hamilton-quartz-3\/"},"modified":"2025-11-01T15:29:34","modified_gmt":"2025-11-01T14:29:34","slug":"hamilton-quartz-3","status":"publish","type":"product","link":"https:\/\/lediamant.ch\/de\/uhren\/220546-hamilton-quartz-3-h24301941\/","title":{"rendered":"Hamilton Ventura Classic Quartz Blue L"},"content":{"rendered":"<p>1957 brachte Hamilton die erste elektrische Uhr auf den Markt, die Ventura. Diese revolution\u00e4re Uhr markierte den Beginn einer neuen \u00c4ra in der Welt der Uhren und wurde zu einem Symbol f\u00fcr futuristisches Design und Innovation. Inspiriert von Elvis Presleys Hit Blue Suede Shoes ist die Ventura Quartz mit vernickelten Stunden-, Minuten- und Sekundenzeigern sowie einem Quarzwerk f\u00fcr h\u00f6chste Zuverl\u00e4ssigkeit ausgestattet. Das ikonische dreieckige Geh\u00e4use aus Edelstahl ist mit einer gelbgoldenen PVD-Beschichtung versehen. Das tiefblaue Alcantara-Armband und das dunkelblaue Zifferblatt erinnern an die ber\u00fchmten Schuhe des King, die in dem Lied erw\u00e4hnt werden.<\/p>\n","protected":false},"excerpt":{"rendered":"<p>1957 brachte Hamilton die erste elektrische Uhr auf den Markt, die Ventura. Diese revolution\u00e4re Uhr markierte den Beginn einer neuen \u00c4ra in der Welt der Uhren und wurde zu einem Symbol f\u00fcr futuristisches Design und Innovation. Inspiriert von Elvis Presleys Hit Blue Suede Shoes ist die Ventura Quartz mit vernickelten Stunden-, Minuten- und Sekundenzeigern sowie &#8230; <a title=\"Hamilton Ventura Classic Quartz Blue L\" class=\"read-more\" href=\"https:\/\/lediamant.ch\/de\/uhren\/220546-hamilton-quartz-3-h24301941\/\" aria-label=\"Mehr Informationen \u00fcber Hamilton Ventura Classic Quartz Blue L\">Weiterlesen &#8230;<\/a><\/p>\n","protected":false},"featured_media":220267,"template":"","meta":{"_acf_changed":false,"_seopress_robots_primary_cat":"27181","_seopress_titles_title":"","_seopress_titles_desc":"Die 1957 eingef\u00fchrte Hamilton Ventura Uhr, die von Elvis inspiriert wurde, verbindet futuristisches Design mit modernster Uhrentechnologie.","_seopress_robots_index":""},"brand":[27085],"product_brand":[],"product_cat":[27181,27123,27323],"product_tag":[],"class_list":{"0":"post-220546","1":"product","2":"type-product","3":"status-publish","4":"has-post-thumbnail","6":"brand-hamilton-de","7":"product_cat-hamilton-de","8":"product_cat-uhren","9":"product_cat-ventura-de","10":"pa_couleurduboitier-gelb-de","11":"pa_couleurdubracelet-blau-de","12":"pa_couleurducadran-blau","13":"pa_etancheite-50m-de","14":"pa_forme-dreieck-de","15":"pa_genre-frau","16":"pa_genre-mann","17":"pa_matiere-gelbgoldpvd","18":"pa_matierebraceletmontre-textil-de","19":"pa_mouvement-quarzbatterie-de","20":"pa_swissmade-ja-de","21":"pa_verre-mineralglas-de","22":"sales-flash-overlay","23":"woocommerce-text-align-center","24":"woocommerce-image-align-center","25":"do-quantity-buttons","27":"first","28":"instock","29":"taxable","30":"shipping-taxable","31":"purchasable","32":"product-type-simple"},"acf":[],"_links":{"self":[{"href":"https:\/\/lediamant.ch\/de\/wp-json\/wp\/v2\/product\/220546","targetHints":{"allow":["GET"]}}],"collection":[{"href":"https:\/\/lediamant.ch\/de\/wp-json\/wp\/v2\/product"}],"about":[{"href":"https:\/\/lediamant.ch\/de\/wp-json\/wp\/v2\/types\/product"}],"wp:featuredmedia":[{"embeddable":true,"href":"https:\/\/lediamant.ch\/de\/wp-json\/wp\/v2\/media\/220267"}],"wp:attachment":[{"href":"https:\/\/lediamant.ch\/de\/wp-json\/wp\/v2\/media?parent=220546"}],"wp:term":[{"taxonomy":"brand","embeddable":true,"href":"https:\/\/lediamant.ch\/de\/wp-json\/wp\/v2\/brand?post=220546"},{"taxonomy":"product_brand","embeddable":true,"href":"https:\/\/lediamant.ch\/de\/wp-json\/wp\/v2\/product_brand?post=220546"},{"taxonomy":"product_cat","embeddable":true,"href":"https:\/\/lediamant.ch\/de\/wp-json\/wp\/v2\/product_cat?post=220546"},{"taxonomy":"product_tag","embeddable":true,"href":"https:\/\/lediamant.ch\/de\/wp-json\/wp\/v2\/product_tag?post=220546"}],"curies":[{"name":"wp","href":"https:\/\/api.w.org\/{rel}","templated":true}]}}