{"id":220550,"date":"2022-05-29T18:24:59","date_gmt":"2022-05-29T16:24:59","guid":{"rendered":"https:\/\/lediamant.ch\/produit\/unkategorisiert\/hamilton-boulton-small-second-quartz-m-2\/"},"modified":"2025-11-01T14:30:19","modified_gmt":"2025-11-01T13:30:19","slug":"hamilton-boulton-small-second-quartz-m-2","status":"publish","type":"product","link":"https:\/\/lediamant.ch\/de\/uhren\/220550-hamilton-boulton-small-second-quartz-m-2-h13321812\/","title":{"rendered":"Hamilton American Classic Boulton Small Second Gelb (M)"},"content":{"rendered":"<p>Die Hamilton Boulton M mit ihrem sanft geschwungenen Geh\u00e4use und dem charakteristischen Art D\u00e9co-Design ist jetzt in einer Palette von lebhaften Farben erh\u00e4ltlich, die von den D\u00fcften von Macarons inspiriert sind. Das herrliche wei\u00dfe Perlmuttzifferblatt mit r\u00f6mischen Ziffern wird durch ein passendes zitronengelbes Lederarmband veredelt. Die Hamilton Boulton Uhr ist in einer Farbpalette erh\u00e4ltlich, die das Wasser im Mund zusammenlaufen l\u00e4sst, und ist eine wahre uhrmacherische Delikatesse. Diese Uhr vereint Alt und Neu und verstr\u00f6mt einen belebenden und zeitlosen Duft von Weiblichkeit.<\/p>\n","protected":false},"excerpt":{"rendered":"<p>Die Hamilton Boulton M mit ihrem sanft geschwungenen Geh\u00e4use und dem charakteristischen Art D\u00e9co-Design ist jetzt in einer Palette von lebhaften Farben erh\u00e4ltlich, die von den D\u00fcften von Macarons inspiriert sind. Das herrliche wei\u00dfe Perlmuttzifferblatt mit r\u00f6mischen Ziffern wird durch ein passendes zitronengelbes Lederarmband veredelt. Die Hamilton Boulton Uhr ist in einer Farbpalette erh\u00e4ltlich, die &#8230; <a title=\"Hamilton American Classic Boulton Small Second Gelb (M)\" class=\"read-more\" href=\"https:\/\/lediamant.ch\/de\/uhren\/220550-hamilton-boulton-small-second-quartz-m-2-h13321812\/\" aria-label=\"Mehr Informationen \u00fcber Hamilton American Classic Boulton Small Second Gelb (M)\">Weiterlesen &#8230;<\/a><\/p>\n","protected":false},"featured_media":220288,"template":"","meta":{"_acf_changed":false,"_seopress_robots_primary_cat":"27181","_seopress_titles_title":"","_seopress_titles_desc":"Entdecken Sie die Hamilton Boulton M Uhr, eine perfekte Mischung aus Art Deco und Farben, die von Macarons inspiriert sind. Zeitloses Design trifft auf einen modernen Touch.","_seopress_robots_index":""},"brand":[27085],"product_brand":[],"product_cat":[27201,27181,27123],"product_tag":[],"class_list":{"0":"post-220550","1":"product","2":"type-product","3":"status-publish","4":"has-post-thumbnail","6":"brand-hamilton-de","7":"product_cat-american-classic","8":"product_cat-hamilton-de","9":"product_cat-uhren","10":"pa_couleurduboitier-grau-de","11":"pa_couleurdubracelet-gelb-de","12":"pa_couleurducadran-weiss","13":"pa_etancheite-50m-de","14":"pa_forme-rechteckig-de","15":"pa_genre-frau","16":"pa_matiere-stahl","17":"pa_matierebraceletmontre-leder","18":"pa_mouvement-quarzbatterie-de","19":"pa_swissmade-ja-de","20":"pa_verre-saphir-de","21":"sales-flash-overlay","22":"woocommerce-text-align-center","23":"woocommerce-image-align-center","24":"do-quantity-buttons","26":"first","27":"instock","28":"taxable","29":"shipping-taxable","30":"purchasable","31":"product-type-simple"},"acf":[],"_links":{"self":[{"href":"https:\/\/lediamant.ch\/de\/wp-json\/wp\/v2\/product\/220550","targetHints":{"allow":["GET"]}}],"collection":[{"href":"https:\/\/lediamant.ch\/de\/wp-json\/wp\/v2\/product"}],"about":[{"href":"https:\/\/lediamant.ch\/de\/wp-json\/wp\/v2\/types\/product"}],"wp:featuredmedia":[{"embeddable":true,"href":"https:\/\/lediamant.ch\/de\/wp-json\/wp\/v2\/media\/220288"}],"wp:attachment":[{"href":"https:\/\/lediamant.ch\/de\/wp-json\/wp\/v2\/media?parent=220550"}],"wp:term":[{"taxonomy":"brand","embeddable":true,"href":"https:\/\/lediamant.ch\/de\/wp-json\/wp\/v2\/brand?post=220550"},{"taxonomy":"product_brand","embeddable":true,"href":"https:\/\/lediamant.ch\/de\/wp-json\/wp\/v2\/product_brand?post=220550"},{"taxonomy":"product_cat","embeddable":true,"href":"https:\/\/lediamant.ch\/de\/wp-json\/wp\/v2\/product_cat?post=220550"},{"taxonomy":"product_tag","embeddable":true,"href":"https:\/\/lediamant.ch\/de\/wp-json\/wp\/v2\/product_tag?post=220550"}],"curies":[{"name":"wp","href":"https:\/\/api.w.org\/{rel}","templated":true}]}}