{"id":220555,"date":"2024-09-29T18:18:59","date_gmt":"2024-09-29T16:18:59","guid":{"rendered":"https:\/\/lediamant.ch\/produit\/unkategorisiert\/hamilton-ardmore-small-4\/"},"modified":"2025-11-01T14:45:42","modified_gmt":"2025-11-01T13:45:42","slug":"hamilton-ardmore-small-4","status":"publish","type":"product","link":"https:\/\/lediamant.ch\/de\/uhren\/220555-hamilton-ardmore-small-4-h11261760\/","title":{"rendered":"Hamilton American Classic Ardmore Quartz (S)"},"content":{"rendered":"<p>Die American Classic Ardmore ist ein Klassiker des Art Deco Stils, der f\u00fcr die heutige Zeit \u00fcberarbeitet wurde und eine anspruchsvolle Wahl f\u00fcr den Alltag darstellt. Inspiriert von dem Modell aus dem Jahr 1935, ist das Geh\u00e4use so gebogen, dass es sich perfekt an das Handgelenk schmiegt, w\u00e4hrend es seinen vielseitigen Art Deco Charme beibeh\u00e4lt, mit einer kleinen Sekunde, r\u00f6mischen Ziffern, feinen Proportionen und hochwertigen Materialien.<\/p>\n","protected":false},"excerpt":{"rendered":"<p>Die American Classic Ardmore ist ein Klassiker des Art Deco Stils, der f\u00fcr die heutige Zeit \u00fcberarbeitet wurde und eine anspruchsvolle Wahl f\u00fcr den Alltag darstellt. Inspiriert von dem Modell aus dem Jahr 1935, ist das Geh\u00e4use so gebogen, dass es sich perfekt an das Handgelenk schmiegt, w\u00e4hrend es seinen vielseitigen Art Deco Charme beibeh\u00e4lt, &#8230; <a title=\"Hamilton American Classic Ardmore Quartz (S)\" class=\"read-more\" href=\"https:\/\/lediamant.ch\/de\/uhren\/220555-hamilton-ardmore-small-4-h11261760\/\" aria-label=\"Mehr Informationen \u00fcber Hamilton American Classic Ardmore Quartz (S)\">Weiterlesen &#8230;<\/a><\/p>\n","protected":false},"featured_media":220282,"template":"","meta":{"_acf_changed":false,"_seopress_robots_primary_cat":"27181","_seopress_titles_title":"","_seopress_titles_desc":"Entdecken Sie den Ardmore, einen Art Deco-Klassiker in neuem Gewand. Geschwungenes Design, allt\u00e4gliche Eleganz, ein Hauch von zeitlosem Luxus.","_seopress_robots_index":""},"brand":[27085],"product_brand":[],"product_cat":[27201,27181,27123],"product_tag":[],"class_list":{"0":"post-220555","1":"product","2":"type-product","3":"status-publish","4":"has-post-thumbnail","6":"brand-hamilton-de","7":"product_cat-american-classic","8":"product_cat-hamilton-de","9":"product_cat-uhren","10":"pa_couleurduboitier-gelb-de","11":"pa_couleurdubracelet-schwarz-de","12":"pa_couleurducadran-grun","13":"pa_etancheite-30m-de","14":"pa_forme-rechteckig-de","15":"pa_genre-frau","16":"pa_matiere-gelbgoldpvd","17":"pa_matierebraceletmontre-leder","18":"pa_mouvement-quarzbatterie-de","19":"pa_swissmade-ja-de","20":"pa_verre-mineralglas-de","21":"sales-flash-overlay","22":"woocommerce-text-align-center","23":"woocommerce-image-align-center","24":"do-quantity-buttons","26":"first","27":"instock","28":"taxable","29":"shipping-taxable","30":"purchasable","31":"product-type-simple"},"acf":[],"_links":{"self":[{"href":"https:\/\/lediamant.ch\/de\/wp-json\/wp\/v2\/product\/220555","targetHints":{"allow":["GET"]}}],"collection":[{"href":"https:\/\/lediamant.ch\/de\/wp-json\/wp\/v2\/product"}],"about":[{"href":"https:\/\/lediamant.ch\/de\/wp-json\/wp\/v2\/types\/product"}],"wp:featuredmedia":[{"embeddable":true,"href":"https:\/\/lediamant.ch\/de\/wp-json\/wp\/v2\/media\/220282"}],"wp:attachment":[{"href":"https:\/\/lediamant.ch\/de\/wp-json\/wp\/v2\/media?parent=220555"}],"wp:term":[{"taxonomy":"brand","embeddable":true,"href":"https:\/\/lediamant.ch\/de\/wp-json\/wp\/v2\/brand?post=220555"},{"taxonomy":"product_brand","embeddable":true,"href":"https:\/\/lediamant.ch\/de\/wp-json\/wp\/v2\/product_brand?post=220555"},{"taxonomy":"product_cat","embeddable":true,"href":"https:\/\/lediamant.ch\/de\/wp-json\/wp\/v2\/product_cat?post=220555"},{"taxonomy":"product_tag","embeddable":true,"href":"https:\/\/lediamant.ch\/de\/wp-json\/wp\/v2\/product_tag?post=220555"}],"curies":[{"name":"wp","href":"https:\/\/api.w.org\/{rel}","templated":true}]}}