{"id":220558,"date":"2021-09-29T18:36:58","date_gmt":"2021-09-29T16:36:58","guid":{"rendered":"https:\/\/lediamant.ch\/produit\/unkategorisiert\/hamilton-lady-auto-3\/"},"modified":"2025-11-01T13:58:55","modified_gmt":"2025-11-01T12:58:55","slug":"hamilton-lady-auto-3","status":"publish","type":"product","link":"https:\/\/lediamant.ch\/de\/uhren\/220558-hamilton-lady-auto-3-h32315152\/","title":{"rendered":"Hamilton Jazzmaster Viewmatic"},"content":{"rendered":"<p>Der transparente Geh\u00e4useboden der Viewmatic bietet die seltene Gelegenheit, die harmonische Verbindung von zeitgen\u00f6ssischer Uhrmacherkunst und hochwertiger Handwerkskunst zu bewundern. Und gl\u00fccklicherweise ist diese Uhr auf der Vorderseite genauso faszinierend wie auf der R\u00fcckseite.<\/p>\n","protected":false},"excerpt":{"rendered":"<p>Der transparente Geh\u00e4useboden der Viewmatic bietet die seltene Gelegenheit, die harmonische Verbindung von zeitgen\u00f6ssischer Uhrmacherkunst und hochwertiger Handwerkskunst zu bewundern. Und gl\u00fccklicherweise ist diese Uhr auf der Vorderseite genauso faszinierend wie auf der R\u00fcckseite.<\/p>\n","protected":false},"featured_media":220300,"template":"","meta":{"_acf_changed":false,"_seopress_robots_primary_cat":"27181","_seopress_titles_title":"","_seopress_titles_desc":"Entdecken Sie die Viewmatic: eine exquisite Fusion aus moderner Uhrmacherkunst und Handwerkskunst, die auf beiden Seiten sichtbar ist. Eleganz und Innovation in einem.","_seopress_robots_index":""},"brand":[27085],"product_brand":[],"product_cat":[27181,27243,27123],"product_tag":[],"class_list":{"0":"post-220558","1":"product","2":"type-product","3":"status-publish","4":"has-post-thumbnail","6":"brand-hamilton-de","7":"product_cat-hamilton-de","8":"product_cat-jazzmaster-de","9":"product_cat-uhren","10":"pa_couleurducadran-silber","11":"pa_etancheite-50m-de","12":"pa_genre-frau","13":"pa_matiere-stahl","14":"pa_matierebraceletmontre-edelstahl","15":"pa_mouvement-automatik-de","16":"pa_swissmade-ja-de","17":"pa_verre-saphir-de","18":"sales-flash-overlay","19":"woocommerce-text-align-center","20":"woocommerce-image-align-center","21":"do-quantity-buttons","23":"first","24":"instock","25":"taxable","26":"shipping-taxable","27":"purchasable","28":"product-type-simple"},"acf":[],"_links":{"self":[{"href":"https:\/\/lediamant.ch\/de\/wp-json\/wp\/v2\/product\/220558","targetHints":{"allow":["GET"]}}],"collection":[{"href":"https:\/\/lediamant.ch\/de\/wp-json\/wp\/v2\/product"}],"about":[{"href":"https:\/\/lediamant.ch\/de\/wp-json\/wp\/v2\/types\/product"}],"wp:featuredmedia":[{"embeddable":true,"href":"https:\/\/lediamant.ch\/de\/wp-json\/wp\/v2\/media\/220300"}],"wp:attachment":[{"href":"https:\/\/lediamant.ch\/de\/wp-json\/wp\/v2\/media?parent=220558"}],"wp:term":[{"taxonomy":"brand","embeddable":true,"href":"https:\/\/lediamant.ch\/de\/wp-json\/wp\/v2\/brand?post=220558"},{"taxonomy":"product_brand","embeddable":true,"href":"https:\/\/lediamant.ch\/de\/wp-json\/wp\/v2\/product_brand?post=220558"},{"taxonomy":"product_cat","embeddable":true,"href":"https:\/\/lediamant.ch\/de\/wp-json\/wp\/v2\/product_cat?post=220558"},{"taxonomy":"product_tag","embeddable":true,"href":"https:\/\/lediamant.ch\/de\/wp-json\/wp\/v2\/product_tag?post=220558"}],"curies":[{"name":"wp","href":"https:\/\/api.w.org\/{rel}","templated":true}]}}