{"id":220559,"date":"2024-09-29T18:54:58","date_gmt":"2024-09-29T16:54:58","guid":{"rendered":"https:\/\/lediamant.ch\/produit\/unkategorisiert\/hamilton-performer-autochrono-42mm\/"},"modified":"2025-11-01T12:22:43","modified_gmt":"2025-11-01T11:22:43","slug":"hamilton-performer-autochrono-42mm","status":"publish","type":"product","link":"https:\/\/lediamant.ch\/de\/uhren\/220559-hamilton-performer-autochrono-42mm-h36606110\/","title":{"rendered":"Hamilton Jazzmaster Performer Auto Chrono 42mm"},"content":{"rendered":"<p>Die robusten und raffinierten Jazzmaster Performer Uhren wurden f\u00fcr Liebhaber von Stil und Pr\u00e4zision entworfen und begleiten Sie von mond\u00e4nen Abenden bis hin zu Abenteuern in der Natur. Die Jazzmaster Performer Automatic Chronograph wird von dem automatischen Chronographenwerk H-31 mit einer Gangreserve von 60 Stunden angetrieben. Das 42 mm gro\u00dfe Edelstahlgeh\u00e4use wird von einem klassischen wei\u00dfen Zifferblatt, einer kontrastierenden schwarzen L\u00fcnette und einem markanten Edelstahlarmband akzentuiert.<\/p>\n","protected":false},"excerpt":{"rendered":"<p>Die robusten und raffinierten Jazzmaster Performer Uhren wurden f\u00fcr Liebhaber von Stil und Pr\u00e4zision entworfen und begleiten Sie von mond\u00e4nen Abenden bis hin zu Abenteuern in der Natur. Die Jazzmaster Performer Automatic Chronograph wird von dem automatischen Chronographenwerk H-31 mit einer Gangreserve von 60 Stunden angetrieben. Das 42 mm gro\u00dfe Edelstahlgeh\u00e4use wird von einem klassischen &#8230; <a title=\"Hamilton Jazzmaster Performer Auto Chrono 42mm\" class=\"read-more\" href=\"https:\/\/lediamant.ch\/de\/uhren\/220559-hamilton-performer-autochrono-42mm-h36606110\/\" aria-label=\"Mehr Informationen \u00fcber Hamilton Jazzmaster Performer Auto Chrono 42mm\">Weiterlesen &#8230;<\/a><\/p>\n","protected":false},"featured_media":222224,"template":"","meta":{"_acf_changed":false,"_seopress_robots_primary_cat":"27181","_seopress_titles_title":"","_seopress_titles_desc":"Entdecken Sie die Jazzmaster Performer, die Robustheit und Eleganz f\u00fcr jeden Anlass vereint. H-31 Uhrwerk, 60 Stunden Reserve.","_seopress_robots_index":""},"brand":[27085],"product_brand":[],"product_cat":[27123,27181,27243],"product_tag":[],"class_list":{"0":"post-220559","1":"product","2":"type-product","3":"status-publish","4":"has-post-thumbnail","6":"brand-hamilton-de","7":"product_cat-uhren","8":"product_cat-hamilton-de","9":"product_cat-jazzmaster-de","10":"pa_couleurduboitier-grau-de","11":"pa_couleurdubracelet-grau-de","12":"pa_couleurducadran-weiss","13":"pa_etancheite-100m-de","14":"pa_forme-runden","15":"pa_genre-mann","16":"pa_matiere-stahl","17":"pa_matierebraceletmontre-edelstahl","18":"pa_mouvement-automatik-de","19":"pa_option-boitier-transparenter-hintergrund","20":"pa_swissmade-ja-de","21":"pa_typedemontre-chronograph-de","22":"pa_verre-saphir-de","23":"sales-flash-overlay","24":"woocommerce-text-align-center","25":"woocommerce-image-align-center","26":"do-quantity-buttons","28":"first","29":"instock","30":"taxable","31":"shipping-taxable","32":"purchasable","33":"product-type-simple"},"acf":[],"_links":{"self":[{"href":"https:\/\/lediamant.ch\/de\/wp-json\/wp\/v2\/product\/220559","targetHints":{"allow":["GET"]}}],"collection":[{"href":"https:\/\/lediamant.ch\/de\/wp-json\/wp\/v2\/product"}],"about":[{"href":"https:\/\/lediamant.ch\/de\/wp-json\/wp\/v2\/types\/product"}],"wp:featuredmedia":[{"embeddable":true,"href":"https:\/\/lediamant.ch\/de\/wp-json\/wp\/v2\/media\/222224"}],"wp:attachment":[{"href":"https:\/\/lediamant.ch\/de\/wp-json\/wp\/v2\/media?parent=220559"}],"wp:term":[{"taxonomy":"brand","embeddable":true,"href":"https:\/\/lediamant.ch\/de\/wp-json\/wp\/v2\/brand?post=220559"},{"taxonomy":"product_brand","embeddable":true,"href":"https:\/\/lediamant.ch\/de\/wp-json\/wp\/v2\/product_brand?post=220559"},{"taxonomy":"product_cat","embeddable":true,"href":"https:\/\/lediamant.ch\/de\/wp-json\/wp\/v2\/product_cat?post=220559"},{"taxonomy":"product_tag","embeddable":true,"href":"https:\/\/lediamant.ch\/de\/wp-json\/wp\/v2\/product_tag?post=220559"}],"curies":[{"name":"wp","href":"https:\/\/api.w.org\/{rel}","templated":true}]}}