{"id":220564,"date":"2025-03-29T18:45:58","date_gmt":"2025-03-29T17:45:58","guid":{"rendered":"https:\/\/lediamant.ch\/produit\/unkategorisiert\/hamilton-murph-auto-42mm-coffret-bracelet\/"},"modified":"2025-11-01T13:40:21","modified_gmt":"2025-11-01T12:40:21","slug":"hamilton-murph-auto-42mm-coffret-bracelet","status":"publish","type":"product","link":"https:\/\/lediamant.ch\/de\/uhren\/220564-hamilton-murph-auto-42mm-coffret-bracelet-h70605732\/","title":{"rendered":"Hamilton Khaki Field Murph Auto 42mm Set"},"content":{"rendered":"<p>Dieses einzigartige Set bietet Ihnen verschiedene M\u00f6glichkeiten, die emblematische Khaki Field Murph 42 mm zu tragen: ein Lederarmband und ein schlichtes Edelstahlarmband. Dank der au\u00dfergew\u00f6hnlichen Handwerkskunst und der Liebe zum Detail bleibt die Exzellenz ein grundlegender Wert f\u00fcr Hamilton, die auch Wert auf Robustheit legt. Unsere langlebigen Lederarmb\u00e4nder verleihen Ihrer Uhr einen zeitlosen Charme, w\u00e4hrend die Stahlarmb\u00e4nder, die f\u00fcr Komfort und Vielseitigkeit entworfen wurden, f\u00fcr einen raffinierten Stil sorgen.<\/p>\n","protected":false},"excerpt":{"rendered":"<p>Dieses einzigartige Set bietet Ihnen verschiedene M\u00f6glichkeiten, die emblematische Khaki Field Murph 42 mm zu tragen: ein Lederarmband und ein schlichtes Edelstahlarmband. Dank der au\u00dfergew\u00f6hnlichen Handwerkskunst und der Liebe zum Detail bleibt die Exzellenz ein grundlegender Wert f\u00fcr Hamilton, die auch Wert auf Robustheit legt. Unsere langlebigen Lederarmb\u00e4nder verleihen Ihrer Uhr einen zeitlosen Charme, w\u00e4hrend &#8230; <a title=\"Hamilton Khaki Field Murph Auto 42mm Set\" class=\"read-more\" href=\"https:\/\/lediamant.ch\/de\/uhren\/220564-hamilton-murph-auto-42mm-coffret-bracelet-h70605732\/\" aria-label=\"Mehr Informationen \u00fcber Hamilton Khaki Field Murph Auto 42mm Set\">Weiterlesen &#8230;<\/a><\/p>\n","protected":false},"featured_media":222262,"template":"","meta":{"_acf_changed":false,"_seopress_robots_primary_cat":"27181","_seopress_titles_title":"","_seopress_titles_desc":"Entdecken Sie die Khaki Field Murph 42 mm mit Armb\u00e4ndern aus Leder und Edelstahl f\u00fcr Eleganz und Robustheit. Ein Meisterwerk von Hamilton.","_seopress_robots_index":""},"brand":[27085],"product_brand":[],"product_cat":[27181,27291,27123],"product_tag":[],"class_list":{"0":"post-220564","1":"product","2":"type-product","3":"status-publish","4":"has-post-thumbnail","6":"brand-hamilton-de","7":"product_cat-hamilton-de","8":"product_cat-khaki-field-de","9":"product_cat-uhren","10":"pa_couleurduboitier-grau-de","11":"pa_couleurdubracelet-schwarz-de","12":"pa_couleurducadran-schwarz","13":"pa_etancheite-100m-de","14":"pa_forme-runden","15":"pa_genre-mann","16":"pa_matiere-stahl","17":"pa_matierebraceletmontre-edelstahl","18":"pa_matierebraceletmontre-leder","19":"pa_mouvement-automatik-de","20":"pa_swissmade-ja-de","21":"pa_typedemontre-militarische-uhren","22":"pa_verre-saphir-de","23":"sales-flash-overlay","24":"woocommerce-text-align-center","25":"woocommerce-image-align-center","26":"do-quantity-buttons","28":"first","29":"instock","30":"taxable","31":"shipping-taxable","32":"purchasable","33":"product-type-simple"},"acf":[],"_links":{"self":[{"href":"https:\/\/lediamant.ch\/de\/wp-json\/wp\/v2\/product\/220564","targetHints":{"allow":["GET"]}}],"collection":[{"href":"https:\/\/lediamant.ch\/de\/wp-json\/wp\/v2\/product"}],"about":[{"href":"https:\/\/lediamant.ch\/de\/wp-json\/wp\/v2\/types\/product"}],"wp:featuredmedia":[{"embeddable":true,"href":"https:\/\/lediamant.ch\/de\/wp-json\/wp\/v2\/media\/222262"}],"wp:attachment":[{"href":"https:\/\/lediamant.ch\/de\/wp-json\/wp\/v2\/media?parent=220564"}],"wp:term":[{"taxonomy":"brand","embeddable":true,"href":"https:\/\/lediamant.ch\/de\/wp-json\/wp\/v2\/brand?post=220564"},{"taxonomy":"product_brand","embeddable":true,"href":"https:\/\/lediamant.ch\/de\/wp-json\/wp\/v2\/product_brand?post=220564"},{"taxonomy":"product_cat","embeddable":true,"href":"https:\/\/lediamant.ch\/de\/wp-json\/wp\/v2\/product_cat?post=220564"},{"taxonomy":"product_tag","embeddable":true,"href":"https:\/\/lediamant.ch\/de\/wp-json\/wp\/v2\/product_tag?post=220564"}],"curies":[{"name":"wp","href":"https:\/\/api.w.org\/{rel}","templated":true}]}}