{"id":220568,"date":"2024-09-29T18:51:58","date_gmt":"2024-09-29T16:51:58","guid":{"rendered":"https:\/\/lediamant.ch\/produit\/unkategorisiert\/hamilton-frogman-46mm\/"},"modified":"2025-11-01T13:23:08","modified_gmt":"2025-11-01T12:23:08","slug":"hamilton-frogman-46mm","status":"publish","type":"product","link":"https:\/\/lediamant.ch\/de\/uhren\/220568-hamilton-frogman-46mm-h77855330\/","title":{"rendered":"Hamilton Khaki Navy Frogman 46mm"},"content":{"rendered":"<p>Die Khaki Navy Frogman Automatic mit ihrem k\u00fchnen Look ist die technisch fortschrittlichste maritime Uhr von Hamilton. Dieses Pr\u00e4zisionsinstrument wurde f\u00fcr Pr\u00e4zision, Ablesbarkeit und Ausdauer entwickelt und ist von der Kraft des Meeres inspiriert. Es verf\u00fcgt \u00fcber einen robusten Kronenschutz und ein taktisches Kautschukarmband mit Welleneffekt. Entdecken Sie unsere Khaki Navy Kollektion, die f\u00fcr Unterwasserabenteuer konzipiert wurde.<\/p>\n","protected":false},"excerpt":{"rendered":"<p>Die Khaki Navy Frogman Automatic mit ihrem k\u00fchnen Look ist die technisch fortschrittlichste maritime Uhr von Hamilton. Dieses Pr\u00e4zisionsinstrument wurde f\u00fcr Pr\u00e4zision, Ablesbarkeit und Ausdauer entwickelt und ist von der Kraft des Meeres inspiriert. Es verf\u00fcgt \u00fcber einen robusten Kronenschutz und ein taktisches Kautschukarmband mit Welleneffekt. Entdecken Sie unsere Khaki Navy Kollektion, die f\u00fcr Unterwasserabenteuer &#8230; <a title=\"Hamilton Khaki Navy Frogman 46mm\" class=\"read-more\" href=\"https:\/\/lediamant.ch\/de\/uhren\/220568-hamilton-frogman-46mm-h77855330\/\" aria-label=\"Mehr Informationen \u00fcber Hamilton Khaki Navy Frogman 46mm\">Weiterlesen &#8230;<\/a><\/p>\n","protected":false},"featured_media":220315,"template":"","meta":{"_acf_changed":false,"_seopress_robots_primary_cat":"27181","_seopress_titles_title":"","_seopress_titles_desc":"Entdecken Sie die Khaki Navy Frogman von Hamilton, ein Pr\u00e4zisionsmodell, das f\u00fcr die Herausforderungen unter Wasser entwickelt wurde. Perfekt f\u00fcr das Abenteuer!","_seopress_robots_index":""},"brand":[27085],"product_brand":[],"product_cat":[27181,27305,27123],"product_tag":[],"class_list":{"0":"post-220568","1":"product","2":"type-product","3":"status-publish","4":"has-post-thumbnail","6":"brand-hamilton-de","7":"product_cat-hamilton-de","8":"product_cat-khaki-navy-de","9":"product_cat-uhren","10":"pa_couleurduboitier-schwarz-de","11":"pa_couleurdubracelet-schwarz-de","12":"pa_couleurducadran-schwarz","13":"pa_etancheite-300m-de","14":"pa_forme-runden","15":"pa_genre-mann","16":"pa_matiere-schwarzespvd","17":"pa_matierebraceletmontre-kautschuk","18":"pa_mouvement-automatik-de","19":"pa_swissmade-ja-de","20":"pa_typedemontre-taucheruhren","21":"pa_verre-saphir-de","22":"sales-flash-overlay","23":"woocommerce-text-align-center","24":"woocommerce-image-align-center","25":"do-quantity-buttons","27":"first","28":"instock","29":"taxable","30":"shipping-taxable","31":"purchasable","32":"product-type-simple"},"acf":[],"_links":{"self":[{"href":"https:\/\/lediamant.ch\/de\/wp-json\/wp\/v2\/product\/220568","targetHints":{"allow":["GET"]}}],"collection":[{"href":"https:\/\/lediamant.ch\/de\/wp-json\/wp\/v2\/product"}],"about":[{"href":"https:\/\/lediamant.ch\/de\/wp-json\/wp\/v2\/types\/product"}],"wp:featuredmedia":[{"embeddable":true,"href":"https:\/\/lediamant.ch\/de\/wp-json\/wp\/v2\/media\/220315"}],"wp:attachment":[{"href":"https:\/\/lediamant.ch\/de\/wp-json\/wp\/v2\/media?parent=220568"}],"wp:term":[{"taxonomy":"brand","embeddable":true,"href":"https:\/\/lediamant.ch\/de\/wp-json\/wp\/v2\/brand?post=220568"},{"taxonomy":"product_brand","embeddable":true,"href":"https:\/\/lediamant.ch\/de\/wp-json\/wp\/v2\/product_brand?post=220568"},{"taxonomy":"product_cat","embeddable":true,"href":"https:\/\/lediamant.ch\/de\/wp-json\/wp\/v2\/product_cat?post=220568"},{"taxonomy":"product_tag","embeddable":true,"href":"https:\/\/lediamant.ch\/de\/wp-json\/wp\/v2\/product_tag?post=220568"}],"curies":[{"name":"wp","href":"https:\/\/api.w.org\/{rel}","templated":true}]}}