{"id":220570,"date":"2021-09-29T19:09:59","date_gmt":"2021-09-29T17:09:59","guid":{"rendered":"https:\/\/lediamant.ch\/produit\/unkategorisiert\/hamilton-scuba-auto\/"},"modified":"2025-11-01T11:30:50","modified_gmt":"2025-11-01T10:30:50","slug":"hamilton-scuba-auto","status":"publish","type":"product","link":"https:\/\/lediamant.ch\/de\/uhren\/220570-hamilton-khaki-navy-scuba-auto-40mm-h82405130\/","title":{"rendered":"Hamilton Khaki Navy Scuba Auto 40mm"},"content":{"rendered":"<p>Die Khaki Navy Scuba Automatic 40 mm hat eine sandgestrahlte L\u00fcnette aus rotem Aluminium f\u00fcr einen tieferen Charakter und einen diskreten Glanz. Inspiriert von der Welt der Seefahrt, erinnert das kr\u00e4ftige Rot an die Farbe, die von den Seenotrettungsteams getragen wird, sowie an die linke Seite der Segelschiffe (Backbord). Angetrieben von unserem Automatikwerk H-10 ist diese Uhr die perfekte Wahl f\u00fcr alle, die Stil und Leistung lieben. Der verf\u00fchrerische und universelle rote Farbton verleiht der Khaki Navy Scuba einen einzigartigen und sportlichen Touch. Sie wird ein zeitloser Begleiter f\u00fcr jedes Abenteuer sein, von der Erkundung des Wassers bis hin zu urbanen Abenteuern.<\/p>\n","protected":false},"excerpt":{"rendered":"<p>Die Khaki Navy Scuba Automatic 40 mm hat eine sandgestrahlte L\u00fcnette aus rotem Aluminium f\u00fcr einen tieferen Charakter und einen diskreten Glanz. Inspiriert von der Welt der Seefahrt, erinnert das kr\u00e4ftige Rot an die Farbe, die von den Seenotrettungsteams getragen wird, sowie an die linke Seite der Segelschiffe (Backbord). Angetrieben von unserem Automatikwerk H-10 ist &#8230; <a title=\"Hamilton Khaki Navy Scuba Auto 40mm\" class=\"read-more\" href=\"https:\/\/lediamant.ch\/de\/uhren\/220570-hamilton-khaki-navy-scuba-auto-40mm-h82405130\/\" aria-label=\"Mehr Informationen \u00fcber Hamilton Khaki Navy Scuba Auto 40mm\">Weiterlesen &#8230;<\/a><\/p>\n","protected":false},"featured_media":222164,"template":"","meta":{"_acf_changed":false,"_seopress_robots_primary_cat":"27181","_seopress_titles_title":"","_seopress_titles_desc":"Eleganz und Leistung treffen sich bei der Khaki Navy Scuba Automatic in leuchtendem Rot, perfekt f\u00fcr stilbewusste Abenteurer.","_seopress_robots_index":""},"brand":[27085],"product_brand":[],"product_cat":[27181,27305,27123],"product_tag":[],"class_list":{"0":"post-220570","1":"product","2":"type-product","3":"status-publish","4":"has-post-thumbnail","6":"brand-hamilton-de","7":"product_cat-hamilton-de","8":"product_cat-khaki-navy-de","9":"product_cat-uhren","10":"pa_couleurducadran-schwarz","11":"pa_etancheite-100m-de","12":"pa_genre-mann","13":"pa_matiere-stahl","14":"pa_matierebraceletmontre-edelstahl","15":"pa_mouvement-automatik-de","16":"pa_swissmade-ja-de","17":"pa_typedemontre-taucheruhren","18":"pa_verre-saphir-de","19":"sales-flash-overlay","20":"woocommerce-text-align-center","21":"woocommerce-image-align-center","22":"do-quantity-buttons","24":"first","25":"outofstock","26":"taxable","27":"shipping-taxable","28":"purchasable","29":"product-type-simple"},"acf":[],"_links":{"self":[{"href":"https:\/\/lediamant.ch\/de\/wp-json\/wp\/v2\/product\/220570","targetHints":{"allow":["GET"]}}],"collection":[{"href":"https:\/\/lediamant.ch\/de\/wp-json\/wp\/v2\/product"}],"about":[{"href":"https:\/\/lediamant.ch\/de\/wp-json\/wp\/v2\/types\/product"}],"wp:featuredmedia":[{"embeddable":true,"href":"https:\/\/lediamant.ch\/de\/wp-json\/wp\/v2\/media\/222164"}],"wp:attachment":[{"href":"https:\/\/lediamant.ch\/de\/wp-json\/wp\/v2\/media?parent=220570"}],"wp:term":[{"taxonomy":"brand","embeddable":true,"href":"https:\/\/lediamant.ch\/de\/wp-json\/wp\/v2\/brand?post=220570"},{"taxonomy":"product_brand","embeddable":true,"href":"https:\/\/lediamant.ch\/de\/wp-json\/wp\/v2\/product_brand?post=220570"},{"taxonomy":"product_cat","embeddable":true,"href":"https:\/\/lediamant.ch\/de\/wp-json\/wp\/v2\/product_cat?post=220570"},{"taxonomy":"product_tag","embeddable":true,"href":"https:\/\/lediamant.ch\/de\/wp-json\/wp\/v2\/product_tag?post=220570"}],"curies":[{"name":"wp","href":"https:\/\/api.w.org\/{rel}","templated":true}]}}