{"id":220573,"date":"2022-09-30T08:18:35","date_gmt":"2022-09-30T06:18:35","guid":{"rendered":"https:\/\/lediamant.ch\/produit\/unkategorisiert\/hamilton-scuba-auto-2\/"},"modified":"2025-10-02T15:16:01","modified_gmt":"2025-10-02T13:16:01","slug":"hamilton-scuba-auto-2","status":"publish","type":"product","link":"https:\/\/lediamant.ch\/de\/uhren\/220573-hamilton-khaki-navy-scuba-auto-43mm-h82505150\/","title":{"rendered":"Hamilton Khaki Navy Scuba Auto 43mm"},"content":{"rendered":"<p>Bereiten Sie sich mit dieser Khaki Navy Scuba Automatic auf einen Sommer am Meer vor. Die blaue Keramikl\u00fcnette verleiht diesem unumg\u00e4nglichen, vom Meer inspirierten St\u00fcck einen nautischen Touch.<\/p>\n","protected":false},"excerpt":{"rendered":"<p>Bereiten Sie sich mit dieser Khaki Navy Scuba Automatic auf einen Sommer am Meer vor. Die blaue Keramikl\u00fcnette verleiht diesem unumg\u00e4nglichen, vom Meer inspirierten St\u00fcck einen nautischen Touch.<\/p>\n","protected":false},"featured_media":220356,"template":"","meta":{"_acf_changed":false,"_seopress_robots_primary_cat":"27181","_seopress_titles_title":"","_seopress_titles_desc":"Bereiten Sie sich auf Ihren Sommer am Meer vor mit dieser Uhr, die so konzipiert ist, dass sie Sand und Salz widersteht. Nautische Eleganz garantiert!","_seopress_robots_index":""},"brand":[27085],"product_brand":[],"product_cat":[27181,27305,27123],"product_tag":[],"class_list":{"0":"post-220573","1":"product","2":"type-product","3":"status-publish","4":"has-post-thumbnail","6":"brand-hamilton-de","7":"product_cat-hamilton-de","8":"product_cat-khaki-navy-de","9":"product_cat-uhren","10":"pa_couleurducadran-silber","11":"pa_etancheite-300m-de","12":"pa_genre-mann","13":"pa_matiere-stahl","14":"pa_matierebraceletmontre-edelstahl","15":"pa_mouvement-automatik-de","16":"pa_swissmade-ja-de","17":"pa_typedemontre-taucheruhren","18":"pa_verre-saphir-de","19":"sales-flash-overlay","20":"woocommerce-text-align-center","21":"woocommerce-image-align-center","22":"do-quantity-buttons","24":"first","25":"instock","26":"taxable","27":"shipping-taxable","28":"purchasable","29":"product-type-simple"},"acf":[],"_links":{"self":[{"href":"https:\/\/lediamant.ch\/de\/wp-json\/wp\/v2\/product\/220573","targetHints":{"allow":["GET"]}}],"collection":[{"href":"https:\/\/lediamant.ch\/de\/wp-json\/wp\/v2\/product"}],"about":[{"href":"https:\/\/lediamant.ch\/de\/wp-json\/wp\/v2\/types\/product"}],"wp:featuredmedia":[{"embeddable":true,"href":"https:\/\/lediamant.ch\/de\/wp-json\/wp\/v2\/media\/220356"}],"wp:attachment":[{"href":"https:\/\/lediamant.ch\/de\/wp-json\/wp\/v2\/media?parent=220573"}],"wp:term":[{"taxonomy":"brand","embeddable":true,"href":"https:\/\/lediamant.ch\/de\/wp-json\/wp\/v2\/brand?post=220573"},{"taxonomy":"product_brand","embeddable":true,"href":"https:\/\/lediamant.ch\/de\/wp-json\/wp\/v2\/product_brand?post=220573"},{"taxonomy":"product_cat","embeddable":true,"href":"https:\/\/lediamant.ch\/de\/wp-json\/wp\/v2\/product_cat?post=220573"},{"taxonomy":"product_tag","embeddable":true,"href":"https:\/\/lediamant.ch\/de\/wp-json\/wp\/v2\/product_tag?post=220573"}],"curies":[{"name":"wp","href":"https:\/\/api.w.org\/{rel}","templated":true}]}}