{"id":220574,"date":"2023-09-29T19:15:59","date_gmt":"2023-09-29T17:15:59","guid":{"rendered":"https:\/\/lediamant.ch\/produit\/unkategorisiert\/hamilton-mechanical-bronze\/"},"modified":"2025-10-02T15:55:29","modified_gmt":"2025-10-02T13:55:29","slug":"hamilton-mechanical-bronze","status":"publish","type":"product","link":"https:\/\/lediamant.ch\/de\/uhren\/220574-hamilton-khaki-field-mechanical-bronze-h69459510\/","title":{"rendered":"Hamilton Khaki Field Mechanical Bronze 38mm"},"content":{"rendered":"<p>Diese ultimative Soldatenuhr wurde mit einem Bronzegeh\u00e4use und einem wei\u00dfen Zifferblatt neu gestaltet. Jede Khaki Field Mechanical Bronze hat ihre eigene Geschichte, die jedes Mal neu geschrieben wird, wenn man sie am Handgelenk tr\u00e4gt, da das Geh\u00e4use im Laufe der Zeit eine Patina annimmt. Diese 38 mm Uhr, die von unserem exklusiven H-50 Handaufzugswerk angetrieben wird, hat einen Titanboden und ein weiches braunes NATO-Lederarmband, eine Hommage an das milit\u00e4rische Erbe von Hamilton mit einem modernen Touch. Welche Geschichte werden Sie mit Ihrer Offroad-Uhr am Handgelenk schreiben? *Das Geh\u00e4use jeder Khaki Field Mechanical Bronze wird seine eigene Patina entwickeln, je nach der Umgebung, der es ausgesetzt ist. Lassen Sie die Patina sich entwickeln, um einen einzigartigen Look zu erhalten. Sie k\u00f6nnen die Uhr mit einem Mikrofasertuch reinigen.<\/p>\n","protected":false},"excerpt":{"rendered":"<p>Diese ultimative Soldatenuhr wurde mit einem Bronzegeh\u00e4use und einem wei\u00dfen Zifferblatt neu gestaltet. Jede Khaki Field Mechanical Bronze hat ihre eigene Geschichte, die jedes Mal neu geschrieben wird, wenn man sie am Handgelenk tr\u00e4gt, da das Geh\u00e4use im Laufe der Zeit eine Patina annimmt. Diese 38 mm Uhr, die von unserem exklusiven H-50 Handaufzugswerk angetrieben &#8230; <a title=\"Hamilton Khaki Field Mechanical Bronze 38mm\" class=\"read-more\" href=\"https:\/\/lediamant.ch\/de\/uhren\/220574-hamilton-khaki-field-mechanical-bronze-h69459510\/\" aria-label=\"Mehr Informationen \u00fcber Hamilton Khaki Field Mechanical Bronze 38mm\">Weiterlesen &#8230;<\/a><\/p>\n","protected":false},"featured_media":220339,"template":"","meta":{"_acf_changed":false,"_seopress_robots_primary_cat":"27181","_seopress_titles_title":"","_seopress_titles_desc":"Entdecken Sie die Khaki Field Mechanical Uhr aus Bronze mit wei\u00dfem Zifferblatt. Einzigartig durch die sich ver\u00e4ndernde Patina, perfekt f\u00fcr jede pers\u00f6nliche Geschichte.","_seopress_robots_index":""},"brand":[27085],"product_brand":[],"product_cat":[27181,27291,27123],"product_tag":[],"class_list":{"0":"post-220574","1":"product","2":"type-product","3":"status-publish","4":"has-post-thumbnail","6":"brand-hamilton-de","7":"product_cat-hamilton-de","8":"product_cat-khaki-field-de","9":"product_cat-uhren","10":"sales-flash-overlay","11":"woocommerce-text-align-center","12":"woocommerce-image-align-center","13":"do-quantity-buttons","15":"first","16":"instock","17":"taxable","18":"shipping-taxable","19":"purchasable","20":"product-type-simple"},"acf":[],"_links":{"self":[{"href":"https:\/\/lediamant.ch\/de\/wp-json\/wp\/v2\/product\/220574","targetHints":{"allow":["GET"]}}],"collection":[{"href":"https:\/\/lediamant.ch\/de\/wp-json\/wp\/v2\/product"}],"about":[{"href":"https:\/\/lediamant.ch\/de\/wp-json\/wp\/v2\/types\/product"}],"wp:featuredmedia":[{"embeddable":true,"href":"https:\/\/lediamant.ch\/de\/wp-json\/wp\/v2\/media\/220339"}],"wp:attachment":[{"href":"https:\/\/lediamant.ch\/de\/wp-json\/wp\/v2\/media?parent=220574"}],"wp:term":[{"taxonomy":"brand","embeddable":true,"href":"https:\/\/lediamant.ch\/de\/wp-json\/wp\/v2\/brand?post=220574"},{"taxonomy":"product_brand","embeddable":true,"href":"https:\/\/lediamant.ch\/de\/wp-json\/wp\/v2\/product_brand?post=220574"},{"taxonomy":"product_cat","embeddable":true,"href":"https:\/\/lediamant.ch\/de\/wp-json\/wp\/v2\/product_cat?post=220574"},{"taxonomy":"product_tag","embeddable":true,"href":"https:\/\/lediamant.ch\/de\/wp-json\/wp\/v2\/product_tag?post=220574"}],"curies":[{"name":"wp","href":"https:\/\/api.w.org\/{rel}","templated":true}]}}