{"id":220575,"date":"2025-09-30T08:21:45","date_gmt":"2025-09-30T06:21:45","guid":{"rendered":"https:\/\/lediamant.ch\/produit\/unkategorisiert\/hamilton-titanium-auto-2\/"},"modified":"2025-11-01T09:31:09","modified_gmt":"2025-11-01T08:31:09","slug":"hamilton-titanium-auto-2","status":"publish","type":"product","link":"https:\/\/lediamant.ch\/de\/uhren\/220575-hamilton-khaki-field-titanium-auto-42mm-h70545560\/","title":{"rendered":"Hamilton Khaki Field Titanium Auto 42mm"},"content":{"rendered":"<p>Verbinden Sie Ihr n\u00e4chstes Abenteuer mit einer Uhr, die das milit\u00e4rische Erbe von Hamilton mit ihrem authentischen, auf Action ausgelegten Stil ehrt. Die Khaki Field Titanium Automatic ist perfekt f\u00fcr das Leben im Feld geeignet und ist die ultimative Allround-Uhr f\u00fcr den modernen Helden. Entdecken Sie unsere Kollektion robuster Milit\u00e4ruhren.  <\/p>\n","protected":false},"excerpt":{"rendered":"<p>Verbinden Sie Ihr n\u00e4chstes Abenteuer mit einer Uhr, die das milit\u00e4rische Erbe von Hamilton mit ihrem authentischen, auf Action ausgelegten Stil ehrt. Die Khaki Field Titanium Automatic ist perfekt f\u00fcr das Leben im Feld geeignet und ist die ultimative Allround-Uhr f\u00fcr den modernen Helden. Entdecken Sie unsere Kollektion robuster Milit\u00e4ruhren.<\/p>\n","protected":false},"featured_media":220359,"template":"","meta":{"_acf_changed":false,"_seopress_robots_primary_cat":"27180","_seopress_titles_title":"","_seopress_titles_desc":"Entdecken Sie die Widerstandsf\u00e4higkeit und den milit\u00e4rischen Stil mit der Khaki Field Titanium Automatic, einer Uhr, die f\u00fcr moderne Helden entworfen wurde.","_seopress_robots_index":""},"brand":[27085],"product_brand":[],"product_cat":[27181,27291,27123],"product_tag":[],"class_list":{"0":"post-220575","1":"product","2":"type-product","3":"status-publish","4":"has-post-thumbnail","6":"brand-hamilton-de","7":"product_cat-hamilton-de","8":"product_cat-khaki-field-de","9":"product_cat-uhren","10":"pa_couleurducadran-grun","11":"pa_etancheite-100m-de","12":"pa_genre-mann","13":"pa_matiere-titan","14":"pa_matierebraceletmontre-leder","15":"pa_mouvement-automatik-de","16":"pa_swissmade-ja-de","17":"pa_verre-saphir-de","18":"sales-flash-overlay","19":"woocommerce-text-align-center","20":"woocommerce-image-align-center","21":"do-quantity-buttons","23":"first","24":"instock","25":"taxable","26":"shipping-taxable","27":"purchasable","28":"product-type-simple"},"acf":[],"_links":{"self":[{"href":"https:\/\/lediamant.ch\/de\/wp-json\/wp\/v2\/product\/220575","targetHints":{"allow":["GET"]}}],"collection":[{"href":"https:\/\/lediamant.ch\/de\/wp-json\/wp\/v2\/product"}],"about":[{"href":"https:\/\/lediamant.ch\/de\/wp-json\/wp\/v2\/types\/product"}],"wp:featuredmedia":[{"embeddable":true,"href":"https:\/\/lediamant.ch\/de\/wp-json\/wp\/v2\/media\/220359"}],"wp:attachment":[{"href":"https:\/\/lediamant.ch\/de\/wp-json\/wp\/v2\/media?parent=220575"}],"wp:term":[{"taxonomy":"brand","embeddable":true,"href":"https:\/\/lediamant.ch\/de\/wp-json\/wp\/v2\/brand?post=220575"},{"taxonomy":"product_brand","embeddable":true,"href":"https:\/\/lediamant.ch\/de\/wp-json\/wp\/v2\/product_brand?post=220575"},{"taxonomy":"product_cat","embeddable":true,"href":"https:\/\/lediamant.ch\/de\/wp-json\/wp\/v2\/product_cat?post=220575"},{"taxonomy":"product_tag","embeddable":true,"href":"https:\/\/lediamant.ch\/de\/wp-json\/wp\/v2\/product_tag?post=220575"}],"curies":[{"name":"wp","href":"https:\/\/api.w.org\/{rel}","templated":true}]}}