{"id":220576,"date":"2024-09-29T19:18:58","date_gmt":"2024-09-29T17:18:58","guid":{"rendered":"https:\/\/lediamant.ch\/produit\/unkategorisiert\/hamilton-expedition-auto\/"},"modified":"2025-10-02T15:49:05","modified_gmt":"2025-10-02T13:49:05","slug":"hamilton-expedition-auto","status":"publish","type":"product","link":"https:\/\/lediamant.ch\/de\/uhren\/220576-hamilton-expedition-auto-41mm-h70315110\/","title":{"rendered":"Hamilton Expedition Auto 41mm"},"content":{"rendered":"<p>R\u00fcsten Sie sich f\u00fcr die freie Natur mit der Khaki Field Expedition, einer gel\u00e4ndeg\u00e4ngigen Abenteueruhr mit Kompassl\u00fcnette. Neben einem 41 mm Edelstahlgeh\u00e4use mit einem passenden dreigliedrigen Armband mit Faltschlie\u00dfe aus Stahl verf\u00fcgt sie \u00fcber eine verschraubte Krone, die das Uhrwerk sch\u00fctzt. Mit dem neuen, wei\u00df sandgestrahlten Zifferblatt f\u00fcr optimale Lesbarkeit wird diese Khaki Field Expedition Ihre robusteste Uhr sein.<\/p>\n","protected":false},"excerpt":{"rendered":"<p>R\u00fcsten Sie sich f\u00fcr die freie Natur mit der Khaki Field Expedition, einer gel\u00e4ndeg\u00e4ngigen Abenteueruhr mit Kompassl\u00fcnette. Neben einem 41 mm Edelstahlgeh\u00e4use mit einem passenden dreigliedrigen Armband mit Faltschlie\u00dfe aus Stahl verf\u00fcgt sie \u00fcber eine verschraubte Krone, die das Uhrwerk sch\u00fctzt. Mit dem neuen, wei\u00df sandgestrahlten Zifferblatt f\u00fcr optimale Lesbarkeit wird diese Khaki Field Expedition &#8230; <a title=\"Hamilton Expedition Auto 41mm\" class=\"read-more\" href=\"https:\/\/lediamant.ch\/de\/uhren\/220576-hamilton-expedition-auto-41mm-h70315110\/\" aria-label=\"Mehr Informationen \u00fcber Hamilton Expedition Auto 41mm\">Weiterlesen &#8230;<\/a><\/p>\n","protected":false},"featured_media":220342,"template":"","meta":{"_acf_changed":false,"_seopress_robots_primary_cat":"27181","_seopress_titles_title":"","_seopress_titles_desc":"Entdecken Sie die Khaki Field Expedition, Ihre robuste Uhr f\u00fcr jedes Gel\u00e4nde mit Kompassl\u00fcnette und Stahlgeh\u00e4use.","_seopress_robots_index":""},"brand":[27085],"product_brand":[],"product_cat":[27181,27291,27123],"product_tag":[],"class_list":{"0":"post-220576","1":"product","2":"type-product","3":"status-publish","4":"has-post-thumbnail","6":"brand-hamilton-de","7":"product_cat-hamilton-de","8":"product_cat-khaki-field-de","9":"product_cat-uhren","10":"pa_couleurducadran-weiss","11":"pa_etancheite-100m-de","12":"pa_genre-mann","13":"pa_matiere-stahl","14":"pa_matierebraceletmontre-edelstahl","15":"pa_mouvement-automatik-de","16":"pa_swissmade-ja-de","17":"pa_typedemontre-sportuhren","18":"pa_verre-saphir-de","19":"sales-flash-overlay","20":"woocommerce-text-align-center","21":"woocommerce-image-align-center","22":"do-quantity-buttons","24":"first","25":"instock","26":"taxable","27":"shipping-taxable","28":"purchasable","29":"product-type-simple"},"acf":[],"_links":{"self":[{"href":"https:\/\/lediamant.ch\/de\/wp-json\/wp\/v2\/product\/220576","targetHints":{"allow":["GET"]}}],"collection":[{"href":"https:\/\/lediamant.ch\/de\/wp-json\/wp\/v2\/product"}],"about":[{"href":"https:\/\/lediamant.ch\/de\/wp-json\/wp\/v2\/types\/product"}],"wp:featuredmedia":[{"embeddable":true,"href":"https:\/\/lediamant.ch\/de\/wp-json\/wp\/v2\/media\/220342"}],"wp:attachment":[{"href":"https:\/\/lediamant.ch\/de\/wp-json\/wp\/v2\/media?parent=220576"}],"wp:term":[{"taxonomy":"brand","embeddable":true,"href":"https:\/\/lediamant.ch\/de\/wp-json\/wp\/v2\/brand?post=220576"},{"taxonomy":"product_brand","embeddable":true,"href":"https:\/\/lediamant.ch\/de\/wp-json\/wp\/v2\/product_brand?post=220576"},{"taxonomy":"product_cat","embeddable":true,"href":"https:\/\/lediamant.ch\/de\/wp-json\/wp\/v2\/product_cat?post=220576"},{"taxonomy":"product_tag","embeddable":true,"href":"https:\/\/lediamant.ch\/de\/wp-json\/wp\/v2\/product_tag?post=220576"}],"curies":[{"name":"wp","href":"https:\/\/api.w.org\/{rel}","templated":true}]}}