{"id":220578,"date":"2023-09-29T19:21:58","date_gmt":"2023-09-29T17:21:58","guid":{"rendered":"https:\/\/lediamant.ch\/produit\/unkategorisiert\/hamilton-converter-auto-chrono\/"},"modified":"2025-10-02T15:42:32","modified_gmt":"2025-10-02T13:42:32","slug":"hamilton-converter-auto-chrono","status":"publish","type":"product","link":"https:\/\/lediamant.ch\/de\/uhren\/220578-hamilton-khaki-aviation-converter-auto-chrono-h76746140\/","title":{"rendered":"Hamilton Khaki Aviation Converter Auto Chrono 44mm"},"content":{"rendered":"<p>Durchkreuzen Sie den Himmel mit unserer Khaki Aviation Converter Auto Chrono, die mit einer bidirektionalen, drehbaren Rechenschieberl\u00fcnette ausgestattet ist, mit der Sie wichtige Operationen und Umrechnungen auf einen Blick durchf\u00fchren k\u00f6nnen. Ausgestattet mit dem H-21-Si Uhrwerk mit Silizium-Spiralfeder f\u00fcr verbesserte Leistung und Pr\u00e4zision, verbindet diese Fliegeruhr Funktionalit\u00e4t und Luftfahrt\u00e4sthetik in Perfektion: Das 44 mm Edelstahlgeh\u00e4use wird von einem Edelstahlarmband und einem blauen Zifferblatt begleitet, das an die Farbe eines klaren Himmels erinnert.<\/p>\n","protected":false},"excerpt":{"rendered":"<p>Durchkreuzen Sie den Himmel mit unserer Khaki Aviation Converter Auto Chrono, die mit einer bidirektionalen, drehbaren Rechenschieberl\u00fcnette ausgestattet ist, mit der Sie wichtige Operationen und Umrechnungen auf einen Blick durchf\u00fchren k\u00f6nnen. Ausgestattet mit dem H-21-Si Uhrwerk mit Silizium-Spiralfeder f\u00fcr verbesserte Leistung und Pr\u00e4zision, verbindet diese Fliegeruhr Funktionalit\u00e4t und Luftfahrt\u00e4sthetik in Perfektion: Das 44 mm Edelstahlgeh\u00e4use &#8230; <a title=\"Hamilton Khaki Aviation Converter Auto Chrono 44mm\" class=\"read-more\" href=\"https:\/\/lediamant.ch\/de\/uhren\/220578-hamilton-khaki-aviation-converter-auto-chrono-h76746140\/\" aria-label=\"Mehr Informationen \u00fcber Hamilton Khaki Aviation Converter Auto Chrono 44mm\">Weiterlesen &#8230;<\/a><\/p>\n","protected":false},"featured_media":220345,"template":"","meta":{"_acf_changed":false,"_seopress_robots_primary_cat":"27181","_seopress_titles_title":"%%post_title%%","_seopress_titles_desc":"Entdecken Sie den Khaki Aviation Converter, eine Uhr mit Kalkulatorl\u00fcnette und H-21-Si-Uhrwerk aus Silizium f\u00fcr optimale Pr\u00e4zision. Perfekt f\u00fcr Piloten.","_seopress_robots_index":""},"brand":[27085],"product_brand":[],"product_cat":[27181,27269,27123],"product_tag":[],"class_list":{"0":"post-220578","1":"product","2":"type-product","3":"status-publish","4":"has-post-thumbnail","6":"brand-hamilton-de","7":"product_cat-hamilton-de","8":"product_cat-khaki-aviation-de","9":"product_cat-uhren","10":"pa_couleurducadran-blau","11":"pa_etancheite-100m-de","12":"pa_genre-mann","13":"pa_matiere-stahl","14":"pa_matierebraceletmontre-edelstahl","15":"pa_mouvement-automatik-de","16":"pa_swissmade-ja-de","17":"pa_verre-saphir-de","18":"sales-flash-overlay","19":"woocommerce-text-align-center","20":"woocommerce-image-align-center","21":"do-quantity-buttons","23":"first","24":"instock","25":"taxable","26":"shipping-taxable","27":"purchasable","28":"product-type-simple"},"acf":[],"_links":{"self":[{"href":"https:\/\/lediamant.ch\/de\/wp-json\/wp\/v2\/product\/220578","targetHints":{"allow":["GET"]}}],"collection":[{"href":"https:\/\/lediamant.ch\/de\/wp-json\/wp\/v2\/product"}],"about":[{"href":"https:\/\/lediamant.ch\/de\/wp-json\/wp\/v2\/types\/product"}],"wp:featuredmedia":[{"embeddable":true,"href":"https:\/\/lediamant.ch\/de\/wp-json\/wp\/v2\/media\/220345"}],"wp:attachment":[{"href":"https:\/\/lediamant.ch\/de\/wp-json\/wp\/v2\/media?parent=220578"}],"wp:term":[{"taxonomy":"brand","embeddable":true,"href":"https:\/\/lediamant.ch\/de\/wp-json\/wp\/v2\/brand?post=220578"},{"taxonomy":"product_brand","embeddable":true,"href":"https:\/\/lediamant.ch\/de\/wp-json\/wp\/v2\/product_brand?post=220578"},{"taxonomy":"product_cat","embeddable":true,"href":"https:\/\/lediamant.ch\/de\/wp-json\/wp\/v2\/product_cat?post=220578"},{"taxonomy":"product_tag","embeddable":true,"href":"https:\/\/lediamant.ch\/de\/wp-json\/wp\/v2\/product_tag?post=220578"}],"curies":[{"name":"wp","href":"https:\/\/api.w.org\/{rel}","templated":true}]}}