{"id":220579,"date":"2021-09-30T08:42:45","date_gmt":"2021-09-30T06:42:45","guid":{"rendered":"https:\/\/lediamant.ch\/produit\/unkategorisiert\/hamilton-valiant-auto\/"},"modified":"2025-10-01T17:16:28","modified_gmt":"2025-10-01T15:16:28","slug":"hamilton-valiant-auto","status":"publish","type":"product","link":"https:\/\/lediamant.ch\/de\/uhren\/220579-hamilton-valiant-auto-h39525214\/","title":{"rendered":"Hamilton Valiant Auto"},"content":{"rendered":"<p>Der kraftvolle, aber schlichte Look der Valiant ist perfekt f\u00fcr M\u00e4nner mit einer selbstbewussten Eleganz. Mit einem so schlichten Zeitmesser werden Sie aus den richtigen Gr\u00fcnden gl\u00e4nzen.<\/p>\n","protected":false},"excerpt":{"rendered":"<p>Der kraftvolle, aber schlichte Look der Valiant ist perfekt f\u00fcr M\u00e4nner mit einer selbstbewussten Eleganz. Mit einem so schlichten Zeitmesser werden Sie aus den richtigen Gr\u00fcnden gl\u00e4nzen.<\/p>\n","protected":false},"featured_media":220380,"template":"","meta":{"_acf_changed":false,"_seopress_robots_primary_cat":"27181","_seopress_titles_title":"","_seopress_titles_desc":"Entdecken Sie die Valiant, die ideale Uhr f\u00fcr den eleganten Mann. Ein schlichtes Design, das eine subtile und kraftvolle Unterscheidung garantiert.","_seopress_robots_index":""},"brand":[27085],"product_brand":[],"product_cat":[27201,27181,27123],"product_tag":[],"class_list":{"0":"post-220579","1":"product","2":"type-product","3":"status-publish","4":"has-post-thumbnail","6":"brand-hamilton-de","7":"product_cat-american-classic","8":"product_cat-hamilton-de","9":"product_cat-uhren","10":"sales-flash-overlay","11":"woocommerce-text-align-center","12":"woocommerce-image-align-center","13":"do-quantity-buttons","15":"first","16":"instock","17":"taxable","18":"shipping-taxable","19":"purchasable","20":"product-type-simple"},"acf":[],"_links":{"self":[{"href":"https:\/\/lediamant.ch\/de\/wp-json\/wp\/v2\/product\/220579","targetHints":{"allow":["GET"]}}],"collection":[{"href":"https:\/\/lediamant.ch\/de\/wp-json\/wp\/v2\/product"}],"about":[{"href":"https:\/\/lediamant.ch\/de\/wp-json\/wp\/v2\/types\/product"}],"wp:featuredmedia":[{"embeddable":true,"href":"https:\/\/lediamant.ch\/de\/wp-json\/wp\/v2\/media\/220380"}],"wp:attachment":[{"href":"https:\/\/lediamant.ch\/de\/wp-json\/wp\/v2\/media?parent=220579"}],"wp:term":[{"taxonomy":"brand","embeddable":true,"href":"https:\/\/lediamant.ch\/de\/wp-json\/wp\/v2\/brand?post=220579"},{"taxonomy":"product_brand","embeddable":true,"href":"https:\/\/lediamant.ch\/de\/wp-json\/wp\/v2\/product_brand?post=220579"},{"taxonomy":"product_cat","embeddable":true,"href":"https:\/\/lediamant.ch\/de\/wp-json\/wp\/v2\/product_cat?post=220579"},{"taxonomy":"product_tag","embeddable":true,"href":"https:\/\/lediamant.ch\/de\/wp-json\/wp\/v2\/product_tag?post=220579"}],"curies":[{"name":"wp","href":"https:\/\/api.w.org\/{rel}","templated":true}]}}