{"id":220581,"date":"2024-09-30T08:30:45","date_gmt":"2024-09-30T06:30:45","guid":{"rendered":"https:\/\/lediamant.ch\/produit\/unkategorisiert\/hamilton-titanium-auto-4\/"},"modified":"2025-10-01T18:14:21","modified_gmt":"2025-10-01T16:14:21","slug":"hamilton-titanium-auto-4","status":"publish","type":"product","link":"https:\/\/lediamant.ch\/de\/uhren\/220581-hamilton-titanium-auto-4-h70665533\/","title":{"rendered":"Hamilton Khaki Field Titanium Auto"},"content":{"rendered":"<p>\u00dcber ein Jahrhundert lang lieferte Hamilton Tausende von Uhren an die US-Armee. Heute ehren wir dieses Erbe mit milit\u00e4rischen Uhren f\u00fcr die Abenteurer von heute. Die Khaki Field Titanium Automatic vereint Leichtigkeit und Funktionalit\u00e4t in einem milit\u00e4rischen Stil und ist bereit, in den Einsatz zu gehen.<\/p>\n","protected":false},"excerpt":{"rendered":"<p>\u00dcber ein Jahrhundert lang lieferte Hamilton Tausende von Uhren an die US-Armee. Heute ehren wir dieses Erbe mit milit\u00e4rischen Uhren f\u00fcr die Abenteurer von heute. Die Khaki Field Titanium Automatic vereint Leichtigkeit und Funktionalit\u00e4t in einem milit\u00e4rischen Stil und ist bereit, in den Einsatz zu gehen.<\/p>\n","protected":false},"featured_media":220368,"template":"","meta":{"_acf_changed":false,"_seopress_robots_primary_cat":"27181","_seopress_titles_title":"","_seopress_titles_desc":"Entdecken Sie die Khaki Field Titanium Automatic, die perfekte Kombination aus Leichtigkeit und Funktionalit\u00e4t, ein Erbe unserer milit\u00e4rischen Tradition.","_seopress_robots_index":""},"brand":[27085],"product_brand":[],"product_cat":[27181,27291,27123],"product_tag":[],"class_list":{"0":"post-220581","1":"product","2":"type-product","3":"status-publish","4":"has-post-thumbnail","6":"brand-hamilton-de","7":"product_cat-hamilton-de","8":"product_cat-khaki-field-de","9":"product_cat-uhren","10":"sales-flash-overlay","11":"woocommerce-text-align-center","12":"woocommerce-image-align-center","13":"do-quantity-buttons","15":"first","16":"instock","17":"taxable","18":"shipping-taxable","19":"purchasable","20":"product-type-simple"},"acf":[],"_links":{"self":[{"href":"https:\/\/lediamant.ch\/de\/wp-json\/wp\/v2\/product\/220581","targetHints":{"allow":["GET"]}}],"collection":[{"href":"https:\/\/lediamant.ch\/de\/wp-json\/wp\/v2\/product"}],"about":[{"href":"https:\/\/lediamant.ch\/de\/wp-json\/wp\/v2\/types\/product"}],"wp:featuredmedia":[{"embeddable":true,"href":"https:\/\/lediamant.ch\/de\/wp-json\/wp\/v2\/media\/220368"}],"wp:attachment":[{"href":"https:\/\/lediamant.ch\/de\/wp-json\/wp\/v2\/media?parent=220581"}],"wp:term":[{"taxonomy":"brand","embeddable":true,"href":"https:\/\/lediamant.ch\/de\/wp-json\/wp\/v2\/brand?post=220581"},{"taxonomy":"product_brand","embeddable":true,"href":"https:\/\/lediamant.ch\/de\/wp-json\/wp\/v2\/product_brand?post=220581"},{"taxonomy":"product_cat","embeddable":true,"href":"https:\/\/lediamant.ch\/de\/wp-json\/wp\/v2\/product_cat?post=220581"},{"taxonomy":"product_tag","embeddable":true,"href":"https:\/\/lediamant.ch\/de\/wp-json\/wp\/v2\/product_tag?post=220581"}],"curies":[{"name":"wp","href":"https:\/\/api.w.org\/{rel}","templated":true}]}}