{"id":220582,"date":"2023-09-30T08:33:44","date_gmt":"2023-09-30T06:33:44","guid":{"rendered":"https:\/\/lediamant.ch\/produit\/unkategorisiert\/hamilton-elvis80-auto\/"},"modified":"2025-10-01T18:08:52","modified_gmt":"2025-10-01T16:08:52","slug":"hamilton-elvis80-auto","status":"publish","type":"product","link":"https:\/\/lediamant.ch\/de\/uhren\/220582-hamilton-elvis80-auto-h24585331\/","title":{"rendered":"Hamilton Ventura Elvis80 Auto"},"content":{"rendered":"<p>Die originale Ventura von 1957, die erste elektrische Uhr mit Batterieantrieb, hat die Geschichte der Uhrmacherei gepr\u00e4gt. Es war gewagt, eine automatische Version dieser Uhr zu kreieren, die durch ihr batteriebetriebenes Uhrwerk ber\u00fchmt wurde, aber Hamilton hat es nat\u00fcrlich gewagt. Es ist auch eine Hommage an einen unkonventionellen Star, der ein begeisterter Fan der Ventura ist: Elvis Presley. Das H-10 Uhrwerk dieses Modells hat eine Gangreserve von 80 Stunden, eine Anspielung auf Elvis&#8216; 80.<\/p>\n","protected":false},"excerpt":{"rendered":"<p>Die originale Ventura von 1957, die erste elektrische Uhr mit Batterieantrieb, hat die Geschichte der Uhrmacherei gepr\u00e4gt. Es war gewagt, eine automatische Version dieser Uhr zu kreieren, die durch ihr batteriebetriebenes Uhrwerk ber\u00fchmt wurde, aber Hamilton hat es nat\u00fcrlich gewagt. Es ist auch eine Hommage an einen unkonventionellen Star, der ein begeisterter Fan der Ventura &#8230; <a title=\"Hamilton Ventura Elvis80 Auto\" class=\"read-more\" href=\"https:\/\/lediamant.ch\/de\/uhren\/220582-hamilton-elvis80-auto-h24585331\/\" aria-label=\"Mehr Informationen \u00fcber Hamilton Ventura Elvis80 Auto\">Weiterlesen &#8230;<\/a><\/p>\n","protected":false},"featured_media":220371,"template":"","meta":{"_acf_changed":false,"_seopress_robots_primary_cat":"27181","_seopress_titles_title":"","_seopress_titles_desc":"Die automatische Ventura ist eine Neuentwicklung der ersten elektrischen Uhr von 1957 und ehrt Elvis Presley mit einem 80-Stunden-Uhrwerk.","_seopress_robots_index":""},"brand":[27085],"product_brand":[],"product_cat":[27123,27181,27323],"product_tag":[],"class_list":{"0":"post-220582","1":"product","2":"type-product","3":"status-publish","4":"has-post-thumbnail","6":"brand-hamilton-de","7":"product_cat-uhren","8":"product_cat-hamilton-de","9":"product_cat-ventura-de","10":"sales-flash-overlay","11":"woocommerce-text-align-center","12":"woocommerce-image-align-center","13":"do-quantity-buttons","15":"first","16":"instock","17":"taxable","18":"shipping-taxable","19":"purchasable","20":"product-type-simple"},"acf":[],"_links":{"self":[{"href":"https:\/\/lediamant.ch\/de\/wp-json\/wp\/v2\/product\/220582","targetHints":{"allow":["GET"]}}],"collection":[{"href":"https:\/\/lediamant.ch\/de\/wp-json\/wp\/v2\/product"}],"about":[{"href":"https:\/\/lediamant.ch\/de\/wp-json\/wp\/v2\/types\/product"}],"wp:featuredmedia":[{"embeddable":true,"href":"https:\/\/lediamant.ch\/de\/wp-json\/wp\/v2\/media\/220371"}],"wp:attachment":[{"href":"https:\/\/lediamant.ch\/de\/wp-json\/wp\/v2\/media?parent=220582"}],"wp:term":[{"taxonomy":"brand","embeddable":true,"href":"https:\/\/lediamant.ch\/de\/wp-json\/wp\/v2\/brand?post=220582"},{"taxonomy":"product_brand","embeddable":true,"href":"https:\/\/lediamant.ch\/de\/wp-json\/wp\/v2\/product_brand?post=220582"},{"taxonomy":"product_cat","embeddable":true,"href":"https:\/\/lediamant.ch\/de\/wp-json\/wp\/v2\/product_cat?post=220582"},{"taxonomy":"product_tag","embeddable":true,"href":"https:\/\/lediamant.ch\/de\/wp-json\/wp\/v2\/product_tag?post=220582"}],"curies":[{"name":"wp","href":"https:\/\/api.w.org\/{rel}","templated":true}]}}