{"id":220583,"date":"2019-09-30T08:36:45","date_gmt":"2019-09-30T06:36:45","guid":{"rendered":"https:\/\/lediamant.ch\/produit\/unkategorisiert\/hamilton-day-date-auto\/"},"modified":"2025-10-01T18:03:15","modified_gmt":"2025-10-01T16:03:15","slug":"hamilton-day-date-auto","status":"publish","type":"product","link":"https:\/\/lediamant.ch\/de\/uhren\/220583-hamilton-day-date-auto-h32505511\/","title":{"rendered":"Hamilton Jazzmaster Day Date Auto"},"content":{"rendered":"<p>Das exklusive Uhrwerk H-40 bietet 80 Stunden Gangreserve f\u00fcr diese reine Verk\u00f6rperung zeitgen\u00f6ssischer Handwerkskunst. Das Design des Geh\u00e4uses und des Armbands verbindet \u00c4sthetik und Modernit\u00e4t und wird durch die raffinierte Verarbeitung unterstrichen. *Erscheint in Ocean&#8217;s Eight (2018). Getragen von Debbie Ocean, gespielt von Sandra Bullock.<\/p>\n","protected":false},"excerpt":{"rendered":"<p>Das exklusive Uhrwerk H-40 bietet 80 Stunden Gangreserve f\u00fcr diese reine Verk\u00f6rperung zeitgen\u00f6ssischer Handwerkskunst. Das Design des Geh\u00e4uses und des Armbands verbindet \u00c4sthetik und Modernit\u00e4t und wird durch die raffinierte Verarbeitung unterstrichen. *Erscheint in Ocean&#8217;s Eight (2018). Getragen von Debbie Ocean, gespielt von Sandra Bullock.<\/p>\n","protected":false},"featured_media":220374,"template":"","meta":{"_acf_changed":false,"_seopress_robots_primary_cat":"27181","_seopress_titles_title":"","_seopress_titles_desc":"Entdecken Sie das elegante und moderne Design unserer Uhr mit 80 Stunden Gangreserve, die von Sandra Bullock in Ocean's Eight getragen wurde.","_seopress_robots_index":""},"brand":[27085],"product_brand":[],"product_cat":[27181,27243,27123],"product_tag":[],"class_list":{"0":"post-220583","1":"product","2":"type-product","3":"status-publish","4":"has-post-thumbnail","6":"brand-hamilton-de","7":"product_cat-hamilton-de","8":"product_cat-jazzmaster-de","9":"product_cat-uhren","10":"pa_couleurducadran-weiss","11":"pa_etancheite-50m-de","12":"pa_genre-mann","13":"pa_matiere-stahl","14":"pa_matierebraceletmontre-leder","15":"pa_mouvement-automatik-de","16":"pa_swissmade-ja-de","17":"pa_verre-saphir-de","18":"sales-flash-overlay","19":"woocommerce-text-align-center","20":"woocommerce-image-align-center","21":"do-quantity-buttons","23":"first","24":"instock","25":"taxable","26":"shipping-taxable","27":"purchasable","28":"product-type-simple"},"acf":[],"_links":{"self":[{"href":"https:\/\/lediamant.ch\/de\/wp-json\/wp\/v2\/product\/220583","targetHints":{"allow":["GET"]}}],"collection":[{"href":"https:\/\/lediamant.ch\/de\/wp-json\/wp\/v2\/product"}],"about":[{"href":"https:\/\/lediamant.ch\/de\/wp-json\/wp\/v2\/types\/product"}],"wp:featuredmedia":[{"embeddable":true,"href":"https:\/\/lediamant.ch\/de\/wp-json\/wp\/v2\/media\/220374"}],"wp:attachment":[{"href":"https:\/\/lediamant.ch\/de\/wp-json\/wp\/v2\/media?parent=220583"}],"wp:term":[{"taxonomy":"brand","embeddable":true,"href":"https:\/\/lediamant.ch\/de\/wp-json\/wp\/v2\/brand?post=220583"},{"taxonomy":"product_brand","embeddable":true,"href":"https:\/\/lediamant.ch\/de\/wp-json\/wp\/v2\/product_brand?post=220583"},{"taxonomy":"product_cat","embeddable":true,"href":"https:\/\/lediamant.ch\/de\/wp-json\/wp\/v2\/product_cat?post=220583"},{"taxonomy":"product_tag","embeddable":true,"href":"https:\/\/lediamant.ch\/de\/wp-json\/wp\/v2\/product_tag?post=220583"}],"curies":[{"name":"wp","href":"https:\/\/api.w.org\/{rel}","templated":true}]}}