{"id":220586,"date":"2021-09-30T08:45:45","date_gmt":"2021-09-30T06:45:45","guid":{"rendered":"https:\/\/lediamant.ch\/produit\/unkategorisiert\/hamilton-spirit-of-liberty-auto\/"},"modified":"2025-10-01T17:12:54","modified_gmt":"2025-10-01T15:12:54","slug":"hamilton-spirit-of-liberty-auto","status":"publish","type":"product","link":"https:\/\/lediamant.ch\/de\/uhren\/220586-hamilton-spirit-of-liberty-auto-h42415551\/","title":{"rendered":"Hamilton Spirit of Liberty Auto"},"content":{"rendered":"<p>Der Geist der Freiheit ist in diesen verf\u00fchrerischen Automatikmodellen lebendig, die vom klassischen amerikanischen Stil inspiriert sind, den Hamilton bei seiner Gr\u00fcndung in Pennsylvania im Jahr 1892 pflegte. Dank der Uhrentechnologie des 21. Jahrhunderts in Form des pr\u00e4chtigen Automatikwerks H-10 mit 80 Stunden Gangreserve k\u00f6nnen Sie Ihre Wochenenden in vollen Z\u00fcgen genie\u00dfen, ohne am Montagmorgen auch nur eine Sekunde zu verlieren. Erscheint in Jurassic World Rebirth (2020), getragen von Martin Krebs, gespielt von Rupert Friend.<\/p>\n","protected":false},"excerpt":{"rendered":"<p>Der Geist der Freiheit ist in diesen verf\u00fchrerischen Automatikmodellen lebendig, die vom klassischen amerikanischen Stil inspiriert sind, den Hamilton bei seiner Gr\u00fcndung in Pennsylvania im Jahr 1892 pflegte. Dank der Uhrentechnologie des 21. Jahrhunderts in Form des pr\u00e4chtigen Automatikwerks H-10 mit 80 Stunden Gangreserve k\u00f6nnen Sie Ihre Wochenenden in vollen Z\u00fcgen genie\u00dfen, ohne am Montagmorgen &#8230; <a title=\"Hamilton Spirit of Liberty Auto\" class=\"read-more\" href=\"https:\/\/lediamant.ch\/de\/uhren\/220586-hamilton-spirit-of-liberty-auto-h42415551\/\" aria-label=\"Mehr Informationen \u00fcber Hamilton Spirit of Liberty Auto\">Weiterlesen &#8230;<\/a><\/p>\n","protected":false},"featured_media":220383,"template":"","meta":{"_acf_changed":false,"_seopress_robots_primary_cat":"27181","_seopress_titles_title":"","_seopress_titles_desc":"Entdecken Sie den Geist der Freiheit mit den Automatikuhren von Hamilton. Technologie des 21. Jahrhunderts und zeitlose Eleganz. Jahrhunderts. Perfekt f\u00fcr jeden modernen Abenteurer!","_seopress_robots_index":""},"brand":[27085],"product_brand":[],"product_cat":[27123,27181,27201],"product_tag":[],"class_list":{"0":"post-220586","1":"product","2":"type-product","3":"status-publish","4":"has-post-thumbnail","6":"brand-hamilton-de","7":"product_cat-uhren","8":"product_cat-hamilton-de","9":"product_cat-american-classic","10":"pa_couleurducadran-silber","11":"pa_etancheite-50m-de","12":"pa_genre-mann","13":"pa_matiere-stahl","14":"pa_matierebraceletmontre-leder","15":"pa_mouvement-automatik-de","16":"pa_swissmade-ja-de","17":"pa_verre-saphir-de","18":"sales-flash-overlay","19":"woocommerce-text-align-center","20":"woocommerce-image-align-center","21":"do-quantity-buttons","23":"first","24":"instock","25":"taxable","26":"shipping-taxable","27":"purchasable","28":"product-type-simple"},"acf":[],"_links":{"self":[{"href":"https:\/\/lediamant.ch\/de\/wp-json\/wp\/v2\/product\/220586","targetHints":{"allow":["GET"]}}],"collection":[{"href":"https:\/\/lediamant.ch\/de\/wp-json\/wp\/v2\/product"}],"about":[{"href":"https:\/\/lediamant.ch\/de\/wp-json\/wp\/v2\/types\/product"}],"wp:featuredmedia":[{"embeddable":true,"href":"https:\/\/lediamant.ch\/de\/wp-json\/wp\/v2\/media\/220383"}],"wp:attachment":[{"href":"https:\/\/lediamant.ch\/de\/wp-json\/wp\/v2\/media?parent=220586"}],"wp:term":[{"taxonomy":"brand","embeddable":true,"href":"https:\/\/lediamant.ch\/de\/wp-json\/wp\/v2\/brand?post=220586"},{"taxonomy":"product_brand","embeddable":true,"href":"https:\/\/lediamant.ch\/de\/wp-json\/wp\/v2\/product_brand?post=220586"},{"taxonomy":"product_cat","embeddable":true,"href":"https:\/\/lediamant.ch\/de\/wp-json\/wp\/v2\/product_cat?post=220586"},{"taxonomy":"product_tag","embeddable":true,"href":"https:\/\/lediamant.ch\/de\/wp-json\/wp\/v2\/product_tag?post=220586"}],"curies":[{"name":"wp","href":"https:\/\/api.w.org\/{rel}","templated":true}]}}