{"id":220587,"date":"2020-09-30T09:30:35","date_gmt":"2020-09-30T07:30:35","guid":{"rendered":"https:\/\/lediamant.ch\/produit\/unkategorisiert\/hamilton-viewmatic-auto-3\/"},"modified":"2025-10-01T15:40:18","modified_gmt":"2025-10-01T13:40:18","slug":"hamilton-viewmatic-auto-3","status":"publish","type":"product","link":"https:\/\/lediamant.ch\/de\/uhren\/220587-hamilton-viewmatic-auto-3-h42725151\/","title":{"rendered":"Hamilton Viewmatic Auto"},"content":{"rendered":"<p>Der transparente Geh\u00e4useboden der Viewmatic bietet die seltene Gelegenheit, die harmonische Verbindung von zeitgen\u00f6ssischer Uhrmacherkunst und hochwertigem Kunsthandwerk zu bewundern. Und gl\u00fccklicherweise ist diese Uhr auf der Vorderseite genauso faszinierend wie auf der R\u00fcckseite.<\/p>\n","protected":false},"excerpt":{"rendered":"<p>Der transparente Geh\u00e4useboden der Viewmatic bietet die seltene Gelegenheit, die harmonische Verbindung von zeitgen\u00f6ssischer Uhrmacherkunst und hochwertigem Kunsthandwerk zu bewundern. Und gl\u00fccklicherweise ist diese Uhr auf der Vorderseite genauso faszinierend wie auf der R\u00fcckseite.<\/p>\n","protected":false},"featured_media":220403,"template":"","meta":{"_acf_changed":false,"_seopress_robots_primary_cat":"27181","_seopress_titles_title":"","_seopress_titles_desc":"Entdecken Sie die Viewmatic Uhr: ein Meisterwerk der Uhrmacherkunst, das mit seinem transparenten Geh\u00e4use von beiden Seiten erhaben ist. Ein wahres technologisches und handwerkliches Juwel.","_seopress_robots_index":""},"brand":[27085],"product_brand":[],"product_cat":[27181,27243,27123],"product_tag":[],"class_list":{"0":"post-220587","1":"product","2":"type-product","3":"status-publish","4":"has-post-thumbnail","6":"brand-hamilton-de","7":"product_cat-hamilton-de","8":"product_cat-jazzmaster-de","9":"product_cat-uhren","10":"sales-flash-overlay","11":"woocommerce-text-align-center","12":"woocommerce-image-align-center","13":"do-quantity-buttons","15":"first","16":"instock","17":"taxable","18":"shipping-taxable","19":"purchasable","20":"product-type-simple"},"acf":[],"_links":{"self":[{"href":"https:\/\/lediamant.ch\/de\/wp-json\/wp\/v2\/product\/220587","targetHints":{"allow":["GET"]}}],"collection":[{"href":"https:\/\/lediamant.ch\/de\/wp-json\/wp\/v2\/product"}],"about":[{"href":"https:\/\/lediamant.ch\/de\/wp-json\/wp\/v2\/types\/product"}],"wp:featuredmedia":[{"embeddable":true,"href":"https:\/\/lediamant.ch\/de\/wp-json\/wp\/v2\/media\/220403"}],"wp:attachment":[{"href":"https:\/\/lediamant.ch\/de\/wp-json\/wp\/v2\/media?parent=220587"}],"wp:term":[{"taxonomy":"brand","embeddable":true,"href":"https:\/\/lediamant.ch\/de\/wp-json\/wp\/v2\/brand?post=220587"},{"taxonomy":"product_brand","embeddable":true,"href":"https:\/\/lediamant.ch\/de\/wp-json\/wp\/v2\/product_brand?post=220587"},{"taxonomy":"product_cat","embeddable":true,"href":"https:\/\/lediamant.ch\/de\/wp-json\/wp\/v2\/product_cat?post=220587"},{"taxonomy":"product_tag","embeddable":true,"href":"https:\/\/lediamant.ch\/de\/wp-json\/wp\/v2\/product_tag?post=220587"}],"curies":[{"name":"wp","href":"https:\/\/api.w.org\/{rel}","templated":true}]}}