{"id":220588,"date":"2022-09-30T09:17:36","date_gmt":"2022-09-30T07:17:36","guid":{"rendered":"https:\/\/lediamant.ch\/produit\/unkategorisiert\/hamilton-auto\/"},"modified":"2025-10-01T15:59:26","modified_gmt":"2025-10-01T13:59:26","slug":"hamilton-auto","status":"publish","type":"product","link":"https:\/\/lediamant.ch\/de\/uhren\/220588-hamilton-khaki-field-auto-h70455553\/","title":{"rendered":"Hamilton Khaki Field Auto 38mm"},"content":{"rendered":"<p>Bei der Planung einer Expedition ist es wichtig, eine zuverl\u00e4ssige, robuste, funktionelle und kompakte Ausr\u00fcstung zu haben. Diese Uhr ist mit 38 mm klein, hat aber dank ihrer milit\u00e4risch inspirierten Funktionen das Zeug zu einer gro\u00dfen Uhr. Eine k\u00fchne \u00c4sthetik, ein robustes Geh\u00e4use und Armband und ein H-10 Automatikwerk, das Sie dank seiner 80 Stunden Gangreserve nicht im Stich lassen wird. Die Khaki Field Auto wird immer da sein, um Sie vorw\u00e4rts zu bringen.<\/p>\n","protected":false},"excerpt":{"rendered":"<p>Bei der Planung einer Expedition ist es wichtig, eine zuverl\u00e4ssige, robuste, funktionelle und kompakte Ausr\u00fcstung zu haben. Diese Uhr ist mit 38 mm klein, hat aber dank ihrer milit\u00e4risch inspirierten Funktionen das Zeug zu einer gro\u00dfen Uhr. Eine k\u00fchne \u00c4sthetik, ein robustes Geh\u00e4use und Armband und ein H-10 Automatikwerk, das Sie dank seiner 80 Stunden &#8230; <a title=\"Hamilton Khaki Field Auto 38mm\" class=\"read-more\" href=\"https:\/\/lediamant.ch\/de\/uhren\/220588-hamilton-khaki-field-auto-h70455553\/\" aria-label=\"Mehr Informationen \u00fcber Hamilton Khaki Field Auto 38mm\">Weiterlesen &#8230;<\/a><\/p>\n","protected":false},"featured_media":220388,"template":"","meta":{"_acf_changed":false,"_seopress_robots_primary_cat":"27181","_seopress_titles_title":"","_seopress_titles_desc":"Entdecken Sie mit Vertrauen mit der Khaki Field Auto: 38 mm zuverl\u00e4ssige Ausr\u00fcstung, 80 Stunden Reserve, perfekt f\u00fcr jedes Abenteuer!","_seopress_robots_index":""},"brand":[27085],"product_brand":[],"product_cat":[27123,27181,27291],"product_tag":[],"class_list":{"0":"post-220588","1":"product","2":"type-product","3":"status-publish","4":"has-post-thumbnail","6":"brand-hamilton-de","7":"product_cat-uhren","8":"product_cat-hamilton-de","9":"product_cat-khaki-field-de","10":"sales-flash-overlay","11":"woocommerce-text-align-center","12":"woocommerce-image-align-center","13":"do-quantity-buttons","15":"first","16":"instock","17":"taxable","18":"shipping-taxable","19":"purchasable","20":"product-type-simple"},"acf":[],"_links":{"self":[{"href":"https:\/\/lediamant.ch\/de\/wp-json\/wp\/v2\/product\/220588","targetHints":{"allow":["GET"]}}],"collection":[{"href":"https:\/\/lediamant.ch\/de\/wp-json\/wp\/v2\/product"}],"about":[{"href":"https:\/\/lediamant.ch\/de\/wp-json\/wp\/v2\/types\/product"}],"wp:featuredmedia":[{"embeddable":true,"href":"https:\/\/lediamant.ch\/de\/wp-json\/wp\/v2\/media\/220388"}],"wp:attachment":[{"href":"https:\/\/lediamant.ch\/de\/wp-json\/wp\/v2\/media?parent=220588"}],"wp:term":[{"taxonomy":"brand","embeddable":true,"href":"https:\/\/lediamant.ch\/de\/wp-json\/wp\/v2\/brand?post=220588"},{"taxonomy":"product_brand","embeddable":true,"href":"https:\/\/lediamant.ch\/de\/wp-json\/wp\/v2\/product_brand?post=220588"},{"taxonomy":"product_cat","embeddable":true,"href":"https:\/\/lediamant.ch\/de\/wp-json\/wp\/v2\/product_cat?post=220588"},{"taxonomy":"product_tag","embeddable":true,"href":"https:\/\/lediamant.ch\/de\/wp-json\/wp\/v2\/product_tag?post=220588"}],"curies":[{"name":"wp","href":"https:\/\/api.w.org\/{rel}","templated":true}]}}