{"id":220589,"date":"2021-09-30T09:18:35","date_gmt":"2021-09-30T07:18:35","guid":{"rendered":"https:\/\/lediamant.ch\/produit\/unkategorisiert\/hamilton-thinline-small-second-quartz\/"},"modified":"2025-10-10T11:51:04","modified_gmt":"2025-10-10T09:51:04","slug":"hamilton-thinline-small-second-quartz","status":"publish","type":"product","link":"https:\/\/lediamant.ch\/de\/uhren\/220589-hamilton-thinline-small-second-quartz-h38411783\/","title":{"rendered":"Hamilton Thinline Small Second Quartz"},"content":{"rendered":"<p>Das schlichte und klare Design des schlanken Geh\u00e4uses der Jazzmaster Thinline besticht durch seine Leichtigkeit und Diskretion und bietet einen traditionellen Look, der absolut zeitlos ist. Die kleine Sekunde f\u00fcgt eine weitere Komplikationsebene hinzu, w\u00e4hrend sie sich gleichzeitig sanft in das schlanke Geh\u00e4use einf\u00fcgt.<\/p>\n","protected":false},"excerpt":{"rendered":"<p>Das schlichte und klare Design des schlanken Geh\u00e4uses der Jazzmaster Thinline besticht durch seine Leichtigkeit und Diskretion und bietet einen traditionellen Look, der absolut zeitlos ist. Die kleine Sekunde f\u00fcgt eine weitere Komplikationsebene hinzu, w\u00e4hrend sie sich gleichzeitig sanft in das schlanke Geh\u00e4use einf\u00fcgt.<\/p>\n","protected":false},"featured_media":220391,"template":"","meta":{"_acf_changed":false,"_seopress_robots_primary_cat":"27181","_seopress_titles_title":"","_seopress_titles_desc":"La Jazzmaster Thinline impressionne avec son bo\u00eetier fin et \u00e9l\u00e9gant. Un classique ind\u00e9modable avec une petite seconde raffin\u00e9e.","_seopress_robots_index":""},"brand":[27085],"product_brand":[],"product_cat":[27181,27243,27123],"product_tag":[],"class_list":{"0":"post-220589","1":"product","2":"type-product","3":"status-publish","4":"has-post-thumbnail","6":"brand-hamilton-de","7":"product_cat-hamilton-de","8":"product_cat-jazzmaster-de","9":"product_cat-uhren","10":"pa_couleurducadran-grau","11":"pa_etancheite-50m-de","12":"pa_genre-mann","13":"pa_matiere-stahl","14":"pa_matierebraceletmontre-leder","15":"pa_mouvement-quarzbatterie-de","16":"pa_swissmade-ja-de","17":"pa_verre-saphir-de","18":"sales-flash-overlay","19":"woocommerce-text-align-center","20":"woocommerce-image-align-center","21":"do-quantity-buttons","23":"first","24":"outofstock","25":"taxable","26":"shipping-taxable","27":"purchasable","28":"product-type-simple"},"acf":[],"_links":{"self":[{"href":"https:\/\/lediamant.ch\/de\/wp-json\/wp\/v2\/product\/220589","targetHints":{"allow":["GET"]}}],"collection":[{"href":"https:\/\/lediamant.ch\/de\/wp-json\/wp\/v2\/product"}],"about":[{"href":"https:\/\/lediamant.ch\/de\/wp-json\/wp\/v2\/types\/product"}],"wp:featuredmedia":[{"embeddable":true,"href":"https:\/\/lediamant.ch\/de\/wp-json\/wp\/v2\/media\/220391"}],"wp:attachment":[{"href":"https:\/\/lediamant.ch\/de\/wp-json\/wp\/v2\/media?parent=220589"}],"wp:term":[{"taxonomy":"brand","embeddable":true,"href":"https:\/\/lediamant.ch\/de\/wp-json\/wp\/v2\/brand?post=220589"},{"taxonomy":"product_brand","embeddable":true,"href":"https:\/\/lediamant.ch\/de\/wp-json\/wp\/v2\/product_brand?post=220589"},{"taxonomy":"product_cat","embeddable":true,"href":"https:\/\/lediamant.ch\/de\/wp-json\/wp\/v2\/product_cat?post=220589"},{"taxonomy":"product_tag","embeddable":true,"href":"https:\/\/lediamant.ch\/de\/wp-json\/wp\/v2\/product_tag?post=220589"}],"curies":[{"name":"wp","href":"https:\/\/api.w.org\/{rel}","templated":true}]}}