{"id":220590,"date":"2023-09-30T09:33:35","date_gmt":"2023-09-30T07:33:35","guid":{"rendered":"https:\/\/lediamant.ch\/produit\/unkategorisiert\/hamilton-takeoff-auto-chrono\/"},"modified":"2025-10-01T15:36:37","modified_gmt":"2025-10-01T13:36:37","slug":"hamilton-takeoff-auto-chrono","status":"publish","type":"product","link":"https:\/\/lediamant.ch\/de\/uhren\/220590-hamilton-takeoff-auto-chrono-h76786733\/","title":{"rendered":"Hamilton Takeoff Auto Chrono"},"content":{"rendered":"<p>Die Auflage ist auf 1.999 individuell nummerierte Exemplare limitiert, aber das ist auch schon die einzige Begrenzung, die der Khaki Takeoff Auto Chrono kennt. Sie k\u00f6nnen die Zeit mit dem Chronographenwerk messen oder den bidirektionalen H\u00f6henring bet\u00e4tigen, um einen Countdown zu starten. Diese technische und zeitgen\u00f6ssische Interpretation einer Fliegeruhr wurde f\u00fcr die Bed\u00fcrfnisse des Schweizer Bergrettungsunternehmens Air Zermatt entworfen und ist bereit zum Abheben!<\/p>\n","protected":false},"excerpt":{"rendered":"<p>Die Auflage ist auf 1.999 individuell nummerierte Exemplare limitiert, aber das ist auch schon die einzige Begrenzung, die der Khaki Takeoff Auto Chrono kennt. Sie k\u00f6nnen die Zeit mit dem Chronographenwerk messen oder den bidirektionalen H\u00f6henring bet\u00e4tigen, um einen Countdown zu starten. Diese technische und zeitgen\u00f6ssische Interpretation einer Fliegeruhr wurde f\u00fcr die Bed\u00fcrfnisse des Schweizer &#8230; <a title=\"Hamilton Takeoff Auto Chrono\" class=\"read-more\" href=\"https:\/\/lediamant.ch\/de\/uhren\/220590-hamilton-takeoff-auto-chrono-h76786733\/\" aria-label=\"Mehr Informationen \u00fcber Hamilton Takeoff Auto Chrono\">Weiterlesen &#8230;<\/a><\/p>\n","protected":false},"featured_media":220406,"template":"","meta":{"_acf_changed":false,"_seopress_robots_primary_cat":"27181","_seopress_titles_title":"","_seopress_titles_desc":"Entdecken Sie die Khaki Takeoff Auto Chrono, limitiert auf 1999 St\u00fcck f\u00fcr Liebhaber der Luftfahrt und der Schweizer Pr\u00e4zision. Bereit f\u00fcr das Abenteuer!","_seopress_robots_index":""},"brand":[27085],"product_brand":[],"product_cat":[27181,27269,27123],"product_tag":[],"class_list":{"0":"post-220590","1":"product","2":"type-product","3":"status-publish","4":"has-post-thumbnail","6":"brand-hamilton-de","7":"product_cat-hamilton-de","8":"product_cat-khaki-aviation-de","9":"product_cat-uhren","10":"sales-flash-overlay","11":"woocommerce-text-align-center","12":"woocommerce-image-align-center","13":"do-quantity-buttons","15":"first","16":"instock","17":"taxable","18":"shipping-taxable","19":"purchasable","20":"product-type-simple"},"acf":[],"_links":{"self":[{"href":"https:\/\/lediamant.ch\/de\/wp-json\/wp\/v2\/product\/220590","targetHints":{"allow":["GET"]}}],"collection":[{"href":"https:\/\/lediamant.ch\/de\/wp-json\/wp\/v2\/product"}],"about":[{"href":"https:\/\/lediamant.ch\/de\/wp-json\/wp\/v2\/types\/product"}],"wp:featuredmedia":[{"embeddable":true,"href":"https:\/\/lediamant.ch\/de\/wp-json\/wp\/v2\/media\/220406"}],"wp:attachment":[{"href":"https:\/\/lediamant.ch\/de\/wp-json\/wp\/v2\/media?parent=220590"}],"wp:term":[{"taxonomy":"brand","embeddable":true,"href":"https:\/\/lediamant.ch\/de\/wp-json\/wp\/v2\/brand?post=220590"},{"taxonomy":"product_brand","embeddable":true,"href":"https:\/\/lediamant.ch\/de\/wp-json\/wp\/v2\/product_brand?post=220590"},{"taxonomy":"product_cat","embeddable":true,"href":"https:\/\/lediamant.ch\/de\/wp-json\/wp\/v2\/product_cat?post=220590"},{"taxonomy":"product_tag","embeddable":true,"href":"https:\/\/lediamant.ch\/de\/wp-json\/wp\/v2\/product_tag?post=220590"}],"curies":[{"name":"wp","href":"https:\/\/api.w.org\/{rel}","templated":true}]}}