{"id":220593,"date":"2020-09-30T09:24:35","date_gmt":"2020-09-30T07:24:35","guid":{"rendered":"https:\/\/lediamant.ch\/produit\/unkategorisiert\/hamilton-viewmatic-auto\/"},"modified":"2025-10-01T15:45:47","modified_gmt":"2025-10-01T13:45:47","slug":"hamilton-viewmatic-auto","status":"publish","type":"product","link":"https:\/\/lediamant.ch\/de\/uhren\/220593-hamilton-viewmatic-auto-h32755131\/","title":{"rendered":"Hamilton Viewmatic Auto"},"content":{"rendered":"<p>Der transparente Geh\u00e4useboden der Viewmatic bietet die seltene Gelegenheit, die harmonische Verbindung von zeitgen\u00f6ssischer Uhrmacherkunst und hochwertigem Kunsthandwerk zu bewundern. Und gl\u00fccklicherweise ist diese Uhr auf der Vorderseite genauso faszinierend wie auf der R\u00fcckseite.<\/p>\n","protected":false},"excerpt":{"rendered":"<p>Der transparente Geh\u00e4useboden der Viewmatic bietet die seltene Gelegenheit, die harmonische Verbindung von zeitgen\u00f6ssischer Uhrmacherkunst und hochwertigem Kunsthandwerk zu bewundern. Und gl\u00fccklicherweise ist diese Uhr auf der Vorderseite genauso faszinierend wie auf der R\u00fcckseite.<\/p>\n","protected":false},"featured_media":220397,"template":"","meta":{"_acf_changed":false,"_seopress_robots_primary_cat":"27181","_seopress_titles_title":"","_seopress_titles_desc":"Bewundern Sie mit der Viewmatic die Verbindung von zeitgen\u00f6ssischer Uhrmacherkunst und hochwertiger Handwerkskunst. Ein faszinierendes Design, sowohl auf der Vorder- als auch auf der R\u00fcckseite.","_seopress_robots_index":""},"brand":[27085],"product_brand":[],"product_cat":[27181,27243,27123],"product_tag":[],"class_list":{"0":"post-220593","1":"product","2":"type-product","3":"status-publish","4":"has-post-thumbnail","6":"brand-hamilton-de","7":"product_cat-hamilton-de","8":"product_cat-jazzmaster-de","9":"product_cat-uhren","10":"pa_couleurducadran-schwarz","11":"pa_etancheite-50m-de","12":"pa_genre-mann","13":"pa_matiere-stahl","14":"pa_matierebraceletmontre-edelstahl","15":"pa_mouvement-automatik-de","16":"pa_swissmade-ja-de","17":"pa_verre-saphir-de","18":"sales-flash-overlay","19":"woocommerce-text-align-center","20":"woocommerce-image-align-center","21":"do-quantity-buttons","23":"first","24":"instock","25":"taxable","26":"shipping-taxable","27":"purchasable","28":"product-type-simple"},"acf":[],"_links":{"self":[{"href":"https:\/\/lediamant.ch\/de\/wp-json\/wp\/v2\/product\/220593","targetHints":{"allow":["GET"]}}],"collection":[{"href":"https:\/\/lediamant.ch\/de\/wp-json\/wp\/v2\/product"}],"about":[{"href":"https:\/\/lediamant.ch\/de\/wp-json\/wp\/v2\/types\/product"}],"wp:featuredmedia":[{"embeddable":true,"href":"https:\/\/lediamant.ch\/de\/wp-json\/wp\/v2\/media\/220397"}],"wp:attachment":[{"href":"https:\/\/lediamant.ch\/de\/wp-json\/wp\/v2\/media?parent=220593"}],"wp:term":[{"taxonomy":"brand","embeddable":true,"href":"https:\/\/lediamant.ch\/de\/wp-json\/wp\/v2\/brand?post=220593"},{"taxonomy":"product_brand","embeddable":true,"href":"https:\/\/lediamant.ch\/de\/wp-json\/wp\/v2\/product_brand?post=220593"},{"taxonomy":"product_cat","embeddable":true,"href":"https:\/\/lediamant.ch\/de\/wp-json\/wp\/v2\/product_cat?post=220593"},{"taxonomy":"product_tag","embeddable":true,"href":"https:\/\/lediamant.ch\/de\/wp-json\/wp\/v2\/product_tag?post=220593"}],"curies":[{"name":"wp","href":"https:\/\/api.w.org\/{rel}","templated":true}]}}