{"id":220596,"date":"2022-09-30T09:57:34","date_gmt":"2022-09-30T07:57:34","guid":{"rendered":"https:\/\/lediamant.ch\/produit\/unkategorisiert\/hamilton-pilot-day-date-auto\/"},"modified":"2025-10-01T11:43:26","modified_gmt":"2025-10-01T09:43:26","slug":"hamilton-pilot-day-date-auto","status":"publish","type":"product","link":"https:\/\/lediamant.ch\/de\/uhren\/220596-hamilton-khaki-aviation-pilot-day-date-auto-h64725531\/","title":{"rendered":"Hamilton Khaki Aviation Pilot Day Date Auto 46mm"},"content":{"rendered":"<p>Diese Uhr mit den gro\u00dfz\u00fcgigen Abmessungen von 46 mm eignet sich perfekt f\u00fcr Berufs- und Amateurpiloten. Sie wird von dem exklusiven H-30 Automatikwerk mit 80 Stunden Gangreserve angetrieben und verf\u00fcgt \u00fcber eine praktische Tag-\/Datumsfunktion sowie mit Super-LumiNova\u00ae beschichtete Zeiger und Indizes f\u00fcr eine optimale Lesbarkeit. Der Himmel ist die einzige Grenze dieser einzigartigen Hamilton Fliegeruhr.<\/p>\n","protected":false},"excerpt":{"rendered":"<p>Diese Uhr mit den gro\u00dfz\u00fcgigen Abmessungen von 46 mm eignet sich perfekt f\u00fcr Berufs- und Amateurpiloten. Sie wird von dem exklusiven H-30 Automatikwerk mit 80 Stunden Gangreserve angetrieben und verf\u00fcgt \u00fcber eine praktische Tag-\/Datumsfunktion sowie mit Super-LumiNova\u00ae beschichtete Zeiger und Indizes f\u00fcr eine optimale Lesbarkeit. Der Himmel ist die einzige Grenze dieser einzigartigen Hamilton Fliegeruhr.<\/p>\n","protected":false},"featured_media":220430,"template":"","meta":{"_acf_changed":false,"_seopress_robots_primary_cat":"27181","_seopress_titles_title":"","_seopress_titles_desc":"Entdecken Sie unsere 46 mm Uhr mit H-30 Uhrwerk und 80 Stunden Reserve, ideal f\u00fcr alle Piloten. Erh\u00f6hte Sichtbarkeit mit Super-LumiNova\u00ae.","_seopress_robots_index":""},"brand":[27085],"product_brand":[],"product_cat":[27181,27269,27123],"product_tag":[],"class_list":{"0":"post-220596","1":"product","2":"type-product","3":"status-publish","4":"has-post-thumbnail","6":"brand-hamilton-de","7":"product_cat-hamilton-de","8":"product_cat-khaki-aviation-de","9":"product_cat-uhren","10":"pa_couleurducadran-schwarz","11":"pa_etancheite-200m-de","12":"pa_genre-mann","13":"pa_matiere-stahl","14":"pa_matierebraceletmontre-leder","15":"pa_mouvement-automatik-de","16":"pa_swissmade-ja-de","17":"pa_verre-saphir-de","18":"sales-flash-overlay","19":"woocommerce-text-align-center","20":"woocommerce-image-align-center","21":"do-quantity-buttons","23":"first","24":"instock","25":"taxable","26":"shipping-taxable","27":"purchasable","28":"product-type-simple"},"acf":[],"_links":{"self":[{"href":"https:\/\/lediamant.ch\/de\/wp-json\/wp\/v2\/product\/220596","targetHints":{"allow":["GET"]}}],"collection":[{"href":"https:\/\/lediamant.ch\/de\/wp-json\/wp\/v2\/product"}],"about":[{"href":"https:\/\/lediamant.ch\/de\/wp-json\/wp\/v2\/types\/product"}],"wp:featuredmedia":[{"embeddable":true,"href":"https:\/\/lediamant.ch\/de\/wp-json\/wp\/v2\/media\/220430"}],"wp:attachment":[{"href":"https:\/\/lediamant.ch\/de\/wp-json\/wp\/v2\/media?parent=220596"}],"wp:term":[{"taxonomy":"brand","embeddable":true,"href":"https:\/\/lediamant.ch\/de\/wp-json\/wp\/v2\/brand?post=220596"},{"taxonomy":"product_brand","embeddable":true,"href":"https:\/\/lediamant.ch\/de\/wp-json\/wp\/v2\/product_brand?post=220596"},{"taxonomy":"product_cat","embeddable":true,"href":"https:\/\/lediamant.ch\/de\/wp-json\/wp\/v2\/product_cat?post=220596"},{"taxonomy":"product_tag","embeddable":true,"href":"https:\/\/lediamant.ch\/de\/wp-json\/wp\/v2\/product_tag?post=220596"}],"curies":[{"name":"wp","href":"https:\/\/api.w.org\/{rel}","templated":true}]}}