{"id":220598,"date":"2023-09-30T10:00:34","date_gmt":"2023-09-30T08:00:34","guid":{"rendered":"https:\/\/lediamant.ch\/produit\/unkategorisiert\/hamilton-auto-chrono\/"},"modified":"2025-10-01T11:38:56","modified_gmt":"2025-10-01T09:38:56","slug":"hamilton-auto-chrono","status":"publish","type":"product","link":"https:\/\/lediamant.ch\/de\/uhren\/220598-hamilton-jazzmaster-auto-chrono-42mm-h32586881\/","title":{"rendered":"Hamilton Jazzmaster Auto Chrono 42mm"},"content":{"rendered":"<p>Die Jazzmaster Auto Chrono passt sich m\u00fchelos dem Tempo der modernen Zeit an, w\u00e4hrend sie zu ihrem eigenen Rhythmus tanzt. Das H-21 Uhrwerk mit 60 Stunden Gangreserve ist in einem Geh\u00e4use mit sanften Kurven und klaren Linien untergebracht, um diejenigen anzusprechen, die die Tradition sch\u00e4tzen und gleichzeitig die Innovation sch\u00e4tzen. Erschienen in Wonka (2023), gespielt von David Costabile<\/p>\n","protected":false},"excerpt":{"rendered":"<p>Die Jazzmaster Auto Chrono passt sich m\u00fchelos dem Tempo der modernen Zeit an, w\u00e4hrend sie zu ihrem eigenen Rhythmus tanzt. Das H-21 Uhrwerk mit 60 Stunden Gangreserve ist in einem Geh\u00e4use mit sanften Kurven und klaren Linien untergebracht, um diejenigen anzusprechen, die die Tradition sch\u00e4tzen und gleichzeitig die Innovation sch\u00e4tzen. Erschienen in Wonka (2023), gespielt &#8230; <a title=\"Hamilton Jazzmaster Auto Chrono 42mm\" class=\"read-more\" href=\"https:\/\/lediamant.ch\/de\/uhren\/220598-hamilton-jazzmaster-auto-chrono-42mm-h32586881\/\" aria-label=\"Mehr Informationen \u00fcber Hamilton Jazzmaster Auto Chrono 42mm\">Weiterlesen &#8230;<\/a><\/p>\n","protected":false},"featured_media":220433,"template":"","meta":{"_acf_changed":false,"_seopress_robots_primary_cat":"27181","_seopress_titles_title":"","_seopress_titles_desc":"Entdecken Sie die Jazzmaster Auto Chrono, die perfekte Verschmelzung von Tradition und Innovation, mit einem H-21 Uhrwerk und einer modernen \u00c4sthetik. Gesehen in Wonka (2023).","_seopress_robots_index":""},"brand":[27085],"product_brand":[],"product_cat":[27181,27243,27123],"product_tag":[],"class_list":{"0":"post-220598","1":"product","2":"type-product","3":"status-publish","4":"has-post-thumbnail","6":"brand-hamilton-de","7":"product_cat-hamilton-de","8":"product_cat-jazzmaster-de","9":"product_cat-uhren","10":"pa_couleurducadran-grau","11":"pa_etancheite-100m-de","12":"pa_genre-mann","13":"pa_matiere-stahl","14":"pa_matierebraceletmontre-leder","15":"pa_mouvement-automatik-de","16":"pa_swissmade-ja-de","17":"pa_typedemontre-chronograph-de","18":"pa_verre-saphir-de","19":"sales-flash-overlay","20":"woocommerce-text-align-center","21":"woocommerce-image-align-center","22":"do-quantity-buttons","24":"first","25":"instock","26":"taxable","27":"shipping-taxable","28":"purchasable","29":"product-type-simple"},"acf":[],"_links":{"self":[{"href":"https:\/\/lediamant.ch\/de\/wp-json\/wp\/v2\/product\/220598","targetHints":{"allow":["GET"]}}],"collection":[{"href":"https:\/\/lediamant.ch\/de\/wp-json\/wp\/v2\/product"}],"about":[{"href":"https:\/\/lediamant.ch\/de\/wp-json\/wp\/v2\/types\/product"}],"wp:featuredmedia":[{"embeddable":true,"href":"https:\/\/lediamant.ch\/de\/wp-json\/wp\/v2\/media\/220433"}],"wp:attachment":[{"href":"https:\/\/lediamant.ch\/de\/wp-json\/wp\/v2\/media?parent=220598"}],"wp:term":[{"taxonomy":"brand","embeddable":true,"href":"https:\/\/lediamant.ch\/de\/wp-json\/wp\/v2\/brand?post=220598"},{"taxonomy":"product_brand","embeddable":true,"href":"https:\/\/lediamant.ch\/de\/wp-json\/wp\/v2\/product_brand?post=220598"},{"taxonomy":"product_cat","embeddable":true,"href":"https:\/\/lediamant.ch\/de\/wp-json\/wp\/v2\/product_cat?post=220598"},{"taxonomy":"product_tag","embeddable":true,"href":"https:\/\/lediamant.ch\/de\/wp-json\/wp\/v2\/product_tag?post=220598"}],"curies":[{"name":"wp","href":"https:\/\/api.w.org\/{rel}","templated":true}]}}