{"id":220612,"date":"2025-09-30T11:15:14","date_gmt":"2025-09-30T09:15:14","guid":{"rendered":"https:\/\/lediamant.ch\/produit\/unkategorisiert\/tissot-t-race-quartz-chronograph-38mm\/"},"modified":"2025-10-31T18:28:43","modified_gmt":"2025-10-31T17:28:43","slug":"tissot-t-race-quartz-chronograph-38mm","status":"publish","type":"product","link":"https:\/\/lediamant.ch\/de\/uhren\/220612-tissot-t-race-quartz-chronograph-38mm-t1418179711100\/","title":{"rendered":"Tissot T-Race Quartz Chronograph 38mm"},"content":{"rendered":"<p>Angetrieben von einem Quarzchronographenwerk, nimmt Sie diese Uhr mit auf die Stra\u00dfe der Freiheit. Die einzigartigen Designmerkmale sowie der Durchmesser von 38 mm verleihen der Identit\u00e4t der Kollektion eine neue Dimension. Mit ihrem Schwerpunkt auf pr\u00e4ziser Zeitmessung spiegelt diese Uhr unsere Leidenschaft f\u00fcr den Motorsport wider.<br \/>\nTissot hat sich von seiner Partnerschaft mit dem Motorradrennsport inspirieren lassen, um eine Uhr zu kreieren, die die Dynamik der Motorr\u00e4der und die Emotionen des Sports widerspiegelt. Die T-Race-Kollektion l\u00e4sst den Tr\u00e4ger in eine mechanische Umgebung eintauchen und weckt deren Geist. Die L\u00fcnette \u00e4hnelt einer Bremsscheibe, die Dr\u00fccker sind von Lenkern inspiriert und die K\u00fchlrippen eines Motors sind an der Seite des Geh\u00e4uses nachgebildet. Die Uhr ist bis zu einem Druck von 10 bar (100 m) wasserdicht und mit einem Quarzchronographenwerk ausgestattet.<br \/>\nDiese Version des Tissot T-Race Chronograph in 38 mm hat ein Geh\u00e4use aus 316L-Edelstahl. Das kratzfeste und entspiegelte Saphirglas sorgt f\u00fcr zus\u00e4tzliche Robustheit. Das massive und zugleich flexible Armband aus 316L-Edelstahl ist mit einer Sicherheitsfaltschlie\u00dfe mit Dr\u00fcckern ausgestattet, die diesen sportlichen Zeitmesser sicher h\u00e4lt.<\/p>\n","protected":false},"excerpt":{"rendered":"<p>Angetrieben von einem Quarzchronographenwerk, nimmt Sie diese Uhr mit auf die Stra\u00dfe der Freiheit. Die einzigartigen Designmerkmale sowie der Durchmesser von 38 mm verleihen der Identit\u00e4t der Kollektion eine neue Dimension. Mit ihrem Schwerpunkt auf pr\u00e4ziser Zeitmessung spiegelt diese Uhr unsere Leidenschaft f\u00fcr den Motorsport wider. Tissot hat sich von seiner Partnerschaft mit dem Motorradrennsport &#8230; <a title=\"Tissot T-Race Quartz Chronograph 38mm\" class=\"read-more\" href=\"https:\/\/lediamant.ch\/de\/uhren\/220612-tissot-t-race-quartz-chronograph-38mm-t1418179711100\/\" aria-label=\"Mehr Informationen \u00fcber Tissot T-Race Quartz Chronograph 38mm\">Weiterlesen &#8230;<\/a><\/p>\n","protected":false},"featured_media":220448,"template":"","meta":{"_acf_changed":false,"_seopress_robots_primary_cat":"27159","_seopress_titles_title":"","_seopress_titles_desc":"Tauchen Sie ein in die Welt des Rennsports mit dem Tissot T-Race Chronograph 38mm, einer perfekten Kombination aus Robustheit und sportlichem Stil.","_seopress_robots_index":""},"brand":[27087],"product_brand":[],"product_cat":[27159,27509,27203,27123],"product_tag":[],"class_list":{"0":"post-220612","1":"product","2":"type-product","3":"status-publish","4":"has-post-thumbnail","6":"brand-tissot-de","7":"product_cat-tissot-de","8":"product_cat-tissot-t-race","9":"product_cat-tissot-sport","10":"product_cat-uhren","11":"pa_couleurdubracelet-weiss-de","12":"pa_couleurducadran-perlmutt","13":"pa_etancheite-100m-de","14":"pa_forme-runden","15":"pa_genre-frau","16":"pa_matiere-stahl","17":"pa_matierebraceletmontre-silikon","18":"pa_mouvement-quarzbatterie-de","19":"pa_swissmade-ja-de","20":"pa_typedemontre-chronograph-de","21":"pa_verre-saphir-de","22":"sales-flash-overlay","23":"woocommerce-text-align-center","24":"woocommerce-image-align-center","25":"do-quantity-buttons","27":"first","28":"instock","29":"taxable","30":"shipping-taxable","31":"purchasable","32":"product-type-simple"},"acf":[],"_links":{"self":[{"href":"https:\/\/lediamant.ch\/de\/wp-json\/wp\/v2\/product\/220612","targetHints":{"allow":["GET"]}}],"collection":[{"href":"https:\/\/lediamant.ch\/de\/wp-json\/wp\/v2\/product"}],"about":[{"href":"https:\/\/lediamant.ch\/de\/wp-json\/wp\/v2\/types\/product"}],"wp:featuredmedia":[{"embeddable":true,"href":"https:\/\/lediamant.ch\/de\/wp-json\/wp\/v2\/media\/220448"}],"wp:attachment":[{"href":"https:\/\/lediamant.ch\/de\/wp-json\/wp\/v2\/media?parent=220612"}],"wp:term":[{"taxonomy":"brand","embeddable":true,"href":"https:\/\/lediamant.ch\/de\/wp-json\/wp\/v2\/brand?post=220612"},{"taxonomy":"product_brand","embeddable":true,"href":"https:\/\/lediamant.ch\/de\/wp-json\/wp\/v2\/product_brand?post=220612"},{"taxonomy":"product_cat","embeddable":true,"href":"https:\/\/lediamant.ch\/de\/wp-json\/wp\/v2\/product_cat?post=220612"},{"taxonomy":"product_tag","embeddable":true,"href":"https:\/\/lediamant.ch\/de\/wp-json\/wp\/v2\/product_tag?post=220612"}],"curies":[{"name":"wp","href":"https:\/\/api.w.org\/{rel}","templated":true}]}}