{"id":221392,"date":"2025-09-26T16:21:22","date_gmt":"2025-09-26T14:21:22","guid":{"rendered":"https:\/\/lediamant.ch\/produit\/unkategorisiert\/balmain-haute-elegance-vintage-30-mm\/"},"modified":"2025-11-26T18:28:33","modified_gmt":"2025-11-26T17:28:33","slug":"balmain-haute-elegance-vintage-30-mm","status":"publish","type":"product","link":"https:\/\/lediamant.ch\/de\/uhren\/221392-balmain-haute-elegance-vintage-30-mm-b81355112\/","title":{"rendered":"Balmain Haute Elegance Vintage 30mm"},"content":{"rendered":"<p>Die Balmain Haute Elegance Vintage ist eine elegante Damenuhr, die zeitlosen Charme mit einem modernen Design verbindet, das von der Pariser Haute Couture inspiriert wurde. Die wei\u00dfen Arabesken, die Gravur &#8222;Pierre Balmain&#8220; auf der beigefarbenen L\u00fcnette und die klassischen r\u00f6mischen Ziffern verleihen ihr eine ausdrucksstarke Note. Das 30mm Gelbgold PVD Geh\u00e4use mit seinem robusten 4,82mm Profil und dem wei\u00dfen Lederarmband bietet einen Stil, der f\u00fcr jeden Tag geeignet ist. Diese Swiss Made Uhr ist mit einem Saphirglas ausgestattet.<\/p>\n","protected":false},"excerpt":{"rendered":"<p>Die Balmain Haute Elegance Vintage ist eine elegante Damenuhr, die zeitlosen Charme mit einem modernen Design verbindet, das von der Pariser Haute Couture inspiriert wurde. Die wei\u00dfen Arabesken, die Gravur &#8222;Pierre Balmain&#8220; auf der beigefarbenen L\u00fcnette und die klassischen r\u00f6mischen Ziffern verleihen ihr eine ausdrucksstarke Note. Das 30mm Gelbgold PVD Geh\u00e4use mit seinem robusten 4,82mm &#8230; <a title=\"Balmain Haute Elegance Vintage 30mm\" class=\"read-more\" href=\"https:\/\/lediamant.ch\/de\/uhren\/221392-balmain-haute-elegance-vintage-30-mm-b81355112\/\" aria-label=\"Mehr Informationen \u00fcber Balmain Haute Elegance Vintage 30mm\">Weiterlesen &#8230;<\/a><\/p>\n","protected":false},"featured_media":223481,"template":"","meta":{"_acf_changed":false,"_seopress_robots_primary_cat":"27173","_seopress_titles_title":"","_seopress_titles_desc":"Entdecken Sie die zeitlose Eleganz der Balmain Haute Elegance Vintage Uhr, eine perfekte Verschmelzung von Pariser Mode und Raffinesse.","_seopress_robots_index":""},"brand":[27083],"product_brand":[],"product_cat":[27173,27467,27123],"product_tag":[],"class_list":{"0":"post-221392","1":"product","2":"type-product","3":"status-publish","4":"has-post-thumbnail","6":"brand-balmain-de","7":"product_cat-balmain-de","8":"product_cat-haute-elegance-de","9":"product_cat-uhren","10":"pa_couleurducadran-silber","11":"pa_etancheite-30m-de","12":"pa_forme-runden","13":"pa_genre-frau","14":"pa_matiere-gelbgoldpvd","15":"pa_matierebraceletmontre-leder","16":"pa_mouvement-quarzbatterie-de","17":"pa_swissmade-ja-de","18":"pa_verre-saphir-de","19":"sales-flash-overlay","20":"woocommerce-text-align-center","21":"woocommerce-image-align-center","22":"do-quantity-buttons","24":"first","25":"instock","26":"taxable","27":"shipping-taxable","28":"purchasable","29":"product-type-simple"},"acf":[],"_links":{"self":[{"href":"https:\/\/lediamant.ch\/de\/wp-json\/wp\/v2\/product\/221392","targetHints":{"allow":["GET"]}}],"collection":[{"href":"https:\/\/lediamant.ch\/de\/wp-json\/wp\/v2\/product"}],"about":[{"href":"https:\/\/lediamant.ch\/de\/wp-json\/wp\/v2\/types\/product"}],"wp:featuredmedia":[{"embeddable":true,"href":"https:\/\/lediamant.ch\/de\/wp-json\/wp\/v2\/media\/223481"}],"wp:attachment":[{"href":"https:\/\/lediamant.ch\/de\/wp-json\/wp\/v2\/media?parent=221392"}],"wp:term":[{"taxonomy":"brand","embeddable":true,"href":"https:\/\/lediamant.ch\/de\/wp-json\/wp\/v2\/brand?post=221392"},{"taxonomy":"product_brand","embeddable":true,"href":"https:\/\/lediamant.ch\/de\/wp-json\/wp\/v2\/product_brand?post=221392"},{"taxonomy":"product_cat","embeddable":true,"href":"https:\/\/lediamant.ch\/de\/wp-json\/wp\/v2\/product_cat?post=221392"},{"taxonomy":"product_tag","embeddable":true,"href":"https:\/\/lediamant.ch\/de\/wp-json\/wp\/v2\/product_tag?post=221392"}],"curies":[{"name":"wp","href":"https:\/\/api.w.org\/{rel}","templated":true}]}}