{"id":221394,"date":"2025-09-29T11:24:41","date_gmt":"2025-09-29T09:24:41","guid":{"rendered":"https:\/\/lediamant.ch\/produit\/unkategorisiert\/balmain-beleganza-32-mm-2\/"},"modified":"2025-09-29T11:24:41","modified_gmt":"2025-09-29T09:24:41","slug":"balmain-beleganza-32-mm-2","status":"publish","type":"product","link":"https:\/\/lediamant.ch\/de\/uhren\/221394-balmain-beleganza-32-mm-2-b83513382\/","title":{"rendered":"Balmain Beleganza | 32 mm"},"content":{"rendered":"<p>Die Balmain Beleganza ist eine elegante Damenuhr, die einen strahlenden Stil mit einem modernen Design, das von der Pariser Haute Couture inspiriert ist, verbindet. Das Zifferblatt aus wei\u00dfem Perlmutt und die klassischen r\u00f6mischen Ziffern verleihen der Uhr einen vibrierenden Touch. Das 32 mm Edelstahlgeh\u00e4use mit einem anmutigen 6,27 mm Profil und einem passenden Armband bietet anspruchsvolle Raffinesse f\u00fcr den Alltag. Dieser in der Schweiz hergestellte Zeitmesser ist mit einem Saphirglas ausgestattet.    <\/p>\n","protected":false},"excerpt":{"rendered":"<p>Die Balmain Beleganza ist eine elegante Damenuhr, die einen strahlenden Stil mit einem modernen Design, das von der Pariser Haute Couture inspiriert ist, verbindet. Das Zifferblatt aus wei\u00dfem Perlmutt und die klassischen r\u00f6mischen Ziffern verleihen der Uhr einen vibrierenden Touch. Das 32 mm Edelstahlgeh\u00e4use mit einem anmutigen 6,27 mm Profil und einem passenden Armband bietet &#8230; <a title=\"Balmain Beleganza | 32 mm\" class=\"read-more\" href=\"https:\/\/lediamant.ch\/de\/uhren\/221394-balmain-beleganza-32-mm-2-b83513382\/\" aria-label=\"Mehr Informationen \u00fcber Balmain Beleganza | 32 mm\">Weiterlesen &#8230;<\/a><\/p>\n","protected":false},"featured_media":219992,"template":"","meta":{"_acf_changed":false,"_seopress_robots_primary_cat":"27172","_seopress_titles_title":"","_seopress_titles_desc":"Entdecken Sie die Balmain Beleganza, eine raffinierte Damenuhr, die Pariser Haute Couture mit modernem Design verbindet. T\u00e4gliche Eleganz garantiert. ","_seopress_robots_index":""},"brand":[27083],"product_brand":[],"product_cat":[27173,27399,27123],"product_tag":[],"class_list":{"0":"post-221394","1":"product","2":"type-product","3":"status-publish","4":"has-post-thumbnail","6":"brand-balmain-de","7":"product_cat-balmain-de","8":"product_cat-beleganza-de","9":"product_cat-uhren","10":"pa_couleurducadran-perlmutt","11":"pa_etancheite-30m-de","12":"pa_forme-runden","13":"pa_genre-frau","14":"pa_matiere-stahl","15":"pa_matierebraceletmontre-edelstahl","16":"pa_mouvement-quarzbatterie-de","17":"pa_swissmade-ja-de","18":"pa_verre-saphir-de","19":"sales-flash-overlay","20":"woocommerce-text-align-center","21":"woocommerce-image-align-center","22":"do-quantity-buttons","24":"first","25":"instock","26":"taxable","27":"shipping-taxable","28":"purchasable","29":"product-type-simple"},"acf":[],"_links":{"self":[{"href":"https:\/\/lediamant.ch\/de\/wp-json\/wp\/v2\/product\/221394","targetHints":{"allow":["GET"]}}],"collection":[{"href":"https:\/\/lediamant.ch\/de\/wp-json\/wp\/v2\/product"}],"about":[{"href":"https:\/\/lediamant.ch\/de\/wp-json\/wp\/v2\/types\/product"}],"wp:featuredmedia":[{"embeddable":true,"href":"https:\/\/lediamant.ch\/de\/wp-json\/wp\/v2\/media\/219992"}],"wp:attachment":[{"href":"https:\/\/lediamant.ch\/de\/wp-json\/wp\/v2\/media?parent=221394"}],"wp:term":[{"taxonomy":"brand","embeddable":true,"href":"https:\/\/lediamant.ch\/de\/wp-json\/wp\/v2\/brand?post=221394"},{"taxonomy":"product_brand","embeddable":true,"href":"https:\/\/lediamant.ch\/de\/wp-json\/wp\/v2\/product_brand?post=221394"},{"taxonomy":"product_cat","embeddable":true,"href":"https:\/\/lediamant.ch\/de\/wp-json\/wp\/v2\/product_cat?post=221394"},{"taxonomy":"product_tag","embeddable":true,"href":"https:\/\/lediamant.ch\/de\/wp-json\/wp\/v2\/product_tag?post=221394"}],"curies":[{"name":"wp","href":"https:\/\/api.w.org\/{rel}","templated":true}]}}