{"id":221396,"date":"2025-09-29T11:27:40","date_gmt":"2025-09-29T09:27:40","guid":{"rendered":"https:\/\/lediamant.ch\/produit\/unkategorisiert\/balmain-classic-r-30-mm\/"},"modified":"2026-01-27T16:22:49","modified_gmt":"2026-01-27T15:22:49","slug":"balmain-classic-r-30-mm","status":"publish","type":"product","link":"https:\/\/lediamant.ch\/de\/uhren\/221396-balmain-classic-r-30-mm-b41113192\/","title":{"rendered":"Balmain Classic R 30mm"},"content":{"rendered":"<p>Die Balmain Classic R ist eine raffinierte Damenuhr, die leuchtende Eleganz mit einem modernen Design verbindet, das von der Pariser Haute Couture inspiriert ist. mit einem modernen Design verbindet, das von der Pariser Haute Couture inspiriert ist. Das eisblaue Zifferblatt und die klassischen r\u00f6mischen Ziffern sorgen f\u00fcr einen sanften und eleganten Touch. klassischen r\u00f6mischen Ziffern sorgen f\u00fcr einen sanften und eleganten Touch. aus 30 mm Edelstahl mit einem schlichten Profil von 6,50 mm und einem passenden Armband bietet eine raffinierte Raffinesse f\u00fcr den Alltag. Dieser in der Schweiz hergestellte Zeitmesser ist mit einem Saphirglas ausgestattet.     <\/p>\n","protected":false},"excerpt":{"rendered":"<p>Die Balmain Classic R ist eine raffinierte Damenuhr, die leuchtende Eleganz mit einem modernen Design verbindet, das von der Pariser Haute Couture inspiriert ist. mit einem modernen Design verbindet, das von der Pariser Haute Couture inspiriert ist. Das eisblaue Zifferblatt und die klassischen r\u00f6mischen Ziffern sorgen f\u00fcr einen sanften und eleganten Touch. klassischen r\u00f6mischen Ziffern &#8230; <a title=\"Balmain Classic R 30mm\" class=\"read-more\" href=\"https:\/\/lediamant.ch\/de\/uhren\/221396-balmain-classic-r-30-mm-b41113192\/\" aria-label=\"Mehr Informationen \u00fcber Balmain Classic R 30mm\">Weiterlesen &#8230;<\/a><\/p>\n","protected":false},"featured_media":219995,"template":"","meta":{"_acf_changed":false,"_seopress_robots_primary_cat":"27172","_seopress_titles_title":"","_seopress_titles_desc":"Entdecken Sie die Eleganz der Balmain Classic R, einer Damenuhr mit eisblauem Zifferblatt und einem Design, das von der Haute Couture inspiriert wurde.","_seopress_robots_index":""},"brand":[27083],"product_brand":[],"product_cat":[27123,27173,27433],"product_tag":[],"class_list":{"0":"post-221396","1":"product","2":"type-product","3":"status-publish","4":"has-post-thumbnail","6":"brand-balmain-de","7":"product_cat-uhren","8":"product_cat-balmain-de","9":"product_cat-classic-r-de","10":"pa_couleurducadran-blau","11":"pa_etancheite-50m-de","12":"pa_forme-runden","13":"pa_genre-frau","14":"pa_matiere-stahl","15":"pa_matierebraceletmontre-edelstahl","16":"pa_mouvement-quarzbatterie-de","17":"pa_swissmade-ja-de","18":"pa_verre-saphir-de","19":"sales-flash-overlay","20":"woocommerce-text-align-center","21":"woocommerce-image-align-center","22":"do-quantity-buttons","24":"first","25":"instock","26":"taxable","27":"shipping-taxable","28":"purchasable","29":"product-type-simple"},"acf":[],"_links":{"self":[{"href":"https:\/\/lediamant.ch\/de\/wp-json\/wp\/v2\/product\/221396","targetHints":{"allow":["GET"]}}],"collection":[{"href":"https:\/\/lediamant.ch\/de\/wp-json\/wp\/v2\/product"}],"about":[{"href":"https:\/\/lediamant.ch\/de\/wp-json\/wp\/v2\/types\/product"}],"wp:featuredmedia":[{"embeddable":true,"href":"https:\/\/lediamant.ch\/de\/wp-json\/wp\/v2\/media\/219995"}],"wp:attachment":[{"href":"https:\/\/lediamant.ch\/de\/wp-json\/wp\/v2\/media?parent=221396"}],"wp:term":[{"taxonomy":"brand","embeddable":true,"href":"https:\/\/lediamant.ch\/de\/wp-json\/wp\/v2\/brand?post=221396"},{"taxonomy":"product_brand","embeddable":true,"href":"https:\/\/lediamant.ch\/de\/wp-json\/wp\/v2\/product_brand?post=221396"},{"taxonomy":"product_cat","embeddable":true,"href":"https:\/\/lediamant.ch\/de\/wp-json\/wp\/v2\/product_cat?post=221396"},{"taxonomy":"product_tag","embeddable":true,"href":"https:\/\/lediamant.ch\/de\/wp-json\/wp\/v2\/product_tag?post=221396"}],"curies":[{"name":"wp","href":"https:\/\/api.w.org\/{rel}","templated":true}]}}