{"id":221397,"date":"2025-09-29T11:45:40","date_gmt":"2025-09-29T09:45:40","guid":{"rendered":"https:\/\/lediamant.ch\/produit\/unkategorisiert\/balmainia-bijou-36-mm-2\/"},"modified":"2026-01-27T16:20:52","modified_gmt":"2026-01-27T15:20:52","slug":"balmainia-bijou-36-mm-2","status":"publish","type":"product","link":"https:\/\/lediamant.ch\/de\/uhren\/221397-balmainia-bijou-36-mm-2-b62513366\/","title":{"rendered":"Balmain Balmainia Juwel 36mm"},"content":{"rendered":"<p>Die Balmain Balmainia Bijou ist eine elegante Damenuhr, die strahlende Eleganz mit einem modernen Design verbindet, das von der Pariser Haute Couture inspiriert ist. Das schwarze Zifferblatt mit drei kleinen Z\u00e4hlern und einer &#8222;Balmain&#8220;-Gravur auf der L\u00fcnette ist mit Pyramidenziffern versehen. Das 36 mm Edelstahlgeh\u00e4use mit einem robusten 10,25 mm Profil und einem passenden Armband bietet einen zeitlosen Stil f\u00fcr den Alltag. Dieser Zeitmesser aus Schweizer Produktion ist mit einem Saphirglas ausgestattet.   <\/p>\n","protected":false},"excerpt":{"rendered":"<p>Die Balmain Balmainia Bijou ist eine elegante Damenuhr, die strahlende Eleganz mit einem modernen Design verbindet, das von der Pariser Haute Couture inspiriert ist. Das schwarze Zifferblatt mit drei kleinen Z\u00e4hlern und einer &#8222;Balmain&#8220;-Gravur auf der L\u00fcnette ist mit Pyramidenziffern versehen. Das 36 mm Edelstahlgeh\u00e4use mit einem robusten 10,25 mm Profil und einem passenden Armband &#8230; <a title=\"Balmain Balmainia Juwel 36mm\" class=\"read-more\" href=\"https:\/\/lediamant.ch\/de\/uhren\/221397-balmainia-bijou-36-mm-2-b62513366\/\" aria-label=\"Mehr Informationen \u00fcber Balmain Balmainia Juwel 36mm\">Weiterlesen &#8230;<\/a><\/p>\n","protected":false},"featured_media":225054,"template":"","meta":{"_acf_changed":false,"_seopress_robots_primary_cat":"27172","_seopress_titles_title":"","_seopress_titles_desc":"Elegante Balmainia Bijou Damenuhr, ein Symbol f\u00fcr Luxus mit einem modernen Design, das von der Haute Couture inspiriert ist. Perfekt f\u00fcr den Alltag. ","_seopress_robots_index":""},"brand":[27083],"product_brand":[],"product_cat":[27173,27431,27123],"product_tag":[],"class_list":{"0":"post-221397","1":"product","2":"type-product","3":"status-publish","4":"has-post-thumbnail","6":"brand-balmain-de","7":"product_cat-balmain-de","8":"product_cat-balmainia-de","9":"product_cat-uhren","10":"pa_couleurducadran-schwarz","11":"pa_etancheite-50m-de","12":"pa_forme-runden","13":"pa_genre-frau","14":"pa_matiere-stahl","15":"pa_matierebraceletmontre-edelstahl","16":"pa_mouvement-quarzbatterie-de","17":"pa_swissmade-ja-de","18":"pa_verre-saphir-de","19":"sales-flash-overlay","20":"woocommerce-text-align-center","21":"woocommerce-image-align-center","22":"do-quantity-buttons","24":"first","25":"instock","26":"taxable","27":"shipping-taxable","28":"purchasable","29":"product-type-simple"},"acf":[],"_links":{"self":[{"href":"https:\/\/lediamant.ch\/de\/wp-json\/wp\/v2\/product\/221397","targetHints":{"allow":["GET"]}}],"collection":[{"href":"https:\/\/lediamant.ch\/de\/wp-json\/wp\/v2\/product"}],"about":[{"href":"https:\/\/lediamant.ch\/de\/wp-json\/wp\/v2\/types\/product"}],"wp:featuredmedia":[{"embeddable":true,"href":"https:\/\/lediamant.ch\/de\/wp-json\/wp\/v2\/media\/225054"}],"wp:attachment":[{"href":"https:\/\/lediamant.ch\/de\/wp-json\/wp\/v2\/media?parent=221397"}],"wp:term":[{"taxonomy":"brand","embeddable":true,"href":"https:\/\/lediamant.ch\/de\/wp-json\/wp\/v2\/brand?post=221397"},{"taxonomy":"product_brand","embeddable":true,"href":"https:\/\/lediamant.ch\/de\/wp-json\/wp\/v2\/product_brand?post=221397"},{"taxonomy":"product_cat","embeddable":true,"href":"https:\/\/lediamant.ch\/de\/wp-json\/wp\/v2\/product_cat?post=221397"},{"taxonomy":"product_tag","embeddable":true,"href":"https:\/\/lediamant.ch\/de\/wp-json\/wp\/v2\/product_tag?post=221397"}],"curies":[{"name":"wp","href":"https:\/\/api.w.org\/{rel}","templated":true}]}}