{"id":221398,"date":"2025-09-29T11:30:40","date_gmt":"2025-09-29T09:30:40","guid":{"rendered":"https:\/\/lediamant.ch\/produit\/unkategorisiert\/balmain-haute-elegance-30-mm\/"},"modified":"2025-09-29T11:30:40","modified_gmt":"2025-09-29T09:30:40","slug":"balmain-haute-elegance-30-mm","status":"publish","type":"product","link":"https:\/\/lediamant.ch\/de\/produit\/montres\/balmain\/balmain-haute-elegance-30-mm\/","title":{"rendered":"Balmain Haute Elegance | 30 mm"},"content":{"rendered":"<p>Die Balmain Haute \u00c9l\u00e9gance ist eine elegante Damenuhr, die einen hellen Stil mit einem modernen Design verbindet, das von der Pariser Haute Couture inspiriert ist. Auf der dunkelgr\u00fcnen L\u00fcnette ist &#8222;Pierre Balmain&#8220; eingraviert. Das wei\u00dfe Zifferblatt mit Arabesken und klassischen r\u00f6mischen Ziffern verleiht der Uhr einen femininen Touch. Das zweifarbige 30 mm Edelstahlgeh\u00e4use mit einer dunkelgr\u00fcnen L\u00fcnette, einem anmutigen 4,82 mm Profil und einem gr\u00fcnen Lederarmband bietet Raffinesse f\u00fcr den Alltag. Dieser in der Schweiz hergestellte Zeitmesser ist mit einem Saphirglas ausgestattet.    <\/p>\n","protected":false},"excerpt":{"rendered":"<p>Die Balmain Haute \u00c9l\u00e9gance ist eine elegante Damenuhr, die einen hellen Stil mit einem modernen Design verbindet, das von der Pariser Haute Couture inspiriert ist. Auf der dunkelgr\u00fcnen L\u00fcnette ist &#8222;Pierre Balmain&#8220; eingraviert. Das wei\u00dfe Zifferblatt mit Arabesken und klassischen r\u00f6mischen Ziffern verleiht der Uhr einen femininen Touch. Das zweifarbige 30 mm Edelstahlgeh\u00e4use mit einer &#8230; <a title=\"Balmain Haute Elegance | 30 mm\" class=\"read-more\" href=\"https:\/\/lediamant.ch\/de\/produit\/montres\/balmain\/balmain-haute-elegance-30-mm\/\" aria-label=\"Mehr Informationen \u00fcber Balmain Haute Elegance | 30 mm\">Weiterlesen &#8230;<\/a><\/p>\n","protected":false},"featured_media":225060,"template":"","meta":{"_acf_changed":false,"_seopress_robots_primary_cat":"27172","_seopress_titles_title":"","_seopress_titles_desc":"Entdecken Sie die einzigartige Eleganz der Balmain Haute \u00c9l\u00e9gance Uhr, eine perfekte Verschmelzung von Pariser Luxus und modernem Design. Ideal f\u00fcr den Alltag. ","_seopress_robots_index":""},"brand":[27083],"product_brand":[],"product_cat":[27173,27467,27123],"product_tag":[],"class_list":{"0":"post-221398","1":"product","2":"type-product","3":"status-publish","4":"has-post-thumbnail","6":"brand-balmain-de","7":"product_cat-balmain-de","8":"product_cat-haute-elegance-de","9":"product_cat-uhren","10":"pa_couleurducadran-silber","11":"pa_etancheite-30m-de","12":"pa_forme-runden","13":"pa_genre-frau","14":"pa_matiere-zweifarbigstahlgelbgoldpvd","15":"pa_mouvement-quarzbatterie-de","16":"pa_swissmade-ja-de","17":"pa_verre-saphir-de","18":"sales-flash-overlay","19":"woocommerce-text-align-center","20":"woocommerce-image-align-center","21":"do-quantity-buttons","23":"first","24":"instock","25":"taxable","26":"shipping-taxable","27":"purchasable","28":"product-type-simple"},"acf":[],"_links":{"self":[{"href":"https:\/\/lediamant.ch\/de\/wp-json\/wp\/v2\/product\/221398","targetHints":{"allow":["GET"]}}],"collection":[{"href":"https:\/\/lediamant.ch\/de\/wp-json\/wp\/v2\/product"}],"about":[{"href":"https:\/\/lediamant.ch\/de\/wp-json\/wp\/v2\/types\/product"}],"wp:featuredmedia":[{"embeddable":true,"href":"https:\/\/lediamant.ch\/de\/wp-json\/wp\/v2\/media\/225060"}],"wp:attachment":[{"href":"https:\/\/lediamant.ch\/de\/wp-json\/wp\/v2\/media?parent=221398"}],"wp:term":[{"taxonomy":"brand","embeddable":true,"href":"https:\/\/lediamant.ch\/de\/wp-json\/wp\/v2\/brand?post=221398"},{"taxonomy":"product_brand","embeddable":true,"href":"https:\/\/lediamant.ch\/de\/wp-json\/wp\/v2\/product_brand?post=221398"},{"taxonomy":"product_cat","embeddable":true,"href":"https:\/\/lediamant.ch\/de\/wp-json\/wp\/v2\/product_cat?post=221398"},{"taxonomy":"product_tag","embeddable":true,"href":"https:\/\/lediamant.ch\/de\/wp-json\/wp\/v2\/product_tag?post=221398"}],"curies":[{"name":"wp","href":"https:\/\/api.w.org\/{rel}","templated":true}]}}