{"id":221399,"date":"2025-09-29T11:33:40","date_gmt":"2025-09-29T09:33:40","guid":{"rendered":"https:\/\/lediamant.ch\/produit\/unkategorisiert\/balmain-haute-elegance-30-mm-2\/"},"modified":"2025-12-22T18:31:07","modified_gmt":"2025-12-22T17:31:07","slug":"balmain-haute-elegance-30-mm-2","status":"publish","type":"product","link":"https:\/\/lediamant.ch\/de\/uhren\/221399-balmain-haute-elegance-30-mm-b81344212\/","title":{"rendered":"Balmain Haute Elegance 30 mm"},"content":{"rendered":"<p>Die Balmain Haute \u00c9l\u00e9gance ist eine raffinierte Damenuhr, die einen k\u00fchnen Stil mit einem modernen Design verbindet, das von der Pariser Haute Couture inspiriert wurde. Auf der tiefroten L\u00fcnette ist &#8222;Pierre Balmain&#8220; eingraviert. Das wei\u00dfe Zifferblatt mit Arabesken und klassischen r\u00f6mischen Ziffern verleiht der Uhr einen femininen Touch. Das zweifarbige 30 mm Edelstahlgeh\u00e4use mit einer tiefroten L\u00fcnette, einem schlanken 4,82 mm Profil und einem roten Lederarmband verleiht der Uhr einen zeitlosen Charme. Diese in der Schweiz hergestellte Uhr ist mit einem Saphirglas ausgestattet.<\/p>\n","protected":false},"excerpt":{"rendered":"<p>Die Balmain Haute \u00c9l\u00e9gance ist eine raffinierte Damenuhr, die einen k\u00fchnen Stil mit einem modernen Design verbindet, das von der Pariser Haute Couture inspiriert wurde. Auf der tiefroten L\u00fcnette ist &#8222;Pierre Balmain&#8220; eingraviert. Das wei\u00dfe Zifferblatt mit Arabesken und klassischen r\u00f6mischen Ziffern verleiht der Uhr einen femininen Touch. Das zweifarbige 30 mm Edelstahlgeh\u00e4use mit einer &#8230; <a title=\"Balmain Haute Elegance 30 mm\" class=\"read-more\" href=\"https:\/\/lediamant.ch\/de\/uhren\/221399-balmain-haute-elegance-30-mm-b81344212\/\" aria-label=\"Mehr Informationen \u00fcber Balmain Haute Elegance 30 mm\">Weiterlesen &#8230;<\/a><\/p>\n","protected":false},"featured_media":224426,"template":"","meta":{"_acf_changed":false,"_seopress_robots_primary_cat":"27173","_seopress_titles_title":"","_seopress_titles_desc":"Balmain Haute \u00c9l\u00e9gance Uhr: Feminine Eleganz, modernes Design, inspiriert von der Haute Couture, mit roter L\u00fcnette und Lederarmband.","_seopress_robots_index":""},"brand":[27083],"product_brand":[],"product_cat":[27173,27467,27123],"product_tag":[],"class_list":{"0":"post-221399","1":"product","2":"type-product","3":"status-publish","4":"has-post-thumbnail","6":"brand-balmain-de","7":"product_cat-balmain-de","8":"product_cat-haute-elegance-de","9":"product_cat-uhren","10":"pa_couleurduboitier-gelb-de","11":"pa_couleurdubracelet-rot-de","12":"pa_couleurducadran-silber","13":"pa_etancheite-30m-de","14":"pa_forme-runden","15":"pa_genre-frau","16":"pa_matiere-gelbgoldpvd","17":"pa_matierebraceletmontre-leder","18":"pa_mouvement-quarzbatterie-de","19":"pa_swissmade-ja-de","20":"pa_verre-saphir-de","21":"sales-flash-overlay","22":"woocommerce-text-align-center","23":"woocommerce-image-align-center","24":"do-quantity-buttons","26":"first","27":"instock","28":"taxable","29":"shipping-taxable","30":"purchasable","31":"product-type-simple"},"acf":[],"_links":{"self":[{"href":"https:\/\/lediamant.ch\/de\/wp-json\/wp\/v2\/product\/221399","targetHints":{"allow":["GET"]}}],"collection":[{"href":"https:\/\/lediamant.ch\/de\/wp-json\/wp\/v2\/product"}],"about":[{"href":"https:\/\/lediamant.ch\/de\/wp-json\/wp\/v2\/types\/product"}],"wp:featuredmedia":[{"embeddable":true,"href":"https:\/\/lediamant.ch\/de\/wp-json\/wp\/v2\/media\/224426"}],"wp:attachment":[{"href":"https:\/\/lediamant.ch\/de\/wp-json\/wp\/v2\/media?parent=221399"}],"wp:term":[{"taxonomy":"brand","embeddable":true,"href":"https:\/\/lediamant.ch\/de\/wp-json\/wp\/v2\/brand?post=221399"},{"taxonomy":"product_brand","embeddable":true,"href":"https:\/\/lediamant.ch\/de\/wp-json\/wp\/v2\/product_brand?post=221399"},{"taxonomy":"product_cat","embeddable":true,"href":"https:\/\/lediamant.ch\/de\/wp-json\/wp\/v2\/product_cat?post=221399"},{"taxonomy":"product_tag","embeddable":true,"href":"https:\/\/lediamant.ch\/de\/wp-json\/wp\/v2\/product_tag?post=221399"}],"curies":[{"name":"wp","href":"https:\/\/api.w.org\/{rel}","templated":true}]}}