{"id":221401,"date":"2025-09-29T11:36:40","date_gmt":"2025-09-29T09:36:40","guid":{"rendered":"https:\/\/lediamant.ch\/produit\/unkategorisiert\/balmainia-bijou-33-mm-4\/"},"modified":"2025-09-29T11:36:40","modified_gmt":"2025-09-29T09:36:40","slug":"balmainia-bijou-33-mm-4","status":"publish","type":"product","link":"https:\/\/lediamant.ch\/de\/produit\/montres\/balmain\/balmainia-bijou-33-mm-4\/","title":{"rendered":"Balmainia Schmuck | 33 mm"},"content":{"rendered":"<p>Die Balmain Balmainia Bijou ist eine anmutige Damenuhr, die Eleganz mit einem modernen Design verbindet, das von der Pariser Haute Couture inspiriert wurde. Das Zifferblatt mit einem spiegelgoldenen Muster und der Gravur &#8222;Balmain&#8220; verleiht der Uhr einen dynamischen Touch. Das 33 mm Geh\u00e4use aus Gelbgold PVD mit einer H\u00f6he von 6,25 mm und das blaue Kautschukarmband mit Spiegelmotiv bieten Raffinesse f\u00fcr den Alltag. Dieser in der Schweiz hergestellte Zeitmesser ist mit einem Saphirglas ausgestattet.   <\/p>\n","protected":false},"excerpt":{"rendered":"<p>Die Balmain Balmainia Bijou ist eine anmutige Damenuhr, die Eleganz mit einem modernen Design verbindet, das von der Pariser Haute Couture inspiriert wurde. Das Zifferblatt mit einem spiegelgoldenen Muster und der Gravur &#8222;Balmain&#8220; verleiht der Uhr einen dynamischen Touch. Das 33 mm Geh\u00e4use aus Gelbgold PVD mit einer H\u00f6he von 6,25 mm und das blaue &#8230; <a title=\"Balmainia Schmuck | 33 mm\" class=\"read-more\" href=\"https:\/\/lediamant.ch\/de\/produit\/montres\/balmain\/balmainia-bijou-33-mm-4\/\" aria-label=\"Mehr Informationen \u00fcber Balmainia Schmuck | 33 mm\">Weiterlesen &#8230;<\/a><\/p>\n","protected":false},"featured_media":225058,"template":"","meta":{"_acf_changed":false,"_seopress_robots_primary_cat":"27172","_seopress_titles_title":"","_seopress_titles_desc":"Bringen Sie Ihren Stil mit der Balmainia Bijou zum Ausdruck, einer Uhr, die Pariser Haute Couture, modernes Design und Eleganz miteinander verbindet.","_seopress_robots_index":""},"brand":[27083],"product_brand":[],"product_cat":[27173,27431,27123],"product_tag":[],"class_list":{"0":"post-221401","1":"product","2":"type-product","3":"status-publish","4":"has-post-thumbnail","6":"brand-balmain-de","7":"product_cat-balmain-de","8":"product_cat-balmainia-de","9":"product_cat-uhren","10":"pa_couleurducadran-gelb","11":"pa_etancheite-50m-de","12":"pa_forme-runden","13":"pa_genre-frau","14":"pa_matiere-gelbgoldpvd","15":"pa_matierebraceletmontre-kautschuk","16":"pa_mouvement-quarzbatterie-de","17":"pa_swissmade-ja-de","18":"pa_verre-saphir-de","19":"sales-flash-overlay","20":"woocommerce-text-align-center","21":"woocommerce-image-align-center","22":"do-quantity-buttons","24":"first","25":"instock","26":"taxable","27":"shipping-taxable","28":"purchasable","29":"product-type-simple"},"acf":[],"_links":{"self":[{"href":"https:\/\/lediamant.ch\/de\/wp-json\/wp\/v2\/product\/221401","targetHints":{"allow":["GET"]}}],"collection":[{"href":"https:\/\/lediamant.ch\/de\/wp-json\/wp\/v2\/product"}],"about":[{"href":"https:\/\/lediamant.ch\/de\/wp-json\/wp\/v2\/types\/product"}],"wp:featuredmedia":[{"embeddable":true,"href":"https:\/\/lediamant.ch\/de\/wp-json\/wp\/v2\/media\/225058"}],"wp:attachment":[{"href":"https:\/\/lediamant.ch\/de\/wp-json\/wp\/v2\/media?parent=221401"}],"wp:term":[{"taxonomy":"brand","embeddable":true,"href":"https:\/\/lediamant.ch\/de\/wp-json\/wp\/v2\/brand?post=221401"},{"taxonomy":"product_brand","embeddable":true,"href":"https:\/\/lediamant.ch\/de\/wp-json\/wp\/v2\/product_brand?post=221401"},{"taxonomy":"product_cat","embeddable":true,"href":"https:\/\/lediamant.ch\/de\/wp-json\/wp\/v2\/product_cat?post=221401"},{"taxonomy":"product_tag","embeddable":true,"href":"https:\/\/lediamant.ch\/de\/wp-json\/wp\/v2\/product_tag?post=221401"}],"curies":[{"name":"wp","href":"https:\/\/api.w.org\/{rel}","templated":true}]}}