{"id":221402,"date":"2025-09-29T11:51:40","date_gmt":"2025-09-29T09:51:40","guid":{"rendered":"https:\/\/lediamant.ch\/produit\/unkategorisiert\/balmain-classic-r-30-mm-diamonds\/"},"modified":"2025-09-29T11:51:40","modified_gmt":"2025-09-29T09:51:40","slug":"balmain-classic-r-30-mm-diamonds","status":"publish","type":"product","link":"https:\/\/lediamant.ch\/de\/uhren\/221402-balmain-classic-r-30-mm-diamonds-b41123185\/","title":{"rendered":"Balmain Classic R | 30 mm | diamonds"},"content":{"rendered":"<p>Die Balmain Classic R ist eine elegante Damenuhr, die k\u00fcnstlerischen Geist mit modernem Design verbindet, das von der Pariser Haute Couture inspiriert ist. Das Zifferblatt aus wei\u00dfem Perlmutt, besetzt mit acht Top Wesselton VS-SI Diamanten von insgesamt 0,030 Karat, und die klassischen r\u00f6mischen Ziffern verleihen der Uhr eine vibrierende Note. Das zweifarbige 30 mm Geh\u00e4use aus Edelstahl und Gelbgold PVD mit einem eleganten 6,50 mm Profil und dem passenden Armband bietet Raffinesse f\u00fcr jeden Tag. Dieser in der Schweiz hergestellte Zeitmesser ist mit einem Saphirglas ausgestattet.   <\/p>\n","protected":false},"excerpt":{"rendered":"<p>Die Balmain Classic R ist eine elegante Damenuhr, die k\u00fcnstlerischen Geist mit modernem Design verbindet, das von der Pariser Haute Couture inspiriert ist. Das Zifferblatt aus wei\u00dfem Perlmutt, besetzt mit acht Top Wesselton VS-SI Diamanten von insgesamt 0,030 Karat, und die klassischen r\u00f6mischen Ziffern verleihen der Uhr eine vibrierende Note. Das zweifarbige 30 mm Geh\u00e4use &#8230; <a title=\"Balmain Classic R | 30 mm | diamonds\" class=\"read-more\" href=\"https:\/\/lediamant.ch\/de\/uhren\/221402-balmain-classic-r-30-mm-diamonds-b41123185\/\" aria-label=\"Mehr Informationen \u00fcber Balmain Classic R | 30 mm | diamonds\">Weiterlesen &#8230;<\/a><\/p>\n","protected":false},"featured_media":225050,"template":"","meta":{"_acf_changed":false,"_seopress_robots_primary_cat":"27172","_seopress_titles_title":"","_seopress_titles_desc":"Eleganz und Haute Couture mit der Balmain Classic R, einer Damenuhr aus Perlmutt mit Diamanten, schickes zweifarbiges Design. Ein Muss f\u00fcr die t\u00e4gliche Eleganz. ","_seopress_robots_index":""},"brand":[27083],"product_brand":[],"product_cat":[27173,27433,27123],"product_tag":[],"class_list":{"0":"post-221402","1":"product","2":"type-product","3":"status-publish","4":"has-post-thumbnail","6":"brand-balmain-de","7":"product_cat-balmain-de","8":"product_cat-classic-r-de","9":"product_cat-uhren","10":"pa_couleurducadran-perlmutt","11":"pa_etancheite-50m-de","12":"pa_forme-runden","13":"pa_genre-frau","14":"pa_matiere-zweifarbigstahlgelbgoldpvd","15":"pa_matierebraceletmontre-edelstahl","16":"pa_mouvement-quarzbatterie-de","17":"pa_swissmade-ja-de","18":"pa_verre-saphir-de","19":"sales-flash-overlay","20":"woocommerce-text-align-center","21":"woocommerce-image-align-center","22":"do-quantity-buttons","24":"first","25":"instock","26":"taxable","27":"shipping-taxable","28":"purchasable","29":"product-type-simple"},"acf":[],"_links":{"self":[{"href":"https:\/\/lediamant.ch\/de\/wp-json\/wp\/v2\/product\/221402","targetHints":{"allow":["GET"]}}],"collection":[{"href":"https:\/\/lediamant.ch\/de\/wp-json\/wp\/v2\/product"}],"about":[{"href":"https:\/\/lediamant.ch\/de\/wp-json\/wp\/v2\/types\/product"}],"wp:featuredmedia":[{"embeddable":true,"href":"https:\/\/lediamant.ch\/de\/wp-json\/wp\/v2\/media\/225050"}],"wp:attachment":[{"href":"https:\/\/lediamant.ch\/de\/wp-json\/wp\/v2\/media?parent=221402"}],"wp:term":[{"taxonomy":"brand","embeddable":true,"href":"https:\/\/lediamant.ch\/de\/wp-json\/wp\/v2\/brand?post=221402"},{"taxonomy":"product_brand","embeddable":true,"href":"https:\/\/lediamant.ch\/de\/wp-json\/wp\/v2\/product_brand?post=221402"},{"taxonomy":"product_cat","embeddable":true,"href":"https:\/\/lediamant.ch\/de\/wp-json\/wp\/v2\/product_cat?post=221402"},{"taxonomy":"product_tag","embeddable":true,"href":"https:\/\/lediamant.ch\/de\/wp-json\/wp\/v2\/product_tag?post=221402"}],"curies":[{"name":"wp","href":"https:\/\/api.w.org\/{rel}","templated":true}]}}