{"id":221403,"date":"2025-09-29T11:39:40","date_gmt":"2025-09-29T09:39:40","guid":{"rendered":"https:\/\/lediamant.ch\/produit\/unkategorisiert\/balmainia-bijou-33-mm-5\/"},"modified":"2025-09-29T11:39:40","modified_gmt":"2025-09-29T09:39:40","slug":"balmainia-bijou-33-mm-5","status":"publish","type":"product","link":"https:\/\/lediamant.ch\/de\/produit\/montres\/balmain\/balmainia-bijou-33-mm-5\/","title":{"rendered":"Balmainia Schmuck | 33 mm"},"content":{"rendered":"<p>Die Balmain Balmainia Bijou ist eine kunstvolle Damenuhr, die zeitlose Eleganz mit einem modernen Design verbindet, das von der Pariser Haute Couture inspiriert ist. Das Zifferblatt mit einem goldenen Spiegelmotiv, die Gravur &#8222;Balmain&#8220; auf der L\u00fcnette und das minimalistische Design verleihen der Uhr eine raffinierte k\u00fcnstlerische Note. Das 33mm Gelbgold PVD Geh\u00e4use mit einem 6,25mm d\u00fcnnen Profil und das warmgelbe Kautschukarmband mit Spiegelmotiv bieten Raffinesse f\u00fcr den Alltag. Dieser in der Schweiz hergestellte Zeitmesser ist mit einem Saphirglas ausgestattet.   <\/p>\n","protected":false},"excerpt":{"rendered":"<p>Die Balmain Balmainia Bijou ist eine kunstvolle Damenuhr, die zeitlose Eleganz mit einem modernen Design verbindet, das von der Pariser Haute Couture inspiriert ist. Das Zifferblatt mit einem goldenen Spiegelmotiv, die Gravur &#8222;Balmain&#8220; auf der L\u00fcnette und das minimalistische Design verleihen der Uhr eine raffinierte k\u00fcnstlerische Note. Das 33mm Gelbgold PVD Geh\u00e4use mit einem 6,25mm &#8230; <a title=\"Balmainia Schmuck | 33 mm\" class=\"read-more\" href=\"https:\/\/lediamant.ch\/de\/produit\/montres\/balmain\/balmainia-bijou-33-mm-5\/\" aria-label=\"Mehr Informationen \u00fcber Balmainia Schmuck | 33 mm\">Weiterlesen &#8230;<\/a><\/p>\n","protected":false},"featured_media":225056,"template":"","meta":{"_acf_changed":false,"_seopress_robots_primary_cat":"27172","_seopress_titles_title":"","_seopress_titles_desc":"Entdecken Sie die Eleganz der Balmain Balmainia Bijou Uhr, mit ihrem Haute Couture Design und ihrem goldenen Glanz. Die perfekte Kombination aus Modernit\u00e4t und Tradition. ","_seopress_robots_index":""},"brand":[27083],"product_brand":[],"product_cat":[27173,27431,27123],"product_tag":[],"class_list":{"0":"post-221403","1":"product","2":"type-product","3":"status-publish","4":"has-post-thumbnail","6":"brand-balmain-de","7":"product_cat-balmain-de","8":"product_cat-balmainia-de","9":"product_cat-uhren","10":"pa_couleurducadran-gelb","11":"pa_etancheite-50m-de","12":"pa_forme-runden","13":"pa_genre-frau","14":"pa_matiere-gelbgoldpvd","15":"pa_matierebraceletmontre-kautschuk","16":"pa_mouvement-quarzbatterie-de","17":"pa_swissmade-ja-de","18":"pa_verre-saphir-de","19":"sales-flash-overlay","20":"woocommerce-text-align-center","21":"woocommerce-image-align-center","22":"do-quantity-buttons","24":"first","25":"instock","26":"taxable","27":"shipping-taxable","28":"purchasable","29":"product-type-simple"},"acf":[],"_links":{"self":[{"href":"https:\/\/lediamant.ch\/de\/wp-json\/wp\/v2\/product\/221403","targetHints":{"allow":["GET"]}}],"collection":[{"href":"https:\/\/lediamant.ch\/de\/wp-json\/wp\/v2\/product"}],"about":[{"href":"https:\/\/lediamant.ch\/de\/wp-json\/wp\/v2\/types\/product"}],"wp:featuredmedia":[{"embeddable":true,"href":"https:\/\/lediamant.ch\/de\/wp-json\/wp\/v2\/media\/225056"}],"wp:attachment":[{"href":"https:\/\/lediamant.ch\/de\/wp-json\/wp\/v2\/media?parent=221403"}],"wp:term":[{"taxonomy":"brand","embeddable":true,"href":"https:\/\/lediamant.ch\/de\/wp-json\/wp\/v2\/brand?post=221403"},{"taxonomy":"product_brand","embeddable":true,"href":"https:\/\/lediamant.ch\/de\/wp-json\/wp\/v2\/product_brand?post=221403"},{"taxonomy":"product_cat","embeddable":true,"href":"https:\/\/lediamant.ch\/de\/wp-json\/wp\/v2\/product_cat?post=221403"},{"taxonomy":"product_tag","embeddable":true,"href":"https:\/\/lediamant.ch\/de\/wp-json\/wp\/v2\/product_tag?post=221403"}],"curies":[{"name":"wp","href":"https:\/\/api.w.org\/{rel}","templated":true}]}}