{"id":221404,"date":"2025-09-29T11:54:40","date_gmt":"2025-09-29T09:54:40","guid":{"rendered":"https:\/\/lediamant.ch\/produit\/unkategorisiert\/balmain-classic-r-30-mm-2\/"},"modified":"2025-09-29T11:54:40","modified_gmt":"2025-09-29T09:54:40","slug":"balmain-classic-r-30-mm-2","status":"publish","type":"product","link":"https:\/\/lediamant.ch\/de\/uhren\/221404-balmain-classic-r-30-mm-2-b41183152\/","title":{"rendered":"Balmain Classic R | 30 mm"},"content":{"rendered":"<p>Die Balmain Classic R ist eine raffinierte Damenuhr, die k\u00fchne Eleganz mit einem modernen Design verbindet, das von der Pariser Haute Couture inspiriert ist. Das schokoladenbraune Zifferblatt und die klassischen r\u00f6mischen Ziffern verleihen der Uhr einen sanften und anmutigen Touch, w\u00e4hrend das zweifarbige 30mm Geh\u00e4use aus Edelstahl und PVD Ros\u00e9gold mit einem robusten 6,50mm Profil und einem passenden Armband f\u00fcr Raffinesse im Alltag sorgt. Dieser in der Schweiz hergestellte Zeitmesser ist mit einem Saphirglas ausgestattet.  <\/p>\n","protected":false},"excerpt":{"rendered":"<p>Die Balmain Classic R ist eine raffinierte Damenuhr, die k\u00fchne Eleganz mit einem modernen Design verbindet, das von der Pariser Haute Couture inspiriert ist. Das schokoladenbraune Zifferblatt und die klassischen r\u00f6mischen Ziffern verleihen der Uhr einen sanften und anmutigen Touch, w\u00e4hrend das zweifarbige 30mm Geh\u00e4use aus Edelstahl und PVD Ros\u00e9gold mit einem robusten 6,50mm Profil &#8230; <a title=\"Balmain Classic R | 30 mm\" class=\"read-more\" href=\"https:\/\/lediamant.ch\/de\/uhren\/221404-balmain-classic-r-30-mm-2-b41183152\/\" aria-label=\"Mehr Informationen \u00fcber Balmain Classic R | 30 mm\">Weiterlesen &#8230;<\/a><\/p>\n","protected":false},"featured_media":225048,"template":"","meta":{"_acf_changed":false,"_seopress_robots_primary_cat":"27172","_seopress_titles_title":"","_seopress_titles_desc":"Die Balmain Classic R: K\u00fchne Eleganz mit einem schokoladenbraunen Zifferblatt und einem Design, das von der Haute Couture inspiriert ist. T\u00e4gliche Raffinesse garantiert. ","_seopress_robots_index":""},"brand":[27083],"product_brand":[],"product_cat":[27173,27433,27123],"product_tag":[],"class_list":{"0":"post-221404","1":"product","2":"type-product","3":"status-publish","4":"has-post-thumbnail","6":"brand-balmain-de","7":"product_cat-balmain-de","8":"product_cat-classic-r-de","9":"product_cat-uhren","10":"pa_couleurducadran-braun","11":"pa_etancheite-50m-de","12":"pa_forme-runden","13":"pa_genre-frau","14":"pa_matiere-zweifarbigstahlrosegoldpvd","15":"pa_matierebraceletmontre-edelstahl","16":"pa_mouvement-quarzbatterie-de","17":"pa_swissmade-ja-de","18":"pa_verre-saphir-de","19":"sales-flash-overlay","20":"woocommerce-text-align-center","21":"woocommerce-image-align-center","22":"do-quantity-buttons","24":"first","25":"instock","26":"taxable","27":"shipping-taxable","28":"purchasable","29":"product-type-simple"},"acf":[],"_links":{"self":[{"href":"https:\/\/lediamant.ch\/de\/wp-json\/wp\/v2\/product\/221404","targetHints":{"allow":["GET"]}}],"collection":[{"href":"https:\/\/lediamant.ch\/de\/wp-json\/wp\/v2\/product"}],"about":[{"href":"https:\/\/lediamant.ch\/de\/wp-json\/wp\/v2\/types\/product"}],"wp:featuredmedia":[{"embeddable":true,"href":"https:\/\/lediamant.ch\/de\/wp-json\/wp\/v2\/media\/225048"}],"wp:attachment":[{"href":"https:\/\/lediamant.ch\/de\/wp-json\/wp\/v2\/media?parent=221404"}],"wp:term":[{"taxonomy":"brand","embeddable":true,"href":"https:\/\/lediamant.ch\/de\/wp-json\/wp\/v2\/brand?post=221404"},{"taxonomy":"product_brand","embeddable":true,"href":"https:\/\/lediamant.ch\/de\/wp-json\/wp\/v2\/product_brand?post=221404"},{"taxonomy":"product_cat","embeddable":true,"href":"https:\/\/lediamant.ch\/de\/wp-json\/wp\/v2\/product_cat?post=221404"},{"taxonomy":"product_tag","embeddable":true,"href":"https:\/\/lediamant.ch\/de\/wp-json\/wp\/v2\/product_tag?post=221404"}],"curies":[{"name":"wp","href":"https:\/\/api.w.org\/{rel}","templated":true}]}}