{"id":221405,"date":"2025-09-29T11:57:40","date_gmt":"2025-09-29T09:57:40","guid":{"rendered":"https:\/\/lediamant.ch\/produit\/unkategorisiert\/balmain-classic-r-30-mm-diamonds-2\/"},"modified":"2026-01-23T17:54:22","modified_gmt":"2026-01-23T16:54:22","slug":"balmain-classic-r-30-mm-diamonds-2","status":"publish","type":"product","link":"https:\/\/lediamant.ch\/de\/uhren\/221405-balmain-classic-r-30-mm-diamonds-2-b41183185\/","title":{"rendered":"Balmain Classic R Diamonds 30mm"},"content":{"rendered":"<p>Die Balmain Classic R ist eine raffinierte Damenuhr, die Eleganz mit einem modernen Design verbindet, das von der Pariser Haute Couture inspiriert ist. Das Zifferblatt aus wei\u00dfem Perlmutt, besetzt mit 8 Top Wesselton VS-SI Diamanten von insgesamt 0,030 Karat, und die klassischen r\u00f6mischen Ziffern verleihen der Uhr einen eleganten Touch. Das 30 mm Geh\u00e4use aus zweifarbigem Edelstahl und PVD Ros\u00e9gold mit einem eleganten 6,50 mm Profil und dem passenden Armband bietet einen unbestreitbaren Charme f\u00fcr den Alltag. Dieser in der Schweiz hergestellte Zeitmesser ist mit einem Saphirglas ausgestattet.   <\/p>\n","protected":false},"excerpt":{"rendered":"<p>Die Balmain Classic R ist eine raffinierte Damenuhr, die Eleganz mit einem modernen Design verbindet, das von der Pariser Haute Couture inspiriert ist. Das Zifferblatt aus wei\u00dfem Perlmutt, besetzt mit 8 Top Wesselton VS-SI Diamanten von insgesamt 0,030 Karat, und die klassischen r\u00f6mischen Ziffern verleihen der Uhr einen eleganten Touch. Das 30 mm Geh\u00e4use aus &#8230; <a title=\"Balmain Classic R Diamonds 30mm\" class=\"read-more\" href=\"https:\/\/lediamant.ch\/de\/uhren\/221405-balmain-classic-r-30-mm-diamonds-2-b41183185\/\" aria-label=\"Mehr Informationen \u00fcber Balmain Classic R Diamonds 30mm\">Weiterlesen &#8230;<\/a><\/p>\n","protected":false},"featured_media":225046,"template":"","meta":{"_acf_changed":false,"_seopress_robots_primary_cat":"27172","_seopress_titles_title":"","_seopress_titles_desc":"Eleganz und Modernit\u00e4t treffen sich in der Balmain Classic R Uhr mit ihrem diamantbesetzten Zifferblatt und dem von der Haute Couture inspirierten Design.","_seopress_robots_index":""},"brand":[27083],"product_brand":[],"product_cat":[27173,27433,27123],"product_tag":[],"class_list":{"0":"post-221405","1":"product","2":"type-product","3":"status-publish","4":"has-post-thumbnail","6":"brand-balmain-de","7":"product_cat-balmain-de","8":"product_cat-classic-r-de","9":"product_cat-uhren","10":"pa_couleurducadran-perlmutt","11":"pa_etancheite-50m-de","12":"pa_forme-runden","13":"pa_genre-frau","14":"pa_matiere-zweifarbigstahlrosegoldpvd","15":"pa_matierebraceletmontre-edelstahl","16":"pa_mouvement-quarzbatterie-de","17":"pa_swissmade-ja-de","18":"pa_verre-saphir-de","19":"sales-flash-overlay","20":"woocommerce-text-align-center","21":"woocommerce-image-align-center","22":"do-quantity-buttons","24":"first","25":"instock","26":"taxable","27":"shipping-taxable","28":"purchasable","29":"product-type-simple"},"acf":[],"_links":{"self":[{"href":"https:\/\/lediamant.ch\/de\/wp-json\/wp\/v2\/product\/221405","targetHints":{"allow":["GET"]}}],"collection":[{"href":"https:\/\/lediamant.ch\/de\/wp-json\/wp\/v2\/product"}],"about":[{"href":"https:\/\/lediamant.ch\/de\/wp-json\/wp\/v2\/types\/product"}],"wp:featuredmedia":[{"embeddable":true,"href":"https:\/\/lediamant.ch\/de\/wp-json\/wp\/v2\/media\/225046"}],"wp:attachment":[{"href":"https:\/\/lediamant.ch\/de\/wp-json\/wp\/v2\/media?parent=221405"}],"wp:term":[{"taxonomy":"brand","embeddable":true,"href":"https:\/\/lediamant.ch\/de\/wp-json\/wp\/v2\/brand?post=221405"},{"taxonomy":"product_brand","embeddable":true,"href":"https:\/\/lediamant.ch\/de\/wp-json\/wp\/v2\/product_brand?post=221405"},{"taxonomy":"product_cat","embeddable":true,"href":"https:\/\/lediamant.ch\/de\/wp-json\/wp\/v2\/product_cat?post=221405"},{"taxonomy":"product_tag","embeddable":true,"href":"https:\/\/lediamant.ch\/de\/wp-json\/wp\/v2\/product_tag?post=221405"}],"curies":[{"name":"wp","href":"https:\/\/api.w.org\/{rel}","templated":true}]}}