{"id":221406,"date":"2025-09-29T12:12:40","date_gmt":"2025-09-29T10:12:40","guid":{"rendered":"https:\/\/lediamant.ch\/produit\/unkategorisiert\/balmain-beleganza-32-mm-3\/"},"modified":"2026-01-28T18:14:27","modified_gmt":"2026-01-28T17:14:27","slug":"balmain-beleganza-32-mm-3","status":"publish","type":"product","link":"https:\/\/lediamant.ch\/de\/uhren\/221406-balmain-beleganza-32-mm-3-b83523918\/","title":{"rendered":"Balmain Beleganza 32mm"},"content":{"rendered":"<p>Die Balmain Beleganza ist eine kunstvolle Damenuhr, die zeitlosen Stil mit modernem Design verbindet, das von der Pariser Haute Couture inspiriert wurde. Das Zifferblatt mit wei\u00dfen Arabesken und klassischen r\u00f6mischen Ziffern verleiht der Uhr einen selbstbewussten Touch. Das zweifarbige 32 mm Geh\u00e4use aus Edelstahl und PVD Gelbgold mit einem eleganten 6,27 mm Profil und einem passenden Armband bietet Eleganz f\u00fcr den Alltag. Dieser in der Schweiz hergestellte Zeitmesser ist mit einem Saphirglas ausgestattet.<\/p>\n","protected":false},"excerpt":{"rendered":"<p>Die Balmain Beleganza ist eine kunstvolle Damenuhr, die zeitlosen Stil mit modernem Design verbindet, das von der Pariser Haute Couture inspiriert wurde. Das Zifferblatt mit wei\u00dfen Arabesken und klassischen r\u00f6mischen Ziffern verleiht der Uhr einen selbstbewussten Touch. Das zweifarbige 32 mm Geh\u00e4use aus Edelstahl und PVD Gelbgold mit einem eleganten 6,27 mm Profil und einem &#8230; <a title=\"Balmain Beleganza 32mm\" class=\"read-more\" href=\"https:\/\/lediamant.ch\/de\/uhren\/221406-balmain-beleganza-32-mm-3-b83523918\/\" aria-label=\"Mehr Informationen \u00fcber Balmain Beleganza 32mm\">Weiterlesen &#8230;<\/a><\/p>\n","protected":false},"featured_media":225029,"template":"","meta":{"_acf_changed":false,"_seopress_robots_primary_cat":"27173","_seopress_titles_title":"","_seopress_titles_desc":"Entdecken Sie die Eleganz der Balmain Beleganza, eine perfekte Verschmelzung des Pariser Haute Couture Stils mit modernem Design. Ein Muss f\u00fcr jeden Luxus.","_seopress_robots_index":""},"brand":[27083],"product_brand":[],"product_cat":[27173,27399,27123],"product_tag":[],"class_list":{"0":"post-221406","1":"product","2":"type-product","3":"status-publish","4":"has-post-thumbnail","6":"brand-balmain-de","7":"product_cat-balmain-de","8":"product_cat-beleganza-de","9":"product_cat-uhren","10":"pa_couleurducadran-silber","11":"pa_etancheite-30m-de","12":"pa_forme-runden","13":"pa_genre-frau","14":"pa_matiere-zweifarbigstahlgelbgoldpvd","15":"pa_matierebraceletmontre-edelstahl","16":"pa_mouvement-quarzbatterie-de","17":"pa_swissmade-ja-de","18":"pa_verre-saphir-de","19":"sales-flash-overlay","20":"woocommerce-text-align-center","21":"woocommerce-image-align-center","22":"do-quantity-buttons","24":"first","25":"instock","26":"taxable","27":"shipping-taxable","28":"purchasable","29":"product-type-simple"},"acf":[],"_links":{"self":[{"href":"https:\/\/lediamant.ch\/de\/wp-json\/wp\/v2\/product\/221406","targetHints":{"allow":["GET"]}}],"collection":[{"href":"https:\/\/lediamant.ch\/de\/wp-json\/wp\/v2\/product"}],"about":[{"href":"https:\/\/lediamant.ch\/de\/wp-json\/wp\/v2\/types\/product"}],"wp:featuredmedia":[{"embeddable":true,"href":"https:\/\/lediamant.ch\/de\/wp-json\/wp\/v2\/media\/225029"}],"wp:attachment":[{"href":"https:\/\/lediamant.ch\/de\/wp-json\/wp\/v2\/media?parent=221406"}],"wp:term":[{"taxonomy":"brand","embeddable":true,"href":"https:\/\/lediamant.ch\/de\/wp-json\/wp\/v2\/brand?post=221406"},{"taxonomy":"product_brand","embeddable":true,"href":"https:\/\/lediamant.ch\/de\/wp-json\/wp\/v2\/product_brand?post=221406"},{"taxonomy":"product_cat","embeddable":true,"href":"https:\/\/lediamant.ch\/de\/wp-json\/wp\/v2\/product_cat?post=221406"},{"taxonomy":"product_tag","embeddable":true,"href":"https:\/\/lediamant.ch\/de\/wp-json\/wp\/v2\/product_tag?post=221406"}],"curies":[{"name":"wp","href":"https:\/\/api.w.org\/{rel}","templated":true}]}}